{"id":1859,"date":"2025-06-01T09:00:41","date_gmt":"2025-06-01T07:00:41","guid":{"rendered":"https:\/\/profmontaz.cz\/velkoobchod\/?post_type=product&#038;p=1859"},"modified":"2025-11-14T14:17:48","modified_gmt":"2025-11-14T13:17:48","slug":"navazec-krank-bait-rigs-8-8%d1%81m-25lb-115%d0%bag-3-ks-bal5bal-1bal","status":"publish","type":"product","link":"https:\/\/profmontaz.cz\/velkoobchod\/produkt\/navazec-krank-bait-rigs-8-8%d1%81m-25lb-115%d0%bag-3-ks-bal5bal-1bal\/","title":{"rendered":"N\u00e1vazec KRANK BAIT RIGS #8 (25Lb\/11,5\u043ag)"},"content":{"rendered":"<div class=\"wpb-content-wrapper\"><p>[vc_row][vc_column]\t\t<div id=\"wd-683bfac1a246a\" class=\"wd-text-block wd-wpb reset-last-child wd-rs-683bfac1a246a text-center vc_custom_1748761298497\">\n\t\t\t<p>Hotov\u00fd bojlov\u00fd n\u00e1vazec KRANK BAIT RIGS \u2013 vybaven\u00fd obl\u00edben\u00fdm modelem h\u00e1\u010dku KRANK. H\u00e1\u010dek je vyr\u00e1b\u011bn na zak\u00e1zku v tov\u00e1rn\u011b Kumho (Korea) a vyzna\u010duje se v\u00fdjime\u010dnou ostrost\u00ed a spolehlivost\u00ed. Speci\u00e1ln\u00ed PTFE povlak spolehliv\u011b chr\u00e1n\u00ed h\u00e1\u010dek p\u0159ed koroz\u00ed a pom\u00e1h\u00e1 mu z\u016fstat ostr\u00fd po dlouhou dobu. Zvl\u00e1\u0161tn\u00ed zak\u0159iven\u00fd tvar h\u00e1\u010dku zaji\u0161\u0165uje nejen vynikaj\u00edc\u00ed realizaci z\u00e1b\u011br\u016f, ale tak\u00e9 spolehliv\u00e9 dr\u017een\u00ed ryby b\u011bhem cel\u00e9ho procesu vytahov\u00e1n\u00ed. Vlasec KRANK BAIT RIGS je vhodn\u00fd pro v\u0161echny typy n\u00e1vnad: pop-upy, boilery, waftery, vyv\u00e1\u017een\u00e9 n\u00e1vnady (balance), imitace kuku\u0159ice atd. Vlasec je vyroben z kvalitn\u00edho, m\u011bkk\u00e9ho vlascov\u00e9ho materi\u00e1lu Climax (N\u011bmecko) s p\u0159etr\u017enou z\u00e1t\u011b\u017e\u00ed 25 lb.<\/p>\n\t\t<\/div>\n\t\t[\/vc_column][\/vc_row][vc_row][vc_column][vc_column_text css=&#8220;&#8220; woodmart_inline=&#8220;no&#8220; text_larger=&#8220;no&#8220;]<\/p>\n<p>[\/vc_column_text][\/vc_column][\/vc_row]<\/p>\n<\/div>","protected":false},"excerpt":{"rendered":"<p>[vc_row][vc_column][\/vc_column][\/vc_row][vc_row][vc_column][vc_column_text css=&#8220;&#8220; woodmart_inline=&#8220;no&#8220; text_larger=&#8220;no&#8220;] [\/vc_column_text][\/vc_column][\/vc_row]<\/p>\n","protected":false},"featured_media":1870,"template":"","meta":[],"product_brand":[64],"product_cat":[105,104],"product_tag":[],"class_list":{"0":"post-1859","1":"product","2":"type-product","3":"status-publish","4":"has-post-thumbnail","6":"product_brand-profmontaz","7":"product_cat-hotove-navazce","8":"product_cat-hotove-navazce-a-montaze","10":"first","11":"instock","12":"taxable","13":"shipping-taxable","14":"purchasable","15":"product-type-variable"},"_links":{"self":[{"href":"https:\/\/profmontaz.cz\/velkoobchod\/wp-json\/wp\/v2\/product\/1859","targetHints":{"allow":["GET"]}}],"collection":[{"href":"https:\/\/profmontaz.cz\/velkoobchod\/wp-json\/wp\/v2\/product"}],"about":[{"href":"https:\/\/profmontaz.cz\/velkoobchod\/wp-json\/wp\/v2\/types\/product"}],"wp:featuredmedia":[{"embeddable":true,"href":"https:\/\/profmontaz.cz\/velkoobchod\/wp-json\/wp\/v2\/media\/1870"}],"wp:attachment":[{"href":"https:\/\/profmontaz.cz\/velkoobchod\/wp-json\/wp\/v2\/media?parent=1859"}],"wp:term":[{"taxonomy":"product_brand","embeddable":true,"href":"https:\/\/profmontaz.cz\/velkoobchod\/wp-json\/wp\/v2\/product_brand?post=1859"},{"taxonomy":"product_cat","embeddable":true,"href":"https:\/\/profmontaz.cz\/velkoobchod\/wp-json\/wp\/v2\/product_cat?post=1859"},{"taxonomy":"product_tag","embeddable":true,"href":"https:\/\/profmontaz.cz\/velkoobchod\/wp-json\/wp\/v2\/product_tag?post=1859"}],"curies":[{"name":"wp","href":"https:\/\/api.w.org\/{rel}","templated":true}]}}