{"id":1881,"date":"2025-06-01T12:06:32","date_gmt":"2025-06-01T10:06:32","guid":{"rendered":"https:\/\/profmontaz.cz\/velkoobchod\/?post_type=product&#038;p=1881"},"modified":"2025-11-14T14:21:01","modified_gmt":"2025-11-14T13:21:01","slug":"navazec-s-protihrotem-bait-spike-rigs-8-10%d1%81m-25lb-115%d0%bag-3-ks-bal5bal-1bal","status":"publish","type":"product","link":"https:\/\/profmontaz.cz\/velkoobchod\/produkt\/navazec-s-protihrotem-bait-spike-rigs-8-10%d1%81m-25lb-115%d0%bag-3-ks-bal5bal-1bal\/","title":{"rendered":"N\u00e1vazec s protihrotem Bait Spike Rigs #8"},"content":{"rendered":"<div class=\"wpb-content-wrapper\"><p>[vc_row][vc_column]\t\t<div id=\"wd-68f7628604392\" class=\"wd-text-block wd-wpb reset-last-child wd-rs-68f7628604392 text-center vc_custom_1761043087950\">\n\t\t\t<p style=\"text-align: left;\">Kapra\u0159sk\u00e9 vod\u00edtko s jehlou Bait Spike Rigs #8, L-10cm (3ks) &#8211; umo\u017e\u0148uje rychl\u00e9 a spolehliv\u00e9 upevn\u011bn\u00ed n\u00e1strahy: pop-up, n\u00e1vnady, oplatky, imitace kuku\u0159ice a dal\u0161\u00ed n\u00e1strahy. N\u00e1vazce jsou vyrobeny na kvalitn\u00edm n\u00e1vazcov\u00e9m materi\u00e1lu Climax (N\u011bmecko) s p\u0159etr\u017eitelnost\u00ed 25Lb. Vod\u00edtka jsou vybavena jehlou 10mm, v\u00fdborn\u011b se hod\u00ed pro n\u00e1strahy o pr\u016fm\u011bru 8 -14mm. Kvalitn\u00ed h\u00e1\u010dky Kumho (Korea) kaprov\u00e9 \u0159ady Wide Gape zaji\u0161\u0165uj\u00ed vynikaj\u00edc\u00ed zaseknut\u00ed ryby a bezpe\u010dn\u00e9 dr\u017een\u00ed ryby v n\u00e1vazci.<\/p>\n\t\t<\/div>\n\t\t[\/vc_column][\/vc_row][vc_row][vc_column][vc_column_text css=&#8220;&#8220; woodmart_inline=&#8220;no&#8220; text_larger=&#8220;no&#8220;]<\/p>\n<p>[\/vc_column_text][\/vc_column][\/vc_row]<\/p>\n<\/div>","protected":false},"excerpt":{"rendered":"<p>[vc_row][vc_column][\/vc_column][\/vc_row][vc_row][vc_column][vc_column_text css=&#8220;&#8220; woodmart_inline=&#8220;no&#8220; text_larger=&#8220;no&#8220;] [\/vc_column_text][\/vc_column][\/vc_row]<\/p>\n","protected":false},"featured_media":1905,"template":"","meta":[],"product_brand":[64],"product_cat":[105,104],"product_tag":[],"class_list":{"0":"post-1881","1":"product","2":"type-product","3":"status-publish","4":"has-post-thumbnail","6":"product_brand-profmontaz","7":"product_cat-hotove-navazce","8":"product_cat-hotove-navazce-a-montaze","10":"first","11":"instock","12":"taxable","13":"shipping-taxable","14":"purchasable","15":"product-type-variable"},"_links":{"self":[{"href":"https:\/\/profmontaz.cz\/velkoobchod\/wp-json\/wp\/v2\/product\/1881","targetHints":{"allow":["GET"]}}],"collection":[{"href":"https:\/\/profmontaz.cz\/velkoobchod\/wp-json\/wp\/v2\/product"}],"about":[{"href":"https:\/\/profmontaz.cz\/velkoobchod\/wp-json\/wp\/v2\/types\/product"}],"wp:featuredmedia":[{"embeddable":true,"href":"https:\/\/profmontaz.cz\/velkoobchod\/wp-json\/wp\/v2\/media\/1905"}],"wp:attachment":[{"href":"https:\/\/profmontaz.cz\/velkoobchod\/wp-json\/wp\/v2\/media?parent=1881"}],"wp:term":[{"taxonomy":"product_brand","embeddable":true,"href":"https:\/\/profmontaz.cz\/velkoobchod\/wp-json\/wp\/v2\/product_brand?post=1881"},{"taxonomy":"product_cat","embeddable":true,"href":"https:\/\/profmontaz.cz\/velkoobchod\/wp-json\/wp\/v2\/product_cat?post=1881"},{"taxonomy":"product_tag","embeddable":true,"href":"https:\/\/profmontaz.cz\/velkoobchod\/wp-json\/wp\/v2\/product_tag?post=1881"}],"curies":[{"name":"wp","href":"https:\/\/api.w.org\/{rel}","templated":true}]}}