{"id":1906,"date":"2025-06-01T12:24:39","date_gmt":"2025-06-01T10:24:39","guid":{"rendered":"https:\/\/profmontaz.cz\/velkoobchod\/?post_type=product&#038;p=1906"},"modified":"2025-11-14T14:25:50","modified_gmt":"2025-11-14T13:25:50","slug":"navazec-wide-gape-8-8%d1%81m-25lb-115%d0%bag-3-ks-bal5bal-1multibal","status":"publish","type":"product","link":"https:\/\/profmontaz.cz\/velkoobchod\/produkt\/navazec-wide-gape-8-8%d1%81m-25lb-115%d0%bag-3-ks-bal5bal-1multibal\/","title":{"rendered":"N\u00e1vazec Wide Gape #8 (25Lb\/11,5\u043ag)"},"content":{"rendered":"<div class=\"wpb-content-wrapper\"><p>[vc_row][vc_column]\t\t<div id=\"wd-683c2a897616b\" class=\"wd-text-block wd-wpb reset-last-child wd-rs-683c2a897616b text-center vc_custom_1748773543208\">\n\t\t\t<p>Kaprov\u00e9 vod\u00edtko X-Strong Carp 25LB\/11,5kg. D-8\/10\/12\/15 cm. H\u00e1\u010dek \u010d. 8 (3ks) &#8211; p\u0159ipraven\u00e9 kaprov\u00e9 vod\u00edtko, vyroben\u00e9 z kvalitn\u00edho materi\u00e1lu Climax (N\u011bmecko) s p\u0159etr\u017een\u00edm 25Lb. Kvalitn\u00ed h\u00e1\u010dky Kumho (Korea) kaprov\u00e9 \u0159ady zaji\u0161\u0165uj\u00ed vynikaj\u00edc\u00ed zaseknut\u00ed ryby a jej\u00ed bezpe\u010dn\u00e9 udr\u017een\u00ed na tahu. Vlasov\u00fd n\u00e1vazec v\u00fdrazn\u011b roz\u0161i\u0159uje mo\u017en\u00fd v\u00fdb\u011br n\u00e1strah: n\u00e1vnady, pop-upy, pelety, hr\u00e1\u0161ek, kuku\u0159ice atd.<\/p>\n\t\t<\/div>\n\t\t[\/vc_column][\/vc_row][vc_row][vc_column][vc_column_text css=&#8220;&#8220; woodmart_inline=&#8220;no&#8220; text_larger=&#8220;no&#8220;]<\/p>\n<p>[\/vc_column_text][\/vc_column][\/vc_row]<\/p>\n<\/div>","protected":false},"excerpt":{"rendered":"<p>[vc_row][vc_column][\/vc_column][\/vc_row][vc_row][vc_column][vc_column_text css=&#8220;&#8220; woodmart_inline=&#8220;no&#8220; text_larger=&#8220;no&#8220;] [\/vc_column_text][\/vc_column][\/vc_row]<\/p>\n","protected":false},"featured_media":1922,"template":"","meta":[],"product_brand":[64],"product_cat":[105,104],"product_tag":[],"class_list":{"0":"post-1906","1":"product","2":"type-product","3":"status-publish","4":"has-post-thumbnail","6":"product_brand-profmontaz","7":"product_cat-hotove-navazce","8":"product_cat-hotove-navazce-a-montaze","10":"first","11":"instock","12":"taxable","13":"shipping-taxable","14":"purchasable","15":"product-type-variable"},"_links":{"self":[{"href":"https:\/\/profmontaz.cz\/velkoobchod\/wp-json\/wp\/v2\/product\/1906","targetHints":{"allow":["GET"]}}],"collection":[{"href":"https:\/\/profmontaz.cz\/velkoobchod\/wp-json\/wp\/v2\/product"}],"about":[{"href":"https:\/\/profmontaz.cz\/velkoobchod\/wp-json\/wp\/v2\/types\/product"}],"wp:featuredmedia":[{"embeddable":true,"href":"https:\/\/profmontaz.cz\/velkoobchod\/wp-json\/wp\/v2\/media\/1922"}],"wp:attachment":[{"href":"https:\/\/profmontaz.cz\/velkoobchod\/wp-json\/wp\/v2\/media?parent=1906"}],"wp:term":[{"taxonomy":"product_brand","embeddable":true,"href":"https:\/\/profmontaz.cz\/velkoobchod\/wp-json\/wp\/v2\/product_brand?post=1906"},{"taxonomy":"product_cat","embeddable":true,"href":"https:\/\/profmontaz.cz\/velkoobchod\/wp-json\/wp\/v2\/product_cat?post=1906"},{"taxonomy":"product_tag","embeddable":true,"href":"https:\/\/profmontaz.cz\/velkoobchod\/wp-json\/wp\/v2\/product_tag?post=1906"}],"curies":[{"name":"wp","href":"https:\/\/api.w.org\/{rel}","templated":true}]}}