{"id":1952,"date":"2025-06-01T12:59:11","date_gmt":"2025-06-01T10:59:11","guid":{"rendered":"https:\/\/profmontaz.cz\/velkoobchod\/?post_type=product&#038;p=1952"},"modified":"2025-11-14T18:02:40","modified_gmt":"2025-11-14T17:02:40","slug":"hotova-montaz-karp-flat-10-kusu-bal-30g","status":"publish","type":"product","link":"https:\/\/profmontaz.cz\/velkoobchod\/produkt\/hotova-montaz-karp-flat-10-kusu-bal-30g\/","title":{"rendered":"Flat mont\u00e1\u017e Romanian Darts"},"content":{"rendered":"<div class=\"wpb-content-wrapper\"><p>[vc_row][vc_column]\t\t<div id=\"wd-68ffa77516cc0\" class=\"wd-text-block wd-wpb reset-last-child wd-rs-68ffa77516cc0 text-center vc_custom_1761585101193\">\n\t\t\t<p style=\"text-align: left;\" data-start=\"208\" data-end=\"569\">Hotov\u00e1 <strong data-start=\"237\" data-end=\"267\">flat mont\u00e1\u017e Romanian Darts<\/strong> vynik\u00e1 <strong data-start=\"275\" data-end=\"308\">skv\u011bl\u00fdmi letov\u00fdmi vlastnostmi<\/strong> a <strong data-start=\"311\" data-end=\"343\">vysokou p\u0159esnost\u00ed p\u0159i n\u00e1hozu<\/strong>.<br data-start=\"344\" data-end=\"347\" \/>D\u00edky pou\u017eit\u00ed <strong data-start=\"360\" data-end=\"396\">stabiliza\u010dn\u00ed trubi\u010dky a koncovky<\/strong> let\u00ed tato mont\u00e1\u017e v pr\u016fm\u011bru <strong data-start=\"424\" data-end=\"438\">o 20 % d\u00e1l<\/strong> ne\u017e b\u011b\u017en\u00e9 flat mont\u00e1\u017ee.<br data-start=\"462\" data-end=\"465\" \/>Nav\u00edc <strong data-start=\"471\" data-end=\"506\">dut\u00e1 trubi\u010dka se stabiliz\u00e1torem<\/strong> zabra\u0148uje tomu, aby se mont\u00e1\u017e <strong data-start=\"537\" data-end=\"566\">pono\u0159ila hluboko do bahna<\/strong>.<\/p>\n<p style=\"text-align: left;\" data-start=\"571\" data-end=\"976\">Cel\u00e1 sestava je nav\u00e1z\u00e1na na <strong data-start=\"599\" data-end=\"627\">kvalitn\u00edm leadcoru 45 LB<\/strong>, kter\u00fd br\u00e1n\u00ed <strong data-start=\"641\" data-end=\"664\">p\u0159ekroucen\u00ed mont\u00e1\u017ee<\/strong>, <strong data-start=\"666\" data-end=\"697\">neporan\u00ed rybu p\u0159i zdol\u00e1v\u00e1n\u00ed<\/strong> a z\u00e1rove\u0148 <strong data-start=\"708\" data-end=\"752\">chr\u00e1n\u00ed proti po\u0161kozen\u00ed o kameny \u010di mu\u0161le<\/strong>.<br data-start=\"753\" data-end=\"756\" \/>Mont\u00e1\u017e je osazena <strong data-start=\"774\" data-end=\"828\">jedn\u00edm spolehliv\u00fdm a ostr\u00fdm h\u00e1\u010dkem typu KRANK \u010d. 8<\/strong>, kter\u00fd zaru\u010duje <strong data-start=\"845\" data-end=\"873\">vysokou \u00fasp\u011b\u0161nost z\u00e1seku<\/strong> a <strong data-start=\"876\" data-end=\"897\">jist\u00e9 dr\u017een\u00ed ryby<\/strong> b\u011bhem zdol\u00e1v\u00e1n\u00ed.<br data-start=\"914\" data-end=\"917\" \/>H\u00e1\u010dek je uv\u00e1z\u00e1n na <strong data-start=\"936\" data-end=\"973\">n\u00e1vazcov\u00e9m materi\u00e1lu Climax 25 LB<\/strong>.<\/p>\n<p style=\"text-align: left;\" data-start=\"978\" data-end=\"1220\"><strong data-start=\"978\" data-end=\"996\">Vlasov\u00fd p\u0159\u00edv\u011bs<\/strong> je ur\u010den pro n\u00e1strahy o pr\u016fm\u011bru <strong data-start=\"1029\" data-end=\"1040\">8\u201310 mm<\/strong>, s mo\u017enost\u00ed roz\u0161\u00ed\u0159en\u00ed a\u017e na <strong data-start=\"1069\" data-end=\"1078\">14 mm<\/strong> pomoc\u00ed <strong data-start=\"1086\" data-end=\"1110\">zar\u00e1\u017eek\u2013prodlu\u017eova\u010d\u016f<\/strong>.<br data-start=\"1111\" data-end=\"1114\" \/>Velikost <strong data-start=\"1123\" data-end=\"1139\">flat krm\u00edtka<\/strong> je <strong data-start=\"1143\" data-end=\"1157\">55 \u00d7 27 mm<\/strong> a je pln\u011b kompatibiln\u00ed se <strong data-start=\"1184\" data-end=\"1217\">standardn\u00ed formou ProfMontazh<\/strong>.<\/p>\n<p style=\"text-align: left;\" data-start=\"1222\" data-end=\"1405\">Tato <strong data-start=\"1227\" data-end=\"1265\">kaprov\u00e1 flat mont\u00e1\u017e Romanian Darts<\/strong> je ide\u00e1ln\u00ed volbou pro lov <strong data-start=\"1292\" data-end=\"1324\">opatrn\u00fdch a trofejn\u00edch kapr\u016f<\/strong>, kdy je pot\u0159eba <strong data-start=\"1341\" data-end=\"1366\">dlouh\u00fd a p\u0159esn\u00fd n\u00e1hoz<\/strong> k dosa\u017een\u00ed t\u011bch nejlep\u0161\u00edch v\u00fdsledk\u016f.<\/p>\n\t\t<\/div>\n\t\t[\/vc_column][\/vc_row][vc_row][vc_column][vc_column_text css=&#8220;&#8220; woodmart_inline=&#8220;no&#8220; text_larger=&#8220;no&#8220;]<\/p>\n<p>[\/vc_column_text][\/vc_column][\/vc_row]<\/p>\n<\/div>","protected":false},"excerpt":{"rendered":"<p>[vc_row][vc_column][\/vc_column][\/vc_row][vc_row][vc_column][vc_column_text css=&#8220;&#8220; woodmart_inline=&#8220;no&#8220; text_larger=&#8220;no&#8220;] [\/vc_column_text][\/vc_column][\/vc_row]<\/p>\n","protected":false},"featured_media":4130,"template":"","meta":[],"product_brand":[64],"product_cat":[107,104],"product_tag":[],"class_list":{"0":"post-1952","1":"product","2":"type-product","3":"status-publish","4":"has-post-thumbnail","6":"product_brand-profmontaz","7":"product_cat-hotove-montaze","8":"product_cat-hotove-navazce-a-montaze","10":"first","11":"instock","12":"taxable","13":"shipping-taxable","14":"purchasable","15":"product-type-variable"},"_links":{"self":[{"href":"https:\/\/profmontaz.cz\/velkoobchod\/wp-json\/wp\/v2\/product\/1952","targetHints":{"allow":["GET"]}}],"collection":[{"href":"https:\/\/profmontaz.cz\/velkoobchod\/wp-json\/wp\/v2\/product"}],"about":[{"href":"https:\/\/profmontaz.cz\/velkoobchod\/wp-json\/wp\/v2\/types\/product"}],"wp:featuredmedia":[{"embeddable":true,"href":"https:\/\/profmontaz.cz\/velkoobchod\/wp-json\/wp\/v2\/media\/4130"}],"wp:attachment":[{"href":"https:\/\/profmontaz.cz\/velkoobchod\/wp-json\/wp\/v2\/media?parent=1952"}],"wp:term":[{"taxonomy":"product_brand","embeddable":true,"href":"https:\/\/profmontaz.cz\/velkoobchod\/wp-json\/wp\/v2\/product_brand?post=1952"},{"taxonomy":"product_cat","embeddable":true,"href":"https:\/\/profmontaz.cz\/velkoobchod\/wp-json\/wp\/v2\/product_cat?post=1952"},{"taxonomy":"product_tag","embeddable":true,"href":"https:\/\/profmontaz.cz\/velkoobchod\/wp-json\/wp\/v2\/product_tag?post=1952"}],"curies":[{"name":"wp","href":"https:\/\/api.w.org\/{rel}","templated":true}]}}