{"id":1973,"date":"2025-06-01T13:21:53","date_gmt":"2025-06-01T11:21:53","guid":{"rendered":"https:\/\/profmontaz.cz\/velkoobchod\/?post_type=product&#038;p=1973"},"modified":"2025-11-14T18:11:08","modified_gmt":"2025-11-14T17:11:08","slug":"hotova-montaz-karp-flat-s-protihrotem-10-ks-bal30g","status":"publish","type":"product","link":"https:\/\/profmontaz.cz\/velkoobchod\/produkt\/hotova-montaz-karp-flat-s-protihrotem-10-ks-bal30g\/","title":{"rendered":"Hotov\u00e1 mont\u00e1\u017e Karp-Flat s protihrotem"},"content":{"rendered":"<div class=\"wpb-content-wrapper\"><p>[vc_row][vc_column]\t\t<div id=\"wd-68f77173db3a2\" class=\"wd-text-block wd-wpb reset-last-child wd-rs-68f77173db3a2 text-center vc_custom_1761046909093\">\n\t\t\t<p style=\"text-align: left;\" data-start=\"110\" data-end=\"311\">Hotov\u00e1 mont\u00e1\u017e <strong data-start=\"124\" data-end=\"158\">Carp-Flat s jehlou na n\u00e1strahy<\/strong> umo\u017e\u0148uje snadno a rychle m\u011bnit n\u00e1strahu bez pou\u017eit\u00ed dal\u0161\u00edch n\u00e1stroj\u016f. Jehla je lehk\u00e1, ryby ji t\u00e9m\u011b\u0159 nevn\u00edmaj\u00ed a spolehliv\u011b dr\u017e\u00ed n\u00e1strahu p\u0159i nahozen\u00ed.<\/p>\n<p style=\"text-align: left;\" data-start=\"313\" data-end=\"596\">Mont\u00e1\u017e je vhodn\u00e1 pro <strong data-start=\"334\" data-end=\"445\">plovouc\u00ed n\u00e1strahy (pop-ups), um\u011blou kuku\u0159ici, boilies s neutr\u00e1ln\u00ed plovatelnost\u00ed, balance, dumbells, wafters<\/strong> a dal\u0161\u00ed. Pou\u017eit\u00ed mont\u00e1\u017ee s jehlou je obzvl\u00e1\u0161t\u011b efektivn\u00ed u <strong data-start=\"505\" data-end=\"521\">mini n\u00e1strah<\/strong>, kter\u00e9 se p\u0159i pou\u017eit\u00ed jehly nerozlamuj\u00ed a z\u016fst\u00e1vaj\u00ed atraktivn\u00ed pro ryby.<\/p>\n<p style=\"text-align: left;\" data-start=\"598\" data-end=\"856\">Mont\u00e1\u017e <strong data-start=\"605\" data-end=\"618\">Carp-Flat<\/strong> je vybavena jehlou 7 mm, kter\u00e1 je vhodn\u00e1 pro n\u00e1strahy o velikosti 6\u201312 mm. Cel\u00e1 mont\u00e1\u017e je sestavena na <strong data-start=\"722\" data-end=\"738\">ledkoru 45LB<\/strong>, kter\u00fd zabra\u0148uje p\u0159ekroucen\u00ed, nepo\u0161kozuje rybu p\u0159i zdol\u00e1v\u00e1n\u00ed a chr\u00e1n\u00ed mont\u00e1\u017e p\u0159ed po\u0161kozen\u00edm o lastury nebo kameny.<\/p>\n<p style=\"text-align: left;\" data-start=\"858\" data-end=\"1033\">Kvalitn\u00ed h\u00e1\u010dek <strong data-start=\"873\" data-end=\"893\">\u010d. 6 tvaru KRANK<\/strong> zaji\u0161\u0165uje vysokou \u00fasp\u011b\u0161nost ka\u017ed\u00e9ho z\u00e1b\u011bru a spolehliv\u011b dr\u017e\u00ed rybu p\u0159i zdol\u00e1v\u00e1n\u00ed. H\u00e1\u010dek je uv\u00e1z\u00e1n na n\u00e1vazcov\u00e9m materi\u00e1lu <strong data-start=\"1015\" data-end=\"1030\">Climax 30LB<\/strong>.<\/p>\n\t\t<\/div>\n\t\t[\/vc_column][\/vc_row][vc_row][vc_column][vc_column_text css=&#8220;&#8220; woodmart_inline=&#8220;no&#8220; text_larger=&#8220;no&#8220;]<\/p>\n<p>[\/vc_column_text][\/vc_column][\/vc_row]<\/p>\n<\/div>","protected":false},"excerpt":{"rendered":"<p>[vc_row][vc_column][\/vc_column][\/vc_row][vc_row][vc_column][vc_column_text css=&#8220;&#8220; woodmart_inline=&#8220;no&#8220; text_larger=&#8220;no&#8220;] [\/vc_column_text][\/vc_column][\/vc_row]<\/p>\n","protected":false},"featured_media":1987,"template":"","meta":[],"product_brand":[64],"product_cat":[107,104],"product_tag":[],"class_list":{"0":"post-1973","1":"product","2":"type-product","3":"status-publish","4":"has-post-thumbnail","6":"product_brand-profmontaz","7":"product_cat-hotove-montaze","8":"product_cat-hotove-navazce-a-montaze","10":"first","11":"instock","12":"taxable","13":"shipping-taxable","14":"purchasable","15":"product-type-variable"},"_links":{"self":[{"href":"https:\/\/profmontaz.cz\/velkoobchod\/wp-json\/wp\/v2\/product\/1973","targetHints":{"allow":["GET"]}}],"collection":[{"href":"https:\/\/profmontaz.cz\/velkoobchod\/wp-json\/wp\/v2\/product"}],"about":[{"href":"https:\/\/profmontaz.cz\/velkoobchod\/wp-json\/wp\/v2\/types\/product"}],"wp:featuredmedia":[{"embeddable":true,"href":"https:\/\/profmontaz.cz\/velkoobchod\/wp-json\/wp\/v2\/media\/1987"}],"wp:attachment":[{"href":"https:\/\/profmontaz.cz\/velkoobchod\/wp-json\/wp\/v2\/media?parent=1973"}],"wp:term":[{"taxonomy":"product_brand","embeddable":true,"href":"https:\/\/profmontaz.cz\/velkoobchod\/wp-json\/wp\/v2\/product_brand?post=1973"},{"taxonomy":"product_cat","embeddable":true,"href":"https:\/\/profmontaz.cz\/velkoobchod\/wp-json\/wp\/v2\/product_cat?post=1973"},{"taxonomy":"product_tag","embeddable":true,"href":"https:\/\/profmontaz.cz\/velkoobchod\/wp-json\/wp\/v2\/product_tag?post=1973"}],"curies":[{"name":"wp","href":"https:\/\/api.w.org\/{rel}","templated":true}]}}