{"id":1988,"date":"2025-06-01T13:27:46","date_gmt":"2025-06-01T11:27:46","guid":{"rendered":"https:\/\/profmontaz.cz\/velkoobchod\/?post_type=product&#038;p=1988"},"modified":"2025-11-14T18:05:05","modified_gmt":"2025-11-14T17:05:05","slug":"hotova-montaz-karp-flat-big-10-ks-bal-40g","status":"publish","type":"product","link":"https:\/\/profmontaz.cz\/velkoobchod\/produkt\/hotova-montaz-karp-flat-big-10-ks-bal-40g\/","title":{"rendered":"Hotov\u00e1 mont\u00e1\u017e Karp-Flat BIG"},"content":{"rendered":"<div class=\"wpb-content-wrapper\"><p>[vc_row][vc_column]\t\t<div id=\"wd-68f76cffa8f75\" class=\"wd-text-block wd-wpb reset-last-child wd-rs-68f76cffa8f75 text-center vc_custom_1761045770569\">\n\t\t\t<p data-start=\"0\" data-end=\"257\">Mont\u00e1\u017e Carp-Flat BIG (1 h\u00e1\u010dek) \u2013 je sestavena na velk\u00e9m flat krm\u00edtku Flat-Classic BIG. Toto krm\u00edtko pojme a\u017e dvakr\u00e1t v\u00edce krmiva ne\u017e standardn\u00ed flat krm\u00edtka. D\u00edky zv\u011bt\u0161en\u00e9 plo\u0161e se tak\u00e9 m\u00e9n\u011b zabo\u0159uje do bahna, co\u017e je obzvl\u00e1\u0161\u0165 v\u00fdhodn\u00e9 p\u0159i lovu na jezerech.<\/p>\n<p data-start=\"259\" data-end=\"612\">Mont\u00e1\u017e je vybavena jedn\u00edm h\u00e1\u010dkem Kumho (Korea), modelem Wide Gape ve velikosti \u010d. 6 \u2013 tento typ h\u00e1\u010dku je nejuniverz\u00e1ln\u011bj\u0161\u00ed a nejpou\u017e\u00edvan\u011bj\u0161\u00ed v modern\u00edm flat feederu. Cel\u00e1 mont\u00e1\u017e je sestavena na kvalitn\u00edm olov\u011bn\u00e9m j\u00e1d\u0159e Climax (N\u011bmecko) 45LB, kter\u00e9 zabra\u0148uje kroucen\u00ed, nepo\u0161kozuje rybu p\u0159i zdol\u00e1v\u00e1n\u00ed a chr\u00e1n\u00ed mont\u00e1\u017e p\u0159ed po\u0161kozen\u00edm o mu\u0161le nebo kameny.<\/p>\n<p style=\"text-align: left;\" data-start=\"614\" data-end=\"868\" data-is-last-node=\"\" data-is-only-node=\"\">Kvalitn\u00ed h\u00e1\u010dek zaru\u010duje vysokou \u00fasp\u011b\u0161nost z\u00e1sek\u016f a spolehliv\u011b dr\u017e\u00ed rybu bez ohledu na jej\u00ed velikost. H\u00e1\u010dek je uv\u00e1z\u00e1n na speci\u00e1ln\u00edm n\u00e1vazcov\u00e9m materi\u00e1lu Climax. Vlasov\u00e1 mont\u00e1\u017e v\u00fdrazn\u011b roz\u0161i\u0159uje mo\u017enosti pou\u017eit\u00ed r\u016fzn\u00fdch n\u00e1strah i zp\u016fsoby jejich prezentace.<\/p>\n\t\t<\/div>\n\t\t[\/vc_column][\/vc_row][vc_row][vc_column][vc_column_text css=&#8220;&#8220; woodmart_inline=&#8220;no&#8220; text_larger=&#8220;no&#8220;]<\/p>\n<p>[\/vc_column_text][\/vc_column][\/vc_row]<\/p>\n<\/div>","protected":false},"excerpt":{"rendered":"<p>[vc_row][vc_column][\/vc_column][\/vc_row][vc_row][vc_column][vc_column_text css=&#8220;&#8220; woodmart_inline=&#8220;no&#8220; text_larger=&#8220;no&#8220;] [\/vc_column_text][\/vc_column][\/vc_row]<\/p>\n","protected":false},"featured_media":1996,"template":"","meta":[],"product_brand":[64],"product_cat":[107,104],"product_tag":[],"class_list":{"0":"post-1988","1":"product","2":"type-product","3":"status-publish","4":"has-post-thumbnail","6":"product_brand-profmontaz","7":"product_cat-hotove-montaze","8":"product_cat-hotove-navazce-a-montaze","10":"first","11":"instock","12":"taxable","13":"shipping-taxable","14":"purchasable","15":"product-type-variable"},"_links":{"self":[{"href":"https:\/\/profmontaz.cz\/velkoobchod\/wp-json\/wp\/v2\/product\/1988","targetHints":{"allow":["GET"]}}],"collection":[{"href":"https:\/\/profmontaz.cz\/velkoobchod\/wp-json\/wp\/v2\/product"}],"about":[{"href":"https:\/\/profmontaz.cz\/velkoobchod\/wp-json\/wp\/v2\/types\/product"}],"wp:featuredmedia":[{"embeddable":true,"href":"https:\/\/profmontaz.cz\/velkoobchod\/wp-json\/wp\/v2\/media\/1996"}],"wp:attachment":[{"href":"https:\/\/profmontaz.cz\/velkoobchod\/wp-json\/wp\/v2\/media?parent=1988"}],"wp:term":[{"taxonomy":"product_brand","embeddable":true,"href":"https:\/\/profmontaz.cz\/velkoobchod\/wp-json\/wp\/v2\/product_brand?post=1988"},{"taxonomy":"product_cat","embeddable":true,"href":"https:\/\/profmontaz.cz\/velkoobchod\/wp-json\/wp\/v2\/product_cat?post=1988"},{"taxonomy":"product_tag","embeddable":true,"href":"https:\/\/profmontaz.cz\/velkoobchod\/wp-json\/wp\/v2\/product_tag?post=1988"}],"curies":[{"name":"wp","href":"https:\/\/api.w.org\/{rel}","templated":true}]}}