{"id":1998,"date":"2025-06-01T13:36:31","date_gmt":"2025-06-01T11:36:31","guid":{"rendered":"https:\/\/profmontaz.cz\/velkoobchod\/?post_type=product&#038;p=1998"},"modified":"2025-11-14T18:12:58","modified_gmt":"2025-11-14T17:12:58","slug":"hotova-montaz-karp-method6-10-ks-bal30g","status":"publish","type":"product","link":"https:\/\/profmontaz.cz\/velkoobchod\/produkt\/hotova-montaz-karp-method6-10-ks-bal30g\/","title":{"rendered":"Hotov\u00e1 mont\u00e1\u017e Karp-Method,(#6)"},"content":{"rendered":"<div class=\"wpb-content-wrapper\"><p>[vc_row][vc_column]\t\t<div id=\"wd-68f777ab7758b\" class=\"wd-text-block wd-wpb reset-last-child wd-rs-68f777ab7758b text-center vc_custom_1761048518234\">\n\t\t\t<p style=\"text-align: left;\" data-start=\"99\" data-end=\"289\">Hotov\u00e1 mont\u00e1\u017e <strong data-start=\"113\" data-end=\"133\">Carp-Method <\/strong>je sestavena na kvalitn\u00edm <strong data-start=\"160\" data-end=\"193\">ledkoru Climax (Germany) 45LB<\/strong>, kter\u00fd zabra\u0148uje p\u0159ekroucen\u00ed mont\u00e1\u017ee a chr\u00e1n\u00ed ji p\u0159ed po\u0161kozen\u00edm o kameny, lastury nebo b\u0159eh.<\/p>\n<p data-start=\"291\" data-end=\"509\">Mont\u00e1\u017e je vybavena kvalitn\u00edm h\u00e1\u010dkem <strong data-start=\"327\" data-end=\"367\">Kumho (Korea), model Wide Gape, \u010d. 6<\/strong>, kter\u00fd je nejuniverz\u00e1ln\u011bj\u0161\u00ed a nejobl\u00edben\u011bj\u0161\u00ed v modern\u00edm kaprov\u00e9m rybolovu. Pou\u017eit\u00ed pouze <strong data-start=\"457\" data-end=\"468\">1 h\u00e1\u010dku<\/strong> umo\u017e\u0148uje lov i v n\u00e1ro\u010dn\u00fdch podm\u00ednk\u00e1ch.<\/p>\n<p data-start=\"511\" data-end=\"641\">D\u00edky konstrukci krm\u00edtka se <strong data-start=\"538\" data-end=\"552\">4 stranami<\/strong> dob\u0159e dr\u017e\u00ed n\u00e1vnada uvnit\u0159 krm\u00edtka, a <strong data-start=\"590\" data-end=\"609\">ku\u017eelovit\u00fd tvar<\/strong> zlep\u0161uje vzd\u00e1lenost nahozen\u00ed.<\/p>\n\t\t<\/div>\n\t\t[\/vc_column][\/vc_row][vc_row][vc_column][vc_column_text css=&#8220;&#8220; woodmart_inline=&#8220;no&#8220; text_larger=&#8220;no&#8220;]<\/p>\n<p>[\/vc_column_text][\/vc_column][\/vc_row]<\/p>\n<\/div>","protected":false},"excerpt":{"rendered":"<p>[vc_row][vc_column][\/vc_column][\/vc_row][vc_row][vc_column][vc_column_text css=&#8220;&#8220; woodmart_inline=&#8220;no&#8220; text_larger=&#8220;no&#8220;] [\/vc_column_text][\/vc_column][\/vc_row]<\/p>\n","protected":false},"featured_media":2007,"template":"","meta":[],"product_brand":[64],"product_cat":[107,104],"product_tag":[],"class_list":{"0":"post-1998","1":"product","2":"type-product","3":"status-publish","4":"has-post-thumbnail","6":"product_brand-profmontaz","7":"product_cat-hotove-montaze","8":"product_cat-hotove-navazce-a-montaze","10":"first","11":"instock","12":"taxable","13":"shipping-taxable","14":"purchasable","15":"product-type-variable"},"_links":{"self":[{"href":"https:\/\/profmontaz.cz\/velkoobchod\/wp-json\/wp\/v2\/product\/1998","targetHints":{"allow":["GET"]}}],"collection":[{"href":"https:\/\/profmontaz.cz\/velkoobchod\/wp-json\/wp\/v2\/product"}],"about":[{"href":"https:\/\/profmontaz.cz\/velkoobchod\/wp-json\/wp\/v2\/types\/product"}],"wp:featuredmedia":[{"embeddable":true,"href":"https:\/\/profmontaz.cz\/velkoobchod\/wp-json\/wp\/v2\/media\/2007"}],"wp:attachment":[{"href":"https:\/\/profmontaz.cz\/velkoobchod\/wp-json\/wp\/v2\/media?parent=1998"}],"wp:term":[{"taxonomy":"product_brand","embeddable":true,"href":"https:\/\/profmontaz.cz\/velkoobchod\/wp-json\/wp\/v2\/product_brand?post=1998"},{"taxonomy":"product_cat","embeddable":true,"href":"https:\/\/profmontaz.cz\/velkoobchod\/wp-json\/wp\/v2\/product_cat?post=1998"},{"taxonomy":"product_tag","embeddable":true,"href":"https:\/\/profmontaz.cz\/velkoobchod\/wp-json\/wp\/v2\/product_tag?post=1998"}],"curies":[{"name":"wp","href":"https:\/\/api.w.org\/{rel}","templated":true}]}}