{"id":2009,"date":"2025-06-01T13:43:02","date_gmt":"2025-06-01T11:43:02","guid":{"rendered":"https:\/\/profmontaz.cz\/velkoobchod\/?post_type=product&#038;p=2009"},"modified":"2025-11-15T11:43:56","modified_gmt":"2025-11-15T10:43:56","slug":"hotova-montaz-romanian-karp-flat-big5-ks-bal-40g","status":"publish","type":"product","link":"https:\/\/profmontaz.cz\/velkoobchod\/produkt\/hotova-montaz-romanian-karp-flat-big5-ks-bal-40g\/","title":{"rendered":"Hotov\u00e1 mont\u00e1\u017e Romanian Karp-Flat BIG"},"content":{"rendered":"<div class=\"wpb-content-wrapper\"><p>[vc_row][vc_column]\t\t<div id=\"wd-68f779de3a0e2\" class=\"wd-text-block wd-wpb reset-last-child wd-rs-68f779de3a0e2 text-center vc_custom_1761049084837\">\n\t\t\t<p style=\"text-align: left;\" data-start=\"103\" data-end=\"300\">Mont\u00e1\u017e <strong data-start=\"110\" data-end=\"141\">Romanian Carp-Flat BIG <\/strong>je vybavena stabiliza\u010dn\u00ed trubi\u010dkou, d\u00edky kter\u00e9 poskytuje lep\u0161\u00ed vzd\u00e1lenost a p\u0159esnost nahozen\u00ed. Mezi kapra\u0159i je tato mont\u00e1\u017e zn\u00e1m\u00e1 jako <strong data-start=\"276\" data-end=\"297\">\u201erumunsk\u00e1 mont\u00e1\u017e\u201c<\/strong>.<\/p>\n<p style=\"text-align: left;\" data-start=\"302\" data-end=\"646\">Mont\u00e1\u017e vyu\u017e\u00edv\u00e1 velk\u00e9 flat-krm\u00edtko <strong data-start=\"336\" data-end=\"354\">Flat-Boyle BIG<\/strong>, kter\u00e9 pojme <strong data-start=\"368\" data-end=\"391\">dvojn\u00e1sobek n\u00e1vnady<\/strong> ve srovn\u00e1n\u00ed se standardn\u00edmi krm\u00edtky. Zv\u00fd\u0161en\u00fd vnit\u0159n\u00ed prostor krm\u00edtka umo\u017e\u0148uje pou\u017eit\u00ed <strong data-start=\"478\" data-end=\"535\">boilies a kombinovan\u00fdch n\u00e1strah a\u017e do velikosti 30 mm<\/strong>. D\u00edky v\u011bt\u0161\u00ed plo\u0161e krm\u00edtka se nav\u00edc m\u00e9n\u011b zabo\u0159uje do bahna, co\u017e je zvl\u00e1\u0161t\u011b v\u00fdhodn\u00e9 p\u0159i lovu na v\u011bt\u0161in\u011b jezer.<\/p>\n<p style=\"text-align: left;\" data-start=\"648\" data-end=\"1000\">Mont\u00e1\u017e je vybavena <strong data-start=\"667\" data-end=\"731\">jedn\u00edm kvalitn\u00edm h\u00e1\u010dkem Kumho (Korea), model Wide Gape, \u010d. 6<\/strong>, kter\u00fd je nejuniverz\u00e1ln\u011bj\u0161\u00ed a nejobl\u00edben\u011bj\u0161\u00ed v modern\u00edm Flat-feeder rybolovu. Cel\u00e1 mont\u00e1\u017e je sestavena na <strong data-start=\"838\" data-end=\"882\">klesaj\u00edc\u00edm ledkoru Climax (Germany) 45LB<\/strong>, kter\u00fd zabra\u0148uje p\u0159ekroucen\u00ed, nepo\u0161kozuje rybu p\u0159i zdol\u00e1v\u00e1n\u00ed a chr\u00e1n\u00ed mont\u00e1\u017e p\u0159ed po\u0161kozen\u00edm o lastury nebo kameny.<\/p>\n<p style=\"text-align: left;\" data-start=\"1002\" data-end=\"1275\">Kvalitn\u00ed h\u00e1\u010dek zaji\u0161\u0165uje <strong data-start=\"1027\" data-end=\"1063\">vysokou \u00fasp\u011b\u0161nost ka\u017ed\u00e9ho z\u00e1b\u011bru<\/strong> a spolehliv\u011b dr\u017e\u00ed rybu jak\u00e9koli velikosti. H\u00e1\u010dek je uv\u00e1z\u00e1n na speci\u00e1ln\u00edm n\u00e1vazcov\u00e9m materi\u00e1lu <strong data-start=\"1158\" data-end=\"1168\">Climax<\/strong>.<\/p>\n\t\t<\/div>\n\t\t[\/vc_column][\/vc_row][vc_row][vc_column][vc_column_text css=&#8220;&#8220; woodmart_inline=&#8220;no&#8220; text_larger=&#8220;no&#8220;]<\/p>\n<p>[\/vc_column_text][\/vc_column][\/vc_row]<\/p>\n<\/div>","protected":false},"excerpt":{"rendered":"<p>[vc_row][vc_column][\/vc_column][\/vc_row][vc_row][vc_column][vc_column_text css=&#8220;&#8220; woodmart_inline=&#8220;no&#8220; text_larger=&#8220;no&#8220;] [\/vc_column_text][\/vc_column][\/vc_row]<\/p>\n","protected":false},"featured_media":2022,"template":"","meta":[],"product_brand":[64],"product_cat":[107,104],"product_tag":[],"class_list":{"0":"post-2009","1":"product","2":"type-product","3":"status-publish","4":"has-post-thumbnail","6":"product_brand-profmontaz","7":"product_cat-hotove-montaze","8":"product_cat-hotove-navazce-a-montaze","10":"first","11":"instock","12":"taxable","13":"shipping-taxable","14":"purchasable","15":"product-type-variable"},"_links":{"self":[{"href":"https:\/\/profmontaz.cz\/velkoobchod\/wp-json\/wp\/v2\/product\/2009","targetHints":{"allow":["GET"]}}],"collection":[{"href":"https:\/\/profmontaz.cz\/velkoobchod\/wp-json\/wp\/v2\/product"}],"about":[{"href":"https:\/\/profmontaz.cz\/velkoobchod\/wp-json\/wp\/v2\/types\/product"}],"wp:featuredmedia":[{"embeddable":true,"href":"https:\/\/profmontaz.cz\/velkoobchod\/wp-json\/wp\/v2\/media\/2022"}],"wp:attachment":[{"href":"https:\/\/profmontaz.cz\/velkoobchod\/wp-json\/wp\/v2\/media?parent=2009"}],"wp:term":[{"taxonomy":"product_brand","embeddable":true,"href":"https:\/\/profmontaz.cz\/velkoobchod\/wp-json\/wp\/v2\/product_brand?post=2009"},{"taxonomy":"product_cat","embeddable":true,"href":"https:\/\/profmontaz.cz\/velkoobchod\/wp-json\/wp\/v2\/product_cat?post=2009"},{"taxonomy":"product_tag","embeddable":true,"href":"https:\/\/profmontaz.cz\/velkoobchod\/wp-json\/wp\/v2\/product_tag?post=2009"}],"curies":[{"name":"wp","href":"https:\/\/api.w.org\/{rel}","templated":true}]}}