{"id":2038,"date":"2025-06-01T14:07:49","date_gmt":"2025-06-01T12:07:49","guid":{"rendered":"https:\/\/profmontaz.cz\/velkoobchod\/?post_type=product&#038;p=2038"},"modified":"2025-11-15T12:09:49","modified_gmt":"2025-11-15T11:09:49","slug":"montaz-leadcore-horizon-40g5-ks-bal","status":"publish","type":"product","link":"https:\/\/profmontaz.cz\/velkoobchod\/produkt\/montaz-leadcore-horizon-40g5-ks-bal\/","title":{"rendered":"Mont\u00e1\u017e Leadcore Horizon"},"content":{"rendered":"<div class=\"wpb-content-wrapper\"><p>[vc_row][vc_column]\t\t<div id=\"wd-68f7b4ec751d8\" class=\"wd-text-block wd-wpb reset-last-child wd-rs-68f7b4ec751d8 text-center vc_custom_1761064196641\">\n\t\t\t<p style=\"text-align: left;\" data-start=\"120\" data-end=\"183\"><strong data-start=\"120\" data-end=\"181\">Boilie mont\u00e1\u017e na ledkoru Horizont (Boilie, 1 h\u00e1\u010dek)\u00a0<\/strong><\/p>\n<p style=\"text-align: left;\" data-start=\"185\" data-end=\"320\">Hotov\u00e1 mont\u00e1\u017e <strong data-start=\"199\" data-end=\"211\">Horizont<\/strong> nab\u00edz\u00ed <strong data-start=\"219\" data-end=\"262\">vynikaj\u00edc\u00ed letov\u00e9 vlastnosti a p\u0159esnost<\/strong> p\u0159i nahazov\u00e1n\u00ed. Je ide\u00e1ln\u00ed pro pou\u017eit\u00ed s <strong data-start=\"304\" data-end=\"317\">PVA s\u00e1\u010dky<\/strong>.<\/p>\n<p style=\"text-align: left;\" data-start=\"322\" data-end=\"614\">Mont\u00e1\u017e je sestavena na <strong data-start=\"345\" data-end=\"384\">klesaj\u00edc\u00edm ledkoru Climax (Germany)<\/strong>, kter\u00fd zabra\u0148uje zamot\u00e1n\u00ed, chr\u00e1n\u00ed mont\u00e1\u017e p\u0159ed po\u0161kozen\u00edm o kameny nebo lastury a je \u0161etrn\u00fd k ryb\u011b p\u0159i zdol\u00e1v\u00e1n\u00ed. <strong data-start=\"498\" data-end=\"521\">H\u00e1\u010dek Kumho (Korea)<\/strong> je ostr\u00fd, spolehliv\u00fd a d\u00edky speci\u00e1ln\u00edmu tvaru sni\u017euje riziko zachycen\u00ed o ne\u010distoty na dn\u011b.<\/p>\n<p style=\"text-align: left;\" data-start=\"616\" data-end=\"854\">Sou\u010d\u00e1st\u00ed je <strong data-start=\"628\" data-end=\"674\">bezpe\u010dnostn\u00ed klip pro snadnou v\u00fdm\u011bnu olova<\/strong> a <strong data-start=\"677\" data-end=\"696\">hair-rig mont\u00e1\u017e<\/strong>, kter\u00e1 umo\u017e\u0148uje pou\u017eit\u00ed r\u016fzn\u00fdch n\u00e1strah \u2013 <strong data-start=\"739\" data-end=\"777\">boilies, pop-upy, pelety, kuku\u0159ici<\/strong> a dal\u0161\u00edch. Modern\u00ed a univerz\u00e1ln\u00ed mont\u00e1\u017e pro kapra\u0159inu na v\u0161ech typech vod!<\/p>\n\t\t<\/div>\n\t\t[\/vc_column][\/vc_row][vc_row][vc_column][vc_column_text css=&#8220;&#8220; woodmart_inline=&#8220;no&#8220; text_larger=&#8220;no&#8220;]<\/p>\n<p>[\/vc_column_text][\/vc_column][\/vc_row]<\/p>\n<\/div>","protected":false},"excerpt":{"rendered":"<p>[vc_row][vc_column][\/vc_column][\/vc_row][vc_row][vc_column][vc_column_text css=&#8220;&#8220; woodmart_inline=&#8220;no&#8220; text_larger=&#8220;no&#8220;] [\/vc_column_text][\/vc_column][\/vc_row]<\/p>\n","protected":false},"featured_media":2048,"template":"","meta":[],"product_brand":[64],"product_cat":[107,104],"product_tag":[],"class_list":{"0":"post-2038","1":"product","2":"type-product","3":"status-publish","4":"has-post-thumbnail","6":"product_brand-profmontaz","7":"product_cat-hotove-montaze","8":"product_cat-hotove-navazce-a-montaze","10":"first","11":"instock","12":"taxable","13":"shipping-taxable","14":"purchasable","15":"product-type-variable"},"_links":{"self":[{"href":"https:\/\/profmontaz.cz\/velkoobchod\/wp-json\/wp\/v2\/product\/2038","targetHints":{"allow":["GET"]}}],"collection":[{"href":"https:\/\/profmontaz.cz\/velkoobchod\/wp-json\/wp\/v2\/product"}],"about":[{"href":"https:\/\/profmontaz.cz\/velkoobchod\/wp-json\/wp\/v2\/types\/product"}],"wp:featuredmedia":[{"embeddable":true,"href":"https:\/\/profmontaz.cz\/velkoobchod\/wp-json\/wp\/v2\/media\/2048"}],"wp:attachment":[{"href":"https:\/\/profmontaz.cz\/velkoobchod\/wp-json\/wp\/v2\/media?parent=2038"}],"wp:term":[{"taxonomy":"product_brand","embeddable":true,"href":"https:\/\/profmontaz.cz\/velkoobchod\/wp-json\/wp\/v2\/product_brand?post=2038"},{"taxonomy":"product_cat","embeddable":true,"href":"https:\/\/profmontaz.cz\/velkoobchod\/wp-json\/wp\/v2\/product_cat?post=2038"},{"taxonomy":"product_tag","embeddable":true,"href":"https:\/\/profmontaz.cz\/velkoobchod\/wp-json\/wp\/v2\/product_tag?post=2038"}],"curies":[{"name":"wp","href":"https:\/\/api.w.org\/{rel}","templated":true}]}}