{"id":2049,"date":"2025-06-01T14:13:42","date_gmt":"2025-06-01T12:13:42","guid":{"rendered":"https:\/\/profmontaz.cz\/velkoobchod\/?post_type=product&#038;p=2049"},"modified":"2025-11-15T12:11:34","modified_gmt":"2025-11-15T11:11:34","slug":"montaz-leadcore-horizon-in-line-40g","status":"publish","type":"product","link":"https:\/\/profmontaz.cz\/velkoobchod\/produkt\/montaz-leadcore-horizon-in-line-40g\/","title":{"rendered":"Mont\u00e1\u017e Leadcore Horizon In-Line"},"content":{"rendered":"<div class=\"wpb-content-wrapper\"><p>[vc_row][vc_column]\t\t<div id=\"wd-68f7b8be97b4c\" class=\"wd-text-block wd-wpb reset-last-child wd-rs-68f7b8be97b4c text-center vc_custom_1761065159930\">\n\t\t\t<p style=\"text-align: left;\" data-start=\"116\" data-end=\"185\"><strong data-start=\"116\" data-end=\"183\">Boilie mont\u00e1\u017e na ledkoru Horizont Inline\u00a0<\/strong><\/p>\n<p style=\"text-align: left;\" data-start=\"187\" data-end=\"312\">Hotov\u00e1 mont\u00e1\u017e <strong data-start=\"201\" data-end=\"220\">Horizont Inline<\/strong> nab\u00edz\u00ed <strong data-start=\"228\" data-end=\"272\">vynikaj\u00edc\u00ed citlivost a letov\u00e9 vlastnosti<\/strong>, ide\u00e1ln\u00ed pro pou\u017eit\u00ed s <strong data-start=\"296\" data-end=\"309\">PVA s\u00e1\u010dky<\/strong>.<\/p>\n<p style=\"text-align: left;\" data-start=\"314\" data-end=\"630\">Mont\u00e1\u017e je sestavena na <strong data-start=\"337\" data-end=\"395\">kvalitn\u00edm klesaj\u00edc\u00edm ledkoru s j\u00e1drem Climax (Germany)<\/strong>, kter\u00fd zabra\u0148uje zamot\u00e1n\u00ed, chr\u00e1n\u00ed mont\u00e1\u017e p\u0159ed po\u0161kozen\u00edm o kameny \u010di lastury a je \u0161etrn\u00fd k ryb\u011b p\u0159i zdol\u00e1v\u00e1n\u00ed. <strong data-start=\"507\" data-end=\"530\">H\u00e1\u010dek Kumho (Korea)<\/strong> je extr\u00e9mn\u011b ostr\u00fd a spolehliv\u00fd, speci\u00e1ln\u00ed tvar nav\u00edc sni\u017euje riziko zachycen\u00ed o ne\u010distoty na dn\u011b.<\/p>\n<p style=\"text-align: left;\" data-start=\"632\" data-end=\"915\"><strong data-start=\"632\" data-end=\"666\">Klouzav\u00e9 olovo (inline syst\u00e9m)<\/strong> nevyvol\u00e1v\u00e1 u ryb podez\u0159en\u00ed a umo\u017e\u0148uje registraci i t\u011bch nejjemn\u011bj\u0161\u00edch z\u00e1b\u011br\u016f. <strong data-start=\"745\" data-end=\"764\">Hair-rig mont\u00e1\u017e<\/strong> roz\u0161i\u0159uje mo\u017enosti pou\u017eit\u00ed n\u00e1strah \u2013 <strong data-start=\"802\" data-end=\"840\">boilies, pop-upy, pelety, kuku\u0159ici<\/strong> a dal\u0161\u00ed. Modern\u00ed a univerz\u00e1ln\u00ed mont\u00e1\u017e pro kapra\u0159inu na v\u0161ech typech vod!<\/p>\n\t\t<\/div>\n\t\t[\/vc_column][\/vc_row][vc_row][vc_column][vc_column_text css=&#8220;&#8220; woodmart_inline=&#8220;no&#8220; text_larger=&#8220;no&#8220;]<\/p>\n<p>[\/vc_column_text][\/vc_column][\/vc_row]<\/p>\n<\/div>","protected":false},"excerpt":{"rendered":"<p>[vc_row][vc_column][\/vc_column][\/vc_row][vc_row][vc_column][vc_column_text css=&#8220;&#8220; woodmart_inline=&#8220;no&#8220; text_larger=&#8220;no&#8220;] [\/vc_column_text][\/vc_column][\/vc_row]<\/p>\n","protected":false},"featured_media":2055,"template":"","meta":[],"product_brand":[64],"product_cat":[107,104],"product_tag":[],"class_list":{"0":"post-2049","1":"product","2":"type-product","3":"status-publish","4":"has-post-thumbnail","6":"product_brand-profmontaz","7":"product_cat-hotove-montaze","8":"product_cat-hotove-navazce-a-montaze","10":"first","11":"instock","12":"taxable","13":"shipping-taxable","14":"purchasable","15":"product-type-variable"},"_links":{"self":[{"href":"https:\/\/profmontaz.cz\/velkoobchod\/wp-json\/wp\/v2\/product\/2049","targetHints":{"allow":["GET"]}}],"collection":[{"href":"https:\/\/profmontaz.cz\/velkoobchod\/wp-json\/wp\/v2\/product"}],"about":[{"href":"https:\/\/profmontaz.cz\/velkoobchod\/wp-json\/wp\/v2\/types\/product"}],"wp:featuredmedia":[{"embeddable":true,"href":"https:\/\/profmontaz.cz\/velkoobchod\/wp-json\/wp\/v2\/media\/2055"}],"wp:attachment":[{"href":"https:\/\/profmontaz.cz\/velkoobchod\/wp-json\/wp\/v2\/media?parent=2049"}],"wp:term":[{"taxonomy":"product_brand","embeddable":true,"href":"https:\/\/profmontaz.cz\/velkoobchod\/wp-json\/wp\/v2\/product_brand?post=2049"},{"taxonomy":"product_cat","embeddable":true,"href":"https:\/\/profmontaz.cz\/velkoobchod\/wp-json\/wp\/v2\/product_cat?post=2049"},{"taxonomy":"product_tag","embeddable":true,"href":"https:\/\/profmontaz.cz\/velkoobchod\/wp-json\/wp\/v2\/product_tag?post=2049"}],"curies":[{"name":"wp","href":"https:\/\/api.w.org\/{rel}","templated":true}]}}