{"id":2060,"date":"2025-06-01T14:19:32","date_gmt":"2025-06-01T12:19:32","guid":{"rendered":"https:\/\/profmontaz.cz\/velkoobchod\/?post_type=product&#038;p=2060"},"modified":"2025-11-14T18:07:27","modified_gmt":"2025-11-14T17:07:27","slug":"hotova-montaz-karp-flat-reka-10-ks-bal-60g","status":"publish","type":"product","link":"https:\/\/profmontaz.cz\/velkoobchod\/produkt\/hotova-montaz-karp-flat-reka-10-ks-bal-60g\/","title":{"rendered":"Hotov\u00e1 mont\u00e1\u017e Karp-Flat \u0158eka"},"content":{"rendered":"<div class=\"wpb-content-wrapper\"><p>[vc_row][vc_column]\t\t<div id=\"wd-68f76fbdda70e\" class=\"wd-text-block wd-wpb reset-last-child wd-rs-68f76fbdda70e text-center vc_custom_1761046568654\">\n\t\t\t<p style=\"text-align: left;\" data-start=\"90\" data-end=\"274\">Mont\u00e1\u017e <strong data-start=\"97\" data-end=\"115\">Carp-Flat \u0158eka<\/strong> je speci\u00e1ln\u011b navr\u017eena pro lov na proud\u00edc\u00ed vod\u011b. D\u00edky pou\u017eit\u00ed krm\u00edtka s hroty-proti sklouznut\u00ed se mont\u00e1\u017e spolehliv\u011b dr\u017e\u00ed na lovn\u00e9m m\u00edst\u011b i p\u0159i siln\u00e9m proudu.<\/p>\n<p style=\"text-align: left;\" data-start=\"276\" data-end=\"504\">Pou\u017eit\u00ed mont\u00e1\u017ee je zvl\u00e1\u0161t\u011b efektivn\u00ed p\u0159i lovu na prudk\u00fdch b\u0159ez\u00edch a svaz\u00edch jezer a p\u0159ehrad. Nez\u00e1visle na hmotnosti, lichob\u011b\u017en\u00edkov\u00fd tvar flat-krm\u00edtka posouv\u00e1 t\u011b\u017ei\u0161t\u011b sm\u011brem k zadn\u00ed \u010d\u00e1sti, co\u017e v\u00fdrazn\u011b zlep\u0161uje d\u00e9lku nahazov\u00e1n\u00ed.<\/p>\n<p style=\"text-align: left;\" data-start=\"506\" data-end=\"730\">Krm\u00edtko <strong data-start=\"514\" data-end=\"527\">Flat-\u0158eka<\/strong> je univerz\u00e1ln\u00ed: vhodn\u00e9 pro v\u0161echny druhy methodov\u00fdch n\u00e1vnad a pelet. Pro pohodln\u00e9 napln\u011bn\u00ed krm\u00edtka n\u00e1vnadou byla vyvinuta speci\u00e1ln\u00ed lisovac\u00ed forma na tla\u010d\u00edtku \u2014 <strong data-start=\"689\" data-end=\"727\">\u201eFormi\u010dka s tla\u010d\u00edtkem &#8220;Flat-\u0158eka&#8220; \u201c<\/strong>.<\/p>\n<p style=\"text-align: left;\" data-start=\"732\" data-end=\"958\">Mont\u00e1\u017e je vybavena kvalitn\u00edm h\u00e1\u010dkem <strong data-start=\"768\" data-end=\"782\">Kumho \u010d. 7<\/strong> (7 mm vzd\u00e1lenost od oka k hrotu), kter\u00fd je univerz\u00e1ln\u00ed a velmi \u017e\u00e1dan\u00fd. Kvalitn\u00ed h\u00e1\u010dek zaji\u0161\u0165uje spolehliv\u00e9 dr\u017een\u00ed ryby jak\u00e9koli velikosti a vysokou \u00fasp\u011b\u0161nost ka\u017ed\u00e9ho z\u00e1b\u011bru.<\/p>\n<p style=\"text-align: left;\" data-start=\"960\" data-end=\"1122\">Cel\u00e1 mont\u00e1\u017e je sestavena na <strong data-start=\"988\" data-end=\"1004\">ledkoru 45LB<\/strong>, kter\u00fd zabra\u0148uje p\u0159ekroucen\u00ed, nepo\u0161kozuje rybu p\u0159i zdol\u00e1v\u00e1n\u00ed a chr\u00e1n\u00ed mont\u00e1\u017e p\u0159ed po\u0161kozen\u00edm o lastury nebo kameny.<\/p>\n\t\t<\/div>\n\t\t[\/vc_column][\/vc_row][vc_row][vc_column][vc_column_text css=&#8220;&#8220; woodmart_inline=&#8220;no&#8220; text_larger=&#8220;no&#8220;]<\/p>\n<p>[\/vc_column_text][\/vc_column][\/vc_row]<\/p>\n<\/div>","protected":false},"excerpt":{"rendered":"<p>[vc_row][vc_column][\/vc_column][\/vc_row][vc_row][vc_column][vc_column_text css=&#8220;&#8220; woodmart_inline=&#8220;no&#8220; text_larger=&#8220;no&#8220;] [\/vc_column_text][\/vc_column][\/vc_row]<\/p>\n","protected":false},"featured_media":2071,"template":"","meta":[],"product_brand":[64],"product_cat":[107,104],"product_tag":[],"class_list":{"0":"post-2060","1":"product","2":"type-product","3":"status-publish","4":"has-post-thumbnail","6":"product_brand-profmontaz","7":"product_cat-hotove-montaze","8":"product_cat-hotove-navazce-a-montaze","10":"first","11":"instock","12":"taxable","13":"shipping-taxable","14":"purchasable","15":"product-type-variable"},"_links":{"self":[{"href":"https:\/\/profmontaz.cz\/velkoobchod\/wp-json\/wp\/v2\/product\/2060","targetHints":{"allow":["GET"]}}],"collection":[{"href":"https:\/\/profmontaz.cz\/velkoobchod\/wp-json\/wp\/v2\/product"}],"about":[{"href":"https:\/\/profmontaz.cz\/velkoobchod\/wp-json\/wp\/v2\/types\/product"}],"wp:featuredmedia":[{"embeddable":true,"href":"https:\/\/profmontaz.cz\/velkoobchod\/wp-json\/wp\/v2\/media\/2071"}],"wp:attachment":[{"href":"https:\/\/profmontaz.cz\/velkoobchod\/wp-json\/wp\/v2\/media?parent=2060"}],"wp:term":[{"taxonomy":"product_brand","embeddable":true,"href":"https:\/\/profmontaz.cz\/velkoobchod\/wp-json\/wp\/v2\/product_brand?post=2060"},{"taxonomy":"product_cat","embeddable":true,"href":"https:\/\/profmontaz.cz\/velkoobchod\/wp-json\/wp\/v2\/product_cat?post=2060"},{"taxonomy":"product_tag","embeddable":true,"href":"https:\/\/profmontaz.cz\/velkoobchod\/wp-json\/wp\/v2\/product_tag?post=2060"}],"curies":[{"name":"wp","href":"https:\/\/api.w.org\/{rel}","templated":true}]}}