{"id":2072,"date":"2025-06-01T14:25:56","date_gmt":"2025-06-01T12:25:56","guid":{"rendered":"https:\/\/profmontaz.cz\/velkoobchod\/?post_type=product&#038;p=2072"},"modified":"2025-11-15T11:46:30","modified_gmt":"2025-11-15T10:46:30","slug":"montaz-feeder-elite-classic10-ks-bal-40g","status":"publish","type":"product","link":"https:\/\/profmontaz.cz\/velkoobchod\/produkt\/montaz-feeder-elite-classic10-ks-bal-40g\/","title":{"rendered":"Mont\u00e1\u017e Feeder Elite-Classic"},"content":{"rendered":"<div class=\"wpb-content-wrapper\"><p>[vc_row][vc_column]\t\t<div id=\"wd-68f77d11d3c6d\" class=\"wd-text-block wd-wpb reset-last-child wd-rs-68f77d11d3c6d text-center vc_custom_1761049885215\">\n\t\t\t<p style=\"text-align: left;\" data-start=\"106\" data-end=\"329\">Hotov\u00e1 feederov\u00e1 mont\u00e1\u017e <strong data-start=\"130\" data-end=\"147\">Elite Classic<\/strong> je sestavena na <strong data-start=\"164\" data-end=\"197\">ledkoru Climax (Germany) 45LB<\/strong>. Krm\u00edtko je vyrobeno z n\u00e1razuvzdorn\u00e9ho plastu a d\u00edky <strong data-start=\"251\" data-end=\"280\">maskovac\u00edmu camo zbarven\u00ed<\/strong> nenaru\u0161uje opatrn\u00e9 ryby a dob\u0159e splyne s dnem.<\/p>\n<p style=\"text-align: left;\" data-start=\"331\" data-end=\"596\">Krm\u00edtko m\u00e1 <strong data-start=\"342\" data-end=\"354\">k\u0159id\u00e9lka<\/strong>, kter\u00e1 umo\u017e\u0148uj\u00ed rychlej\u0161\u00ed vyta\u017een\u00ed mont\u00e1\u017ee p\u0159i zdol\u00e1v\u00e1n\u00ed, co\u017e v\u00fdrazn\u011b usnad\u0148uje rybolov. Mont\u00e1\u017e je vybavena kvalitn\u00edm h\u00e1\u010dkem <strong data-start=\"480\" data-end=\"497\">Kumho (Korea)<\/strong> na n\u00e1vazcov\u00e9m materi\u00e1lu <strong data-start=\"522\" data-end=\"537\">ProfMonta\u017e<\/strong>. H\u00e1\u010dek spolehliv\u011b zasek\u00e1v\u00e1 rybu a dr\u017e\u00ed ji p\u0159i zdol\u00e1v\u00e1n\u00ed.<\/p>\n<p style=\"text-align: left;\" data-start=\"598\" data-end=\"839\">D\u00edky <strong data-start=\"603\" data-end=\"631\">klouzav\u00e9 mont\u00e1\u017ei krm\u00edtka<\/strong> lze p\u0159esn\u011b sledovat i nejjemn\u011bj\u0161\u00ed z\u00e1b\u011bry. Feeder <strong data-start=\"681\" data-end=\"698\">Elite Classic<\/strong> je ide\u00e1ln\u00ed pro lov na kr\u00e1tkou a st\u0159edn\u00ed vzd\u00e1lenost, na m\u00e1lo aktivn\u00ed a opatrn\u00e9 ryby, a to jak v m\u00edrn\u00e9m proudu, tak v jezerech a p\u0159ehrad\u00e1ch.<\/p>\n\t\t<\/div>\n\t\t[\/vc_column][\/vc_row][vc_row][vc_column][vc_column_text css=&#8220;&#8220; woodmart_inline=&#8220;no&#8220; text_larger=&#8220;no&#8220;]<\/p>\n<p>[\/vc_column_text][\/vc_column][\/vc_row]<\/p>\n<\/div>","protected":false},"excerpt":{"rendered":"<p>[vc_row][vc_column][\/vc_column][\/vc_row][vc_row][vc_column][vc_column_text css=&#8220;&#8220; woodmart_inline=&#8220;no&#8220; text_larger=&#8220;no&#8220;] [\/vc_column_text][\/vc_column][\/vc_row]<\/p>\n","protected":false},"featured_media":2085,"template":"","meta":[],"product_brand":[64],"product_cat":[107,104],"product_tag":[],"class_list":{"0":"post-2072","1":"product","2":"type-product","3":"status-publish","4":"has-post-thumbnail","6":"product_brand-profmontaz","7":"product_cat-hotove-montaze","8":"product_cat-hotove-navazce-a-montaze","10":"first","11":"instock","12":"taxable","13":"shipping-taxable","14":"purchasable","15":"product-type-variable"},"_links":{"self":[{"href":"https:\/\/profmontaz.cz\/velkoobchod\/wp-json\/wp\/v2\/product\/2072","targetHints":{"allow":["GET"]}}],"collection":[{"href":"https:\/\/profmontaz.cz\/velkoobchod\/wp-json\/wp\/v2\/product"}],"about":[{"href":"https:\/\/profmontaz.cz\/velkoobchod\/wp-json\/wp\/v2\/types\/product"}],"wp:featuredmedia":[{"embeddable":true,"href":"https:\/\/profmontaz.cz\/velkoobchod\/wp-json\/wp\/v2\/media\/2085"}],"wp:attachment":[{"href":"https:\/\/profmontaz.cz\/velkoobchod\/wp-json\/wp\/v2\/media?parent=2072"}],"wp:term":[{"taxonomy":"product_brand","embeddable":true,"href":"https:\/\/profmontaz.cz\/velkoobchod\/wp-json\/wp\/v2\/product_brand?post=2072"},{"taxonomy":"product_cat","embeddable":true,"href":"https:\/\/profmontaz.cz\/velkoobchod\/wp-json\/wp\/v2\/product_cat?post=2072"},{"taxonomy":"product_tag","embeddable":true,"href":"https:\/\/profmontaz.cz\/velkoobchod\/wp-json\/wp\/v2\/product_tag?post=2072"}],"curies":[{"name":"wp","href":"https:\/\/api.w.org\/{rel}","templated":true}]}}