{"id":2096,"date":"2025-06-01T14:58:40","date_gmt":"2025-06-01T12:58:40","guid":{"rendered":"https:\/\/profmontaz.cz\/velkoobchod\/?post_type=product&#038;p=2096"},"modified":"2025-11-15T11:58:02","modified_gmt":"2025-11-15T10:58:02","slug":"montaz-k-lovu-tolstolobika-profmontazh","status":"publish","type":"product","link":"https:\/\/profmontaz.cz\/velkoobchod\/produkt\/montaz-k-lovu-tolstolobika-profmontazh\/","title":{"rendered":"Mont\u00e1\u017e K Lovu Tolstolobika Profmontazh"},"content":{"rendered":"<div class=\"wpb-content-wrapper\"><p>[vc_row][vc_column]\t\t<div id=\"wd-68ffa222b5793\" class=\"wd-text-block wd-wpb reset-last-child wd-rs-68ffa222b5793 text-center vc_custom_1761583665297\">\n\t\t\t<p style=\"text-align: left;\" data-start=\"153\" data-end=\"495\">ProfMontazh mont\u00e1\u017e na lov tolstolobika je vyrobena z <strong data-start=\"228\" data-end=\"267\">kvalitn\u00edho leadcoru 45 LB bez j\u00e1dra<\/strong>, osazena <strong data-start=\"277\" data-end=\"300\">dv\u011bma pevn\u00fdmi h\u00e1\u010dky<\/strong> a umo\u017e\u0148uje pou\u017eit\u00ed <strong data-start=\"320\" data-end=\"352\">dvou v\u00e1le\u010dk\u016f technoplanktonu<\/strong>.<br data-start=\"353\" data-end=\"356\" \/>D\u00edky <strong data-start=\"361\" data-end=\"387\">nastaviteln\u00e9mu syst\u00e9mu<\/strong> lze m\u011bnit hloubku v rozmez\u00ed <strong data-start=\"416\" data-end=\"440\">30\u2013120 cm od hladiny<\/strong>, co\u017e umo\u017e\u0148uje p\u0159esn\u00e9 p\u0159izp\u016fsoben\u00ed podm\u00ednk\u00e1m na vod\u011b.<\/p>\n<p style=\"text-align: left;\" data-start=\"497\" data-end=\"804\">Sou\u010d\u00e1st\u00ed balen\u00ed je <strong data-start=\"516\" data-end=\"537\">praktick\u00e9 motadlo<\/strong>, kter\u00e9 zaji\u0161\u0165uje <strong data-start=\"555\" data-end=\"594\">bezpe\u010dn\u00e9 ulo\u017een\u00ed a snadn\u00fd transport<\/strong>.<br data-start=\"595\" data-end=\"598\" \/><strong data-start=\"598\" data-end=\"617\">Krou\u017ekov\u00e1 z\u00e1t\u011b\u017e<\/strong> poskytuje <strong data-start=\"628\" data-end=\"655\">vynikaj\u00edc\u00ed d\u00e9lku n\u00e1hozu<\/strong> a stabiln\u00ed chov\u00e1n\u00ed mont\u00e1\u017ee p\u0159i z\u00e1b\u011bru.<br data-start=\"694\" data-end=\"697\" \/><strong data-start=\"697\" data-end=\"707\">Plov\u00e1k<\/strong> je p\u0159ipraven pro upevn\u011bn\u00ed <strong data-start=\"734\" data-end=\"753\">sv\u00edt\u00edc\u00ed ty\u010dinky<\/strong>, tak\u017ee je mont\u00e1\u017e vhodn\u00e1 i pro <strong data-start=\"784\" data-end=\"801\">no\u010dn\u00ed rybolov<\/strong>.<\/p>\n<ul data-start=\"824\" data-end=\"1104\">\n<li data-start=\"824\" data-end=\"867\">\n<p style=\"text-align: left;\" data-start=\"826\" data-end=\"867\">Nosnost leadcoru: <strong data-start=\"844\" data-end=\"865\">45 LB (bez j\u00e1dra)<\/strong><\/p>\n<\/li>\n<li style=\"text-align: left;\" data-start=\"868\" data-end=\"893\">\n<p data-start=\"870\" data-end=\"893\">Po\u010det h\u00e1\u010dk\u016f: <strong data-start=\"883\" data-end=\"891\">2 ks<\/strong><\/p>\n<\/li>\n<li style=\"text-align: left;\" data-start=\"894\" data-end=\"943\">\n<p data-start=\"896\" data-end=\"943\">Mo\u017enost mont\u00e1\u017ee <strong data-start=\"912\" data-end=\"941\">2 v\u00e1le\u010dk\u016f technoplanktonu<\/strong><\/p>\n<\/li>\n<li style=\"text-align: left;\" data-start=\"944\" data-end=\"980\">\n<p data-start=\"946\" data-end=\"980\">Nastaven\u00ed hloubky: <strong data-start=\"965\" data-end=\"978\">30\u2013120 cm<\/strong><\/p>\n<\/li>\n<li style=\"text-align: left;\" data-start=\"981\" data-end=\"1009\">\n<p data-start=\"983\" data-end=\"1009\">Z\u00e1t\u011b\u017e: <strong data-start=\"990\" data-end=\"1007\">krou\u017ekov\u00fd typ<\/strong><\/p>\n<\/li>\n<li style=\"text-align: left;\" data-start=\"1010\" data-end=\"1055\">\n<p data-start=\"1012\" data-end=\"1055\">Plov\u00e1k pro <strong data-start=\"1023\" data-end=\"1053\">no\u010dn\u00ed pou\u017eit\u00ed se sv\u011bt\u00e9lkem<\/strong><\/p>\n<\/li>\n<li style=\"text-align: left;\" data-start=\"1056\" data-end=\"1104\">\n<p data-start=\"1058\" data-end=\"1104\">Sou\u010d\u00e1st\u00ed je <strong data-start=\"1070\" data-end=\"1102\">motadlo pro snadn\u00fd transport<\/strong><\/p>\n<\/li>\n<\/ul>\n\t\t<\/div>\n\t\t[\/vc_column][\/vc_row][vc_row][vc_column][vc_column_text css=&#8220;&#8220; woodmart_inline=&#8220;no&#8220; text_larger=&#8220;no&#8220;]<\/p>\n<p>[\/vc_column_text][\/vc_column][\/vc_row]<\/p>\n<\/div>","protected":false},"excerpt":{"rendered":"<p>[vc_row][vc_column][\/vc_column][\/vc_row][vc_row][vc_column][vc_column_text css=&#8220;&#8220; woodmart_inline=&#8220;no&#8220; text_larger=&#8220;no&#8220;] [\/vc_column_text][\/vc_column][\/vc_row]<\/p>\n","protected":false},"featured_media":2097,"template":"","meta":[],"product_brand":[64],"product_cat":[107,104],"product_tag":[],"class_list":{"0":"post-2096","1":"product","2":"type-product","3":"status-publish","4":"has-post-thumbnail","6":"product_brand-profmontaz","7":"product_cat-hotove-montaze","8":"product_cat-hotove-navazce-a-montaze","10":"first","11":"instock","12":"taxable","13":"shipping-taxable","14":"purchasable","15":"product-type-simple"},"_links":{"self":[{"href":"https:\/\/profmontaz.cz\/velkoobchod\/wp-json\/wp\/v2\/product\/2096","targetHints":{"allow":["GET"]}}],"collection":[{"href":"https:\/\/profmontaz.cz\/velkoobchod\/wp-json\/wp\/v2\/product"}],"about":[{"href":"https:\/\/profmontaz.cz\/velkoobchod\/wp-json\/wp\/v2\/types\/product"}],"wp:featuredmedia":[{"embeddable":true,"href":"https:\/\/profmontaz.cz\/velkoobchod\/wp-json\/wp\/v2\/media\/2097"}],"wp:attachment":[{"href":"https:\/\/profmontaz.cz\/velkoobchod\/wp-json\/wp\/v2\/media?parent=2096"}],"wp:term":[{"taxonomy":"product_brand","embeddable":true,"href":"https:\/\/profmontaz.cz\/velkoobchod\/wp-json\/wp\/v2\/product_brand?post=2096"},{"taxonomy":"product_cat","embeddable":true,"href":"https:\/\/profmontaz.cz\/velkoobchod\/wp-json\/wp\/v2\/product_cat?post=2096"},{"taxonomy":"product_tag","embeddable":true,"href":"https:\/\/profmontaz.cz\/velkoobchod\/wp-json\/wp\/v2\/product_tag?post=2096"}],"curies":[{"name":"wp","href":"https:\/\/api.w.org\/{rel}","templated":true}]}}