{"id":2098,"date":"2025-06-01T15:00:24","date_gmt":"2025-06-01T13:00:24","guid":{"rendered":"https:\/\/profmontaz.cz\/velkoobchod\/?post_type=product&#038;p=2098"},"modified":"2025-11-15T12:12:43","modified_gmt":"2025-11-15T11:12:43","slug":"montaz-leadcore-with-loops-and-quick-change-swivel-d-70%d1%81m-45lb-3-ks-5ks-bal","status":"publish","type":"product","link":"https:\/\/profmontaz.cz\/velkoobchod\/produkt\/montaz-leadcore-with-loops-and-quick-change-swivel-d-70%d1%81m-45lb-3-ks-5ks-bal\/","title":{"rendered":"Mont\u00e1\u017e Leadcore With Loops And Quick Change Swivel, D-70\u0441m, 45LB, 3 ks"},"content":{"rendered":"<div class=\"wpb-content-wrapper\"><p>[vc_row][vc_column]\t\t<div id=\"wd-68f7b97331a14\" class=\"wd-text-block wd-wpb reset-last-child wd-rs-68f7b97331a14 text-center vc_custom_1761065350139\">\n\t\t\t<p style=\"text-align: left;\" data-start=\"127\" data-end=\"195\"><strong data-start=\"127\" data-end=\"193\">Ledkor s o\u010dky a rychlov\u00fdm\u011bnn\u00fdm obratl\u00edkem L-70 cm, 45LB (3 ks)<\/strong><\/p>\n<p style=\"text-align: left;\" data-start=\"197\" data-end=\"384\">Kvalitn\u00ed <strong data-start=\"206\" data-end=\"251\">ledkor s o\u010dky a rychlov\u00fdm\u011bnn\u00fdm obratl\u00edkem<\/strong> je ur\u010den pro v\u00fdrobu v\u0161ech typ\u016f mont\u00e1\u017e\u00ed a sestav p\u0159i kapra\u0159in\u011b. Vyroben z <strong data-start=\"325\" data-end=\"365\">klesaj\u00edc\u00edho ledkoru Climax (Germany)<\/strong> s nosnost\u00ed 45LB.<\/p>\n<p style=\"text-align: left;\" data-start=\"386\" data-end=\"612\">Maskovac\u00ed barva <strong data-start=\"402\" data-end=\"410\">Camo<\/strong> dokonale spl\u00fdv\u00e1 s dnem a \u010din\u00ed mont\u00e1\u017e pro ryby t\u00e9m\u011b\u0159 neviditelnou. Na jednom konci je <strong data-start=\"496\" data-end=\"536\">smy\u010dka zalepen\u00e1 vod\u011bodoln\u00fdm lepidlem<\/strong>, na druh\u00e9m konci <strong data-start=\"554\" data-end=\"590\">obratl\u00edk s rychlov\u00fdm\u011bnn\u00fdm klipem<\/strong> pro snadnou mont\u00e1\u017e.<\/p>\n<p style=\"text-align: left;\" data-start=\"614\" data-end=\"709\">D\u00e9lka jednoho ledkoru je <strong data-start=\"639\" data-end=\"648\">70 cm<\/strong>, v balen\u00ed jsou <strong data-start=\"664\" data-end=\"674\">3 kusy<\/strong> p\u0159ipraven\u00e9 k okam\u017eit\u00e9mu pou\u017eit\u00ed.<\/p>\n\t\t<\/div>\n\t\t[\/vc_column][\/vc_row][vc_row][vc_column][vc_column_text css=&#8220;&#8220; woodmart_inline=&#8220;no&#8220; text_larger=&#8220;no&#8220;]<\/p>\n<p>[\/vc_column_text][\/vc_column][\/vc_row]<\/p>\n<\/div>","protected":false},"excerpt":{"rendered":"<p>[vc_row][vc_column][\/vc_column][\/vc_row][vc_row][vc_column][vc_column_text css=&#8220;&#8220; woodmart_inline=&#8220;no&#8220; text_larger=&#8220;no&#8220;] [\/vc_column_text][\/vc_column][\/vc_row]<\/p>\n","protected":false},"featured_media":2099,"template":"","meta":[],"product_brand":[64],"product_cat":[107,104],"product_tag":[],"class_list":{"0":"post-2098","1":"product","2":"type-product","3":"status-publish","4":"has-post-thumbnail","6":"product_brand-profmontaz","7":"product_cat-hotove-montaze","8":"product_cat-hotove-navazce-a-montaze","10":"first","11":"instock","12":"taxable","13":"shipping-taxable","14":"purchasable","15":"product-type-simple"},"_links":{"self":[{"href":"https:\/\/profmontaz.cz\/velkoobchod\/wp-json\/wp\/v2\/product\/2098","targetHints":{"allow":["GET"]}}],"collection":[{"href":"https:\/\/profmontaz.cz\/velkoobchod\/wp-json\/wp\/v2\/product"}],"about":[{"href":"https:\/\/profmontaz.cz\/velkoobchod\/wp-json\/wp\/v2\/types\/product"}],"wp:featuredmedia":[{"embeddable":true,"href":"https:\/\/profmontaz.cz\/velkoobchod\/wp-json\/wp\/v2\/media\/2099"}],"wp:attachment":[{"href":"https:\/\/profmontaz.cz\/velkoobchod\/wp-json\/wp\/v2\/media?parent=2098"}],"wp:term":[{"taxonomy":"product_brand","embeddable":true,"href":"https:\/\/profmontaz.cz\/velkoobchod\/wp-json\/wp\/v2\/product_brand?post=2098"},{"taxonomy":"product_cat","embeddable":true,"href":"https:\/\/profmontaz.cz\/velkoobchod\/wp-json\/wp\/v2\/product_cat?post=2098"},{"taxonomy":"product_tag","embeddable":true,"href":"https:\/\/profmontaz.cz\/velkoobchod\/wp-json\/wp\/v2\/product_tag?post=2098"}],"curies":[{"name":"wp","href":"https:\/\/api.w.org\/{rel}","templated":true}]}}