{"id":2100,"date":"2025-06-01T15:01:57","date_gmt":"2025-06-01T13:01:57","guid":{"rendered":"https:\/\/profmontaz.cz\/velkoobchod\/?post_type=product&#038;p=2100"},"modified":"2025-11-15T12:14:00","modified_gmt":"2025-11-15T11:14:00","slug":"montaz-safety-clip-rig-l-70%d1%81%d0%bc-45lb-3ks-5ks-bal","status":"publish","type":"product","link":"https:\/\/profmontaz.cz\/velkoobchod\/produkt\/montaz-safety-clip-rig-l-70%d1%81%d0%bc-45lb-3ks-5ks-bal\/","title":{"rendered":"Mont\u00e1\u017e Safety Clip Rig, L-70\u0441\u043c, 45LB, 3ks"},"content":{"rendered":"<div class=\"wpb-content-wrapper\"><p>[vc_row][vc_column]\t\t<div id=\"wd-68f8a9dec1c6f\" class=\"wd-text-block wd-wpb reset-last-child wd-rs-68f8a9dec1c6f text-center vc_custom_1761126927099\">\n\t\t\t<p style=\"text-align: left;\"><strong data-start=\"0\" data-end=\"56\" data-is-only-node=\"\">Mont\u00e1\u017e Safety Clip Rig, L-70\u0441\u043c 45LB (3 ks)<\/strong> \u2013 vyrobena z kvalitn\u00ed pot\u00e1p\u011bj\u00edc\u00ed se olov\u011bn\u00e9 \u0161\u0148\u016fry Climax (N\u011bmecko) s nosnost\u00ed 45 lb a d\u00e9lkou 70 cm. Barva Camo se dokonale sl\u00e9v\u00e1 s dnem vodn\u00ed plochy, co\u017e ji \u010din\u00ed pro ryby t\u00e9m\u011b\u0159 neviditelnou. D\u00edky bezpe\u010dnostn\u00edmu klipsu lze snadno m\u011bnit typ a hmotnost olova b\u011bhem rybolovu. Tato mont\u00e1\u017e se obvykle pou\u017e\u00edv\u00e1 p\u0159i kapra\u0159in\u011b v n\u00e1ro\u010dn\u00fdch podm\u00ednk\u00e1ch, kde hroz\u00ed zachycen\u00ed olova o kameny nebo v\u011btve \u2013 hlavn\u00ed sestava se v takov\u00e9m p\u0159\u00edpad\u011b snadno uvoln\u00ed a ryb\u00e1\u0159 m\u016f\u017ee pokra\u010dovat ve zdol\u00e1v\u00e1n\u00ed \u00falovku.<\/p>\n\t\t<\/div>\n\t\t[\/vc_column][\/vc_row][vc_row][vc_column][vc_column_text css=&#8220;&#8220; woodmart_inline=&#8220;no&#8220; text_larger=&#8220;no&#8220;]<\/p>\n<p>[\/vc_column_text][\/vc_column][\/vc_row]<\/p>\n<\/div>","protected":false},"excerpt":{"rendered":"<p>[vc_row][vc_column][\/vc_column][\/vc_row][vc_row][vc_column][vc_column_text css=&#8220;&#8220; woodmart_inline=&#8220;no&#8220; text_larger=&#8220;no&#8220;] [\/vc_column_text][\/vc_column][\/vc_row]<\/p>\n","protected":false},"featured_media":2101,"template":"","meta":[],"product_brand":[64],"product_cat":[107,104],"product_tag":[],"class_list":{"0":"post-2100","1":"product","2":"type-product","3":"status-publish","4":"has-post-thumbnail","6":"product_brand-profmontaz","7":"product_cat-hotove-montaze","8":"product_cat-hotove-navazce-a-montaze","10":"first","11":"instock","12":"taxable","13":"shipping-taxable","14":"purchasable","15":"product-type-simple"},"_links":{"self":[{"href":"https:\/\/profmontaz.cz\/velkoobchod\/wp-json\/wp\/v2\/product\/2100","targetHints":{"allow":["GET"]}}],"collection":[{"href":"https:\/\/profmontaz.cz\/velkoobchod\/wp-json\/wp\/v2\/product"}],"about":[{"href":"https:\/\/profmontaz.cz\/velkoobchod\/wp-json\/wp\/v2\/types\/product"}],"wp:featuredmedia":[{"embeddable":true,"href":"https:\/\/profmontaz.cz\/velkoobchod\/wp-json\/wp\/v2\/media\/2101"}],"wp:attachment":[{"href":"https:\/\/profmontaz.cz\/velkoobchod\/wp-json\/wp\/v2\/media?parent=2100"}],"wp:term":[{"taxonomy":"product_brand","embeddable":true,"href":"https:\/\/profmontaz.cz\/velkoobchod\/wp-json\/wp\/v2\/product_brand?post=2100"},{"taxonomy":"product_cat","embeddable":true,"href":"https:\/\/profmontaz.cz\/velkoobchod\/wp-json\/wp\/v2\/product_cat?post=2100"},{"taxonomy":"product_tag","embeddable":true,"href":"https:\/\/profmontaz.cz\/velkoobchod\/wp-json\/wp\/v2\/product_tag?post=2100"}],"curies":[{"name":"wp","href":"https:\/\/api.w.org\/{rel}","templated":true}]}}