{"id":2102,"date":"2025-06-01T15:03:39","date_gmt":"2025-06-01T13:03:39","guid":{"rendered":"https:\/\/profmontaz.cz\/velkoobchod\/?post_type=product&#038;p=2102"},"modified":"2025-11-15T12:05:52","modified_gmt":"2025-11-15T11:05:52","slug":"montaz-lead-core-safety-clip-l-70%d1%81m-45lb-hacek-wide-gape-6-1ks-5ks-bal","status":"publish","type":"product","link":"https:\/\/profmontaz.cz\/velkoobchod\/produkt\/montaz-lead-core-safety-clip-l-70%d1%81m-45lb-hacek-wide-gape-6-1ks-5ks-bal\/","title":{"rendered":"Mont\u00e1\u017e Lead Core Safety Clip, L-70\u0441m, 45LB (H\u00e1\u010dek WIDE GAPE #6)"},"content":{"rendered":"<div class=\"wpb-content-wrapper\"><p>[vc_row][vc_column]\t\t<div id=\"wd-68f7b19000122\" class=\"wd-text-block wd-wpb reset-last-child wd-rs-68f7b19000122 text-center vc_custom_1761063347640\">\n\t\t\t<p class=\"product_title entry-title wd-entities-title\" style=\"text-align: left;\">Mont\u00e1\u017e Lead Core Safety Clip, L-70\u0441m, 45LB (H\u00e1\u010dek WIDE GAPE #6)<\/p>\n<p style=\"text-align: left;\" data-start=\"126\" data-end=\"437\">Mont\u00e1\u017e je sestavena na klesaj\u00edc\u00edm ledkoru Climax (N\u011bmecko) s nosnost\u00ed 45LB, d\u00e9lka 70 cm. Je vybavena kvalitn\u00edm kaprov\u00fdm n\u00e1vazcem 25LB a h\u00e1\u010dkem tvaru WIDE GAPE, kter\u00fd se vyzna\u010duje vynikaj\u00edc\u00ed ostrost\u00ed a univerz\u00e1ln\u00edm pou\u017eit\u00edm n\u00e1strah. H\u00e1\u010dek spolehliv\u011b zasek\u00e1v\u00e1 rybu a dr\u017e\u00ed ji po celou dobu zdol\u00e1v\u00e1n\u00ed.<\/p>\n<p style=\"text-align: left;\" data-start=\"439\" data-end=\"677\">Kaprov\u00e1 mont\u00e1\u017e s bezpe\u010dnostn\u00ed sponou m\u00e1 \u0159adu v\u00fdhod a je velmi popul\u00e1rn\u00ed jak mezi sportovn\u00edmi kapra\u0159i, tak mezi b\u011b\u017en\u00fdmi milovn\u00edky kaprov\u00e9ho rybolovu. Rybolovci oce\u0148uj\u00ed tuto mont\u00e1\u017e pro jednoduchost a vynikaj\u00edc\u00ed funk\u010dn\u00ed vlastnosti.<\/p>\n<p style=\"text-align: left;\" data-start=\"679\" data-end=\"1003\">V t\u00e9to mont\u00e1\u017ei m\u016f\u017eete snadno vym\u011bnit z\u00e1t\u011b\u017e nebo h\u00e1\u010dek, a p\u0159i nahozen\u00ed se mont\u00e1\u017e nezamot\u00e1v\u00e1. M\u00e1 v\u00fdrazn\u00fd efekt samozaseknut\u00ed a vynikaj\u00edc\u00ed letov\u00e9 vlastnosti. V sportovn\u00edm rybolovu je mont\u00e1\u017e s bezpe\u010dnostn\u00ed sponou t\u00e9m\u011b\u0159 z\u00e1kladn\u00ed, proto\u017ee p\u0159i zachycen\u00ed nebo p\u0159etr\u017een\u00ed mont\u00e1\u017ee se kapr snadno zbav\u00ed z\u00e1t\u011b\u017ee a h\u00e1\u010dku.<\/p>\n\t\t<\/div>\n\t\t[\/vc_column][\/vc_row][vc_row][vc_column][vc_column_text css=&#8220;&#8220; woodmart_inline=&#8220;no&#8220; text_larger=&#8220;no&#8220;]<\/p>\n<p>[\/vc_column_text][\/vc_column][\/vc_row]<\/p>\n<\/div>","protected":false},"excerpt":{"rendered":"<p>[vc_row][vc_column][\/vc_column][\/vc_row][vc_row][vc_column][vc_column_text css=&#8220;&#8220; woodmart_inline=&#8220;no&#8220; text_larger=&#8220;no&#8220;] [\/vc_column_text][\/vc_column][\/vc_row]<\/p>\n","protected":false},"featured_media":2103,"template":"","meta":[],"product_brand":[64],"product_cat":[107,104],"product_tag":[],"class_list":{"0":"post-2102","1":"product","2":"type-product","3":"status-publish","4":"has-post-thumbnail","6":"product_brand-profmontaz","7":"product_cat-hotove-montaze","8":"product_cat-hotove-navazce-a-montaze","10":"first","11":"instock","12":"taxable","13":"shipping-taxable","14":"purchasable","15":"product-type-simple"},"_links":{"self":[{"href":"https:\/\/profmontaz.cz\/velkoobchod\/wp-json\/wp\/v2\/product\/2102","targetHints":{"allow":["GET"]}}],"collection":[{"href":"https:\/\/profmontaz.cz\/velkoobchod\/wp-json\/wp\/v2\/product"}],"about":[{"href":"https:\/\/profmontaz.cz\/velkoobchod\/wp-json\/wp\/v2\/types\/product"}],"wp:featuredmedia":[{"embeddable":true,"href":"https:\/\/profmontaz.cz\/velkoobchod\/wp-json\/wp\/v2\/media\/2103"}],"wp:attachment":[{"href":"https:\/\/profmontaz.cz\/velkoobchod\/wp-json\/wp\/v2\/media?parent=2102"}],"wp:term":[{"taxonomy":"product_brand","embeddable":true,"href":"https:\/\/profmontaz.cz\/velkoobchod\/wp-json\/wp\/v2\/product_brand?post=2102"},{"taxonomy":"product_cat","embeddable":true,"href":"https:\/\/profmontaz.cz\/velkoobchod\/wp-json\/wp\/v2\/product_cat?post=2102"},{"taxonomy":"product_tag","embeddable":true,"href":"https:\/\/profmontaz.cz\/velkoobchod\/wp-json\/wp\/v2\/product_tag?post=2102"}],"curies":[{"name":"wp","href":"https:\/\/api.w.org\/{rel}","templated":true}]}}