{"id":2106,"date":"2025-06-01T15:08:58","date_gmt":"2025-06-01T13:08:58","guid":{"rendered":"https:\/\/profmontaz.cz\/velkoobchod\/?post_type=product&#038;p=2106"},"modified":"2025-11-15T11:47:38","modified_gmt":"2025-11-15T10:47:38","slug":"montaz-helicopter-rig-l-70%d1%81m-45lb-3ks-5ks-bal","status":"publish","type":"product","link":"https:\/\/profmontaz.cz\/velkoobchod\/produkt\/montaz-helicopter-rig-l-70%d1%81m-45lb-3ks-5ks-bal\/","title":{"rendered":"Mont\u00e1\u017e Helicopter Rig, L-70\u0441m, 45LB"},"content":{"rendered":"<div class=\"wpb-content-wrapper\"><p>[vc_row][vc_column]\t\t<div id=\"wd-68f77e8156ac6\" class=\"wd-text-block wd-wpb reset-last-child wd-rs-68f77e8156ac6 text-center vc_custom_1761050257363\">\n\t\t\t<p style=\"text-align: left;\" data-start=\"51\" data-end=\"95\"><strong data-start=\"51\" data-end=\"93\">Mont\u00e1\u017e Helicopter L-70 cm, 45LB (3 ks)<\/strong><\/p>\n<p style=\"text-align: left;\" data-start=\"97\" data-end=\"305\">Efektivn\u00ed mont\u00e1\u017e <strong data-start=\"114\" data-end=\"136\">Helicopter L-70 cm<\/strong> je ur\u010dena pro <strong data-start=\"151\" data-end=\"180\">d\u00e1lkov\u00e9 a p\u0159esn\u00e9 nahozen\u00ed<\/strong>, vyzna\u010duje se vysokou citlivost\u00ed a odolnost\u00ed proti zamot\u00e1n\u00ed. Skv\u011ble se hod\u00ed pro lov v <strong data-start=\"267\" data-end=\"302\">bahnit\u00fdch a m\u00e9n\u011b zn\u00e1m\u00fdch vod\u00e1ch<\/strong>.<\/p>\n<p style=\"text-align: left;\" data-start=\"307\" data-end=\"488\">Mont\u00e1\u017e je sestavena na kvalitn\u00edm <strong data-start=\"340\" data-end=\"384\">klesaj\u00edc\u00edm ledkoru Climax (Germany) 45LB<\/strong>, d\u00e9lka 70 cm. D\u00edky <strong data-start=\"404\" data-end=\"433\">maskovac\u00edmu camo zbarven\u00ed<\/strong> dob\u0159e splyne s dnem a je pro ryby t\u00e9m\u011b\u0159 neviditeln\u00e1.<\/p>\n<p style=\"text-align: left;\" data-start=\"490\" data-end=\"624\">V\u0161echny smy\u010dky ledkoru jsou <strong data-start=\"518\" data-end=\"550\">pot\u0159eny vod\u011bodoln\u00fdm lepidlem<\/strong>. Odvod na rychlov\u00fdm\u011bnn\u00e9m <strong data-start=\"576\" data-end=\"589\">obratl\u00edku<\/strong> umo\u017e\u0148uje snadnou v\u00fdm\u011bnu n\u00e1vazc\u016f.<\/p>\n\t\t<\/div>\n\t\t[\/vc_column][\/vc_row][vc_row][vc_column][vc_column_text css=&#8220;&#8220; woodmart_inline=&#8220;no&#8220; text_larger=&#8220;no&#8220;]<\/p>\n<p>[\/vc_column_text][\/vc_column][\/vc_row]<\/p>\n<\/div>","protected":false},"excerpt":{"rendered":"<p>[vc_row][vc_column][\/vc_column][\/vc_row][vc_row][vc_column][vc_column_text css=&#8220;&#8220; woodmart_inline=&#8220;no&#8220; text_larger=&#8220;no&#8220;] [\/vc_column_text][\/vc_column][\/vc_row]<\/p>\n","protected":false},"featured_media":2107,"template":"","meta":[],"product_brand":[64],"product_cat":[107,104],"product_tag":[],"class_list":{"0":"post-2106","1":"product","2":"type-product","3":"status-publish","4":"has-post-thumbnail","6":"product_brand-profmontaz","7":"product_cat-hotove-montaze","8":"product_cat-hotove-navazce-a-montaze","10":"first","11":"instock","12":"taxable","13":"shipping-taxable","14":"purchasable","15":"product-type-simple"},"_links":{"self":[{"href":"https:\/\/profmontaz.cz\/velkoobchod\/wp-json\/wp\/v2\/product\/2106","targetHints":{"allow":["GET"]}}],"collection":[{"href":"https:\/\/profmontaz.cz\/velkoobchod\/wp-json\/wp\/v2\/product"}],"about":[{"href":"https:\/\/profmontaz.cz\/velkoobchod\/wp-json\/wp\/v2\/types\/product"}],"wp:featuredmedia":[{"embeddable":true,"href":"https:\/\/profmontaz.cz\/velkoobchod\/wp-json\/wp\/v2\/media\/2107"}],"wp:attachment":[{"href":"https:\/\/profmontaz.cz\/velkoobchod\/wp-json\/wp\/v2\/media?parent=2106"}],"wp:term":[{"taxonomy":"product_brand","embeddable":true,"href":"https:\/\/profmontaz.cz\/velkoobchod\/wp-json\/wp\/v2\/product_brand?post=2106"},{"taxonomy":"product_cat","embeddable":true,"href":"https:\/\/profmontaz.cz\/velkoobchod\/wp-json\/wp\/v2\/product_cat?post=2106"},{"taxonomy":"product_tag","embeddable":true,"href":"https:\/\/profmontaz.cz\/velkoobchod\/wp-json\/wp\/v2\/product_tag?post=2106"}],"curies":[{"name":"wp","href":"https:\/\/api.w.org\/{rel}","templated":true}]}}