{"id":2152,"date":"2025-06-02T12:22:58","date_gmt":"2025-06-02T10:22:58","guid":{"rendered":"https:\/\/profmontaz.cz\/velkoobchod\/?post_type=product&#038;p=2152"},"modified":"2025-11-15T15:16:40","modified_gmt":"2025-11-15T14:16:40","slug":"penova-nastraha-601-dancing-fish-45reverse-tail5-ks-bal","status":"publish","type":"product","link":"https:\/\/profmontaz.cz\/velkoobchod\/produkt\/penova-nastraha-601-dancing-fish-45reverse-tail5-ks-bal\/","title":{"rendered":"P\u011bnov\u00e1 n\u00e1straha 601 Dancing Fish 4,5&#8243;,(reverse tail) (5 kusy\/bal) (Cena je za kus)"},"content":{"rendered":"<div class=\"wpb-content-wrapper\"><p>[vc_row][vc_column]\t\t<div id=\"wd-683d7bb85bcb6\" class=\"wd-text-block wd-wpb reset-last-child wd-rs-683d7bb85bcb6 text-center vc_custom_1748859838652\">\n\t\t\t<p>Dancing Fish 4,5&#8243; (Reverse Tail) #601 (5ks) &#8211; nejv\u011bt\u0161\u00ed p\u011bnov\u00e1 n\u00e1straha v \u0159ad\u011b, velikost rybky je 11,5 cm &#8211; je ide\u00e1ln\u00ed pro lov na velk\u00fdch \u0159ek\u00e1ch, n\u00e1dr\u017e\u00edch na trofejn\u00ed ryby. P\u011bnov\u00e1 rybka m\u00e1 klasick\u00fd tvar se svislou polohou ocasu. Pro v\u011bt\u0161\u00ed pru\u017enost a dodate\u010dn\u00fd hlukov\u00fd efekt jsou ve st\u0159edn\u00ed \u010d\u00e1sti t\u011bla um\u00edst\u011bna \u017eebra. Spolu s excentrickou z\u00e1t\u011b\u017e\u00ed se n\u00e1straha hrav\u011b krout\u00ed i na rovn\u00fdch vodi\u010d\u00edch.<\/p>\n<p>Vyr\u00e1b\u00ed se v 15 osv\u011bd\u010den\u00fdch barv\u00e1ch, kter\u00e9 sv\u00edt\u00ed v ultrafialov\u00e9m sv\u011btle. Okam\u017eit\u011b vybavena siln\u00fdm a ostr\u00fdm dvojit\u00fdm h\u00e1\u010dkem, kter\u00fd je bezpe\u010dn\u011b uchycen v n\u00e1straze.<\/p>\n<p>Bez ohledu na s\u00edlu proudu hraje Dancing Fish stabiln\u011b a atraktivn\u011b. Zefektivn\u011bn\u00fd tvar t\u011bla a p\u0159id\u00e1n\u00ed n\u011bkolika gram\u016f s vodou prop\u016fj\u010duje p\u011bnov\u00e9 rybce v\u011bt\u0161\u00ed dosah. Jak se pat\u0159\u00ed, por\u00e9zn\u00ed struktura dob\u0159e dr\u017e\u00ed r\u016fzn\u00e9 atraktory. \u0160irok\u00e1 \u0161k\u00e1la velikost\u00ed umo\u017e\u0148uje lovit v\u011bt\u0161inu dravc\u016f na\u0161ich n\u00e1dr\u017e\u00ed, p\u0159edev\u0161\u00edm: cand\u00e1ta, \u0161tiku, sumce a okouna.<\/p>\n\t\t<\/div>\n\t\t[\/vc_column][\/vc_row][vc_row][vc_column][vc_column_text css=&#8220;&#8220; woodmart_inline=&#8220;no&#8220; text_larger=&#8220;no&#8220;]<\/p>\n<p>[\/vc_column_text][\/vc_column][\/vc_row]<\/p>\n<\/div>","protected":false},"excerpt":{"rendered":"<p>[vc_row][vc_column][\/vc_column][\/vc_row][vc_row][vc_column][vc_column_text css=&#8220;&#8220; woodmart_inline=&#8220;no&#8220; text_larger=&#8220;no&#8220;] [\/vc_column_text][\/vc_column][\/vc_row]<\/p>\n","protected":false},"featured_media":2153,"template":"","meta":[],"product_brand":[64],"product_cat":[112,111],"product_tag":[],"class_list":{"0":"post-2152","1":"product","2":"type-product","3":"status-publish","4":"has-post-thumbnail","6":"product_brand-profmontaz","7":"product_cat-penova-nastraha","8":"product_cat-vlaceci-nastrahy","10":"first","11":"instock","12":"taxable","13":"shipping-taxable","14":"purchasable","15":"product-type-simple"},"_links":{"self":[{"href":"https:\/\/profmontaz.cz\/velkoobchod\/wp-json\/wp\/v2\/product\/2152","targetHints":{"allow":["GET"]}}],"collection":[{"href":"https:\/\/profmontaz.cz\/velkoobchod\/wp-json\/wp\/v2\/product"}],"about":[{"href":"https:\/\/profmontaz.cz\/velkoobchod\/wp-json\/wp\/v2\/types\/product"}],"wp:featuredmedia":[{"embeddable":true,"href":"https:\/\/profmontaz.cz\/velkoobchod\/wp-json\/wp\/v2\/media\/2153"}],"wp:attachment":[{"href":"https:\/\/profmontaz.cz\/velkoobchod\/wp-json\/wp\/v2\/media?parent=2152"}],"wp:term":[{"taxonomy":"product_brand","embeddable":true,"href":"https:\/\/profmontaz.cz\/velkoobchod\/wp-json\/wp\/v2\/product_brand?post=2152"},{"taxonomy":"product_cat","embeddable":true,"href":"https:\/\/profmontaz.cz\/velkoobchod\/wp-json\/wp\/v2\/product_cat?post=2152"},{"taxonomy":"product_tag","embeddable":true,"href":"https:\/\/profmontaz.cz\/velkoobchod\/wp-json\/wp\/v2\/product_tag?post=2152"}],"curies":[{"name":"wp","href":"https:\/\/api.w.org\/{rel}","templated":true}]}}