{"id":2164,"date":"2025-06-02T12:34:47","date_gmt":"2025-06-02T10:34:47","guid":{"rendered":"https:\/\/profmontaz.cz\/velkoobchod\/?post_type=product&#038;p=2164"},"modified":"2025-11-15T15:10:58","modified_gmt":"2025-11-15T14:10:58","slug":"penova-nastraha-402-crayfish-352-ks-bal","status":"publish","type":"product","link":"https:\/\/profmontaz.cz\/velkoobchod\/produkt\/penova-nastraha-402-crayfish-352-ks-bal\/","title":{"rendered":"P\u011bnov\u00e1 n\u00e1straha 402 Crayfish 3,5&#8243; (2 kusy\/bal) (Cena je za kus)"},"content":{"rendered":"<div class=\"wpb-content-wrapper\"><p>[vc_row][vc_column]\t\t<div id=\"wd-683d7e60ce361\" class=\"wd-text-block wd-wpb reset-last-child wd-rs-683d7e60ce361 text-center vc_custom_1748860518573\">\n\t\t\t<p>CrayFish 3,5&#8243; #402 je inovativn\u00ed n\u00e1straha mezi p\u011bnov\u00fdmi rybkami, poprv\u00e9 se takov\u00fd rak vyr\u00e1b\u00ed s\u00e9riov\u011b. Rak zaujme sv\u00fdm detailn\u00edm zpracov\u00e1n\u00edm a propracovanost\u00ed ka\u017ed\u00e9ho prvku. Vytv\u00e1\u0159\u00ed tak realistickou imitaci kor\u00fd\u0161e. Rak se vyr\u00e1b\u00ed ve dvou velikostech 3,5 a 4 palce a v 15 osv\u011bd\u010den\u00fdch barv\u00e1ch. V z\u00e1vislosti na barv\u011b cel\u00fd kor\u00fd\u0161 nebo jeho jednotliv\u00e9 prvky z\u00e1\u0159\u00ed v UV sv\u011btle, \u010d\u00edm\u017e se n\u00e1straha st\u00e1v\u00e1 pro dravce viditeln\u011bj\u0161\u00ed.<\/p>\n<p>Obzvl\u00e1\u0161t\u011b d\u016fle\u017eit\u00e1 je UV z\u00e1\u0159e v hloubk\u00e1ch od 4 metr\u016f. N\u00e1straha je vybavena kvalitn\u00edm dvojit\u00fdm h\u00e1\u010dkem Origin, je bezpe\u010dn\u011b vlepen do t\u011bla n\u00e1strahy, tak\u017ee ryb\u00e1\u0159i nehroz\u00ed \u017e\u00e1dn\u00e9 sklouznut\u00ed nebo po\u0161kozen\u00ed hlavov\u00e9 \u010d\u00e1sti raka na n\u00e1straze.<\/p>\n<p>Nejlep\u0161\u00ed animace raka &#8211; to je nahazov\u00e1n\u00ed, vl\u00e1\u010den\u00ed po dn\u011b a obvykl\u00e9 postupn\u00e9 veden\u00ed, d\u016fle\u017eit\u00e9 je d\u011blat pauzy, pr\u00e1v\u011b p\u0159i pauz\u00e1ch, kdy rak hroz\u00ed zvednut\u00edm klepet, doch\u00e1z\u00ed k v\u011bt\u0161in\u011b z\u00e1b\u011br\u016f. Pou\u017eit\u00ed n\u00e1strah z kor\u00fd\u0161\u016f se osv\u011bd\u010dilo p\u0159i lovu \u0161tik, cand\u00e1t\u016f, okoun\u016f, sumc\u016f. V\u011bt\u0161ina ryb s oblibou p\u0159ij\u00edm\u00e1 lehkou ko\u0159ist v podob\u011b rak\u016f.<\/p>\n\t\t<\/div>\n\t\t[\/vc_column][\/vc_row][vc_row][vc_column][vc_column_text css=&#8220;&#8220; woodmart_inline=&#8220;no&#8220; text_larger=&#8220;no&#8220;]<\/p>\n<p>[\/vc_column_text][\/vc_column][\/vc_row]<\/p>\n<\/div>","protected":false},"excerpt":{"rendered":"<p>[vc_row][vc_column][\/vc_column][\/vc_row][vc_row][vc_column][vc_column_text css=&#8220;&#8220; woodmart_inline=&#8220;no&#8220; text_larger=&#8220;no&#8220;] [\/vc_column_text][\/vc_column][\/vc_row]<\/p>\n","protected":false},"featured_media":2165,"template":"","meta":[],"product_brand":[64],"product_cat":[112,111],"product_tag":[],"class_list":{"0":"post-2164","1":"product","2":"type-product","3":"status-publish","4":"has-post-thumbnail","6":"product_brand-profmontaz","7":"product_cat-penova-nastraha","8":"product_cat-vlaceci-nastrahy","10":"first","11":"instock","12":"taxable","13":"shipping-taxable","14":"purchasable","15":"product-type-simple"},"_links":{"self":[{"href":"https:\/\/profmontaz.cz\/velkoobchod\/wp-json\/wp\/v2\/product\/2164","targetHints":{"allow":["GET"]}}],"collection":[{"href":"https:\/\/profmontaz.cz\/velkoobchod\/wp-json\/wp\/v2\/product"}],"about":[{"href":"https:\/\/profmontaz.cz\/velkoobchod\/wp-json\/wp\/v2\/types\/product"}],"wp:featuredmedia":[{"embeddable":true,"href":"https:\/\/profmontaz.cz\/velkoobchod\/wp-json\/wp\/v2\/media\/2165"}],"wp:attachment":[{"href":"https:\/\/profmontaz.cz\/velkoobchod\/wp-json\/wp\/v2\/media?parent=2164"}],"wp:term":[{"taxonomy":"product_brand","embeddable":true,"href":"https:\/\/profmontaz.cz\/velkoobchod\/wp-json\/wp\/v2\/product_brand?post=2164"},{"taxonomy":"product_cat","embeddable":true,"href":"https:\/\/profmontaz.cz\/velkoobchod\/wp-json\/wp\/v2\/product_cat?post=2164"},{"taxonomy":"product_tag","embeddable":true,"href":"https:\/\/profmontaz.cz\/velkoobchod\/wp-json\/wp\/v2\/product_tag?post=2164"}],"curies":[{"name":"wp","href":"https:\/\/api.w.org\/{rel}","templated":true}]}}