{"id":2174,"date":"2025-06-02T13:42:32","date_gmt":"2025-06-02T11:42:32","guid":{"rendered":"https:\/\/profmontaz.cz\/velkoobchod\/?post_type=product&#038;p=2174"},"modified":"2025-11-15T15:04:46","modified_gmt":"2025-11-15T14:04:46","slug":"penova-nastraha-202-crayfish-42-ks-bal","status":"publish","type":"product","link":"https:\/\/profmontaz.cz\/velkoobchod\/produkt\/penova-nastraha-202-crayfish-42-ks-bal\/","title":{"rendered":"P\u011bnov\u00e1 n\u00e1straha 202 Crayfish 4&#8243; (2 kusy\/bal) (Cena je za kus)"},"content":{"rendered":"<div class=\"wpb-content-wrapper\"><p>[vc_row][vc_column]\t\t<div id=\"wd-683d8e42a4ea7\" class=\"wd-text-block wd-wpb reset-last-child wd-rs-683d8e42a4ea7 text-center vc_custom_1748864583710\">\n\t\t\t<p>P\u011bnov\u00fd rak CrayFish 4&#8243; #202 &#8211; inovativn\u00ed n\u00e1vnada mezi p\u011bnov\u00fdmi rybami, poprv\u00e9 je takov\u00fd rak vyr\u00e1b\u011bn s\u00e9riov\u011b. Rak ohrom\u00ed detailem a propracov\u00e1n\u00edm ka\u017ed\u00e9ho prvku. Vznik\u00e1 tak realistick\u00e1 napodobenina kor\u00fd\u0161e. Rak se vyr\u00e1b\u00ed ve dvou velikostech 3,5 a 4 palce, osv\u011bd\u010den\u00e9 barvy a v z\u00e1vislosti na jednotliv\u00fdch prvc\u00edch. z\u00e1\u0159\u00ed v ultrafialov\u00e9m sv\u011btle, d\u00edky \u010demu\u017e je n\u00e1vnada pro dravce viditeln\u011bj\u0161\u00ed.<\/p>\n<p>UV z\u00e1\u0159e je zvl\u00e1\u0161t\u011b d\u016fle\u017eit\u00e1 v hloubk\u00e1ch 4 metr\u016f. N\u00e1straha je vybavena kvalitn\u00edm dvojh\u00e1\u010dkem Origin, je bezpe\u010dn\u011b vlepena do t\u011bla n\u00e1strahy, tak\u017ee \u017e\u00e1dn\u00e9 uklouznut\u00ed nebo po\u0161kozen\u00ed hlavy raka p\u0159i p\u0159ist\u00e1n\u00ed nebude hrozit ryb\u00e1\u0159i.<\/p>\n<p>Nejlep\u0161\u00ed animac\u00ed Raka je h\u00e1zen\u00ed, ta\u017een\u00ed po dn\u011b a obvykl\u00e9 krokov\u00e9 dr\u00e1tov\u00e1n\u00ed, d\u016fle\u017eit\u00e9 je pauzovat, pr\u00e1v\u011b v pauz\u00e1ch, kdy rak v\u00fdhru\u017en\u011b zved\u00e1 dr\u00e1py, v\u011bt\u0161ina kousne. Pou\u017eit\u00ed n\u00e1vnad na kor\u00fd\u0161e se osv\u011bd\u010dilo p\u0159i lovu cand\u00e1t\u016f, \u0161tik, okoun\u016f a sumc\u016f. V\u011bt\u0161ina ryb si snadno pochutn\u00e1 na snadn\u00e9 ko\u0159isti v podob\u011b raka.<\/p>\n\t\t<\/div>\n\t\t[\/vc_column][\/vc_row][vc_row][vc_column][vc_column_text css=&#8220;&#8220; woodmart_inline=&#8220;no&#8220; text_larger=&#8220;no&#8220;]<\/p>\n<p>[\/vc_column_text][\/vc_column][\/vc_row]<\/p>\n<\/div>","protected":false},"excerpt":{"rendered":"<p>[vc_row][vc_column][\/vc_column][\/vc_row][vc_row][vc_column][vc_column_text css=&#8220;&#8220; woodmart_inline=&#8220;no&#8220; text_larger=&#8220;no&#8220;] [\/vc_column_text][\/vc_column][\/vc_row]<\/p>\n","protected":false},"featured_media":2175,"template":"","meta":[],"product_brand":[64],"product_cat":[112,111],"product_tag":[],"class_list":{"0":"post-2174","1":"product","2":"type-product","3":"status-publish","4":"has-post-thumbnail","6":"product_brand-profmontaz","7":"product_cat-penova-nastraha","8":"product_cat-vlaceci-nastrahy","10":"first","11":"instock","12":"taxable","13":"shipping-taxable","14":"purchasable","15":"product-type-simple"},"_links":{"self":[{"href":"https:\/\/profmontaz.cz\/velkoobchod\/wp-json\/wp\/v2\/product\/2174","targetHints":{"allow":["GET"]}}],"collection":[{"href":"https:\/\/profmontaz.cz\/velkoobchod\/wp-json\/wp\/v2\/product"}],"about":[{"href":"https:\/\/profmontaz.cz\/velkoobchod\/wp-json\/wp\/v2\/types\/product"}],"wp:featuredmedia":[{"embeddable":true,"href":"https:\/\/profmontaz.cz\/velkoobchod\/wp-json\/wp\/v2\/media\/2175"}],"wp:attachment":[{"href":"https:\/\/profmontaz.cz\/velkoobchod\/wp-json\/wp\/v2\/media?parent=2174"}],"wp:term":[{"taxonomy":"product_brand","embeddable":true,"href":"https:\/\/profmontaz.cz\/velkoobchod\/wp-json\/wp\/v2\/product_brand?post=2174"},{"taxonomy":"product_cat","embeddable":true,"href":"https:\/\/profmontaz.cz\/velkoobchod\/wp-json\/wp\/v2\/product_cat?post=2174"},{"taxonomy":"product_tag","embeddable":true,"href":"https:\/\/profmontaz.cz\/velkoobchod\/wp-json\/wp\/v2\/product_tag?post=2174"}],"curies":[{"name":"wp","href":"https:\/\/api.w.org\/{rel}","templated":true}]}}