{"id":2202,"date":"2025-06-02T13:57:08","date_gmt":"2025-06-02T11:57:08","guid":{"rendered":"https:\/\/profmontaz.cz\/velkoobchod\/?post_type=product&#038;p=2202"},"modified":"2025-11-15T16:14:07","modified_gmt":"2025-11-15T15:14:07","slug":"nastraha-mandula-4sm901-125-mm5","status":"publish","type":"product","link":"https:\/\/profmontaz.cz\/velkoobchod\/produkt\/nastraha-mandula-4sm901-125-mm5\/","title":{"rendered":"N\u00e1straha Mandula 4SM901 (125 mm),5&#8243;"},"content":{"rendered":"<div class=\"wpb-content-wrapper\"><p>[vc_row][vc_column]\t\t<div id=\"wd-683d91b384f19\" class=\"wd-text-block wd-wpb reset-last-child wd-rs-683d91b384f19 text-center vc_custom_1748865462708\">\n\t\t\t<p>Mandula 4S 5&#8243; 125mm (#901) &#8211; skl\u00e1d\u00e1 se ze 4 \u010d\u00e1st\u00ed t\u011bla, kter\u00e9 poskytuj\u00ed vynikaj\u00edc\u00ed hravost n\u00e1strahy, je vybavena dv\u011bma ostr\u00fdmi odpali\u0161ti \u010d\u00edslo 2 a 4. Ocas mandulky je opat\u0159en barevn\u00fdm lurexov\u00fdm lemem.<\/p>\n<p>Paletka obsahuje 14 osv\u011bd\u010den\u00fdch kontrastn\u00edch barev.<\/p>\n<p>Celkov\u00e1 d\u00e9lka n\u00e1strahy je 125 mm. Mandula 4s 5&#8243; je nejv\u011bt\u0161\u00ed v \u0159ad\u011b Classic 4s a je ur\u010dena pro lov trofejn\u00edch ryb &#8211; prim\u00e1rn\u011b \u0161tik, cand\u00e1t\u016f a sumc\u016f, tak\u017ee ka\u017ed\u00fd \u010dl\u00e1nek manduly je spolehliv\u00fd. Vynikaj\u00edc\u00ed vyv\u00e1\u017een\u00ed mandule 4s 5&#8243; umo\u017e\u0148uje stabiln\u011b pracovat jak na stojat\u00fdch vod\u00e1ch, tak v proudu.<\/p>\n<p>Mandula nen\u00ed vrtkav\u00e1, pokud jde o volbu hmotnosti: Jig &#8211; Rig nebo skl\u00e1dac\u00ed st\u0159ela, ale nejlep\u0161\u00edch v\u00fdsledk\u016f bez ohledu na typ n\u00e1vnady lze dos\u00e1hnout pou\u017eit\u00edm spole\u010dn\u011b se z\u00e1va\u017e\u00edm &#8222;DANCING RIG&#8220;.<\/p>\n\t\t<\/div>\n\t\t[\/vc_column][\/vc_row][vc_row][vc_column][vc_column_text css=&#8220;&#8220; woodmart_inline=&#8220;no&#8220; text_larger=&#8220;no&#8220;]<\/p>\n<p>[\/vc_column_text][\/vc_column][\/vc_row]<\/p>\n<\/div>","protected":false},"excerpt":{"rendered":"<p>[vc_row][vc_column][\/vc_column][\/vc_row][vc_row][vc_column][vc_column_text css=&#8220;&#8220; woodmart_inline=&#8220;no&#8220; text_larger=&#8220;no&#8220;] [\/vc_column_text][\/vc_column][\/vc_row]<\/p>\n","protected":false},"featured_media":2203,"template":"","meta":[],"product_brand":[64],"product_cat":[111,113],"product_tag":[],"class_list":{"0":"post-2202","1":"product","2":"type-product","3":"status-publish","4":"has-post-thumbnail","6":"product_brand-profmontaz","7":"product_cat-vlaceci-nastrahy","8":"product_cat-vlaceci-nastrahy-mandula","10":"first","11":"instock","12":"taxable","13":"shipping-taxable","14":"purchasable","15":"product-type-simple"},"_links":{"self":[{"href":"https:\/\/profmontaz.cz\/velkoobchod\/wp-json\/wp\/v2\/product\/2202","targetHints":{"allow":["GET"]}}],"collection":[{"href":"https:\/\/profmontaz.cz\/velkoobchod\/wp-json\/wp\/v2\/product"}],"about":[{"href":"https:\/\/profmontaz.cz\/velkoobchod\/wp-json\/wp\/v2\/types\/product"}],"wp:featuredmedia":[{"embeddable":true,"href":"https:\/\/profmontaz.cz\/velkoobchod\/wp-json\/wp\/v2\/media\/2203"}],"wp:attachment":[{"href":"https:\/\/profmontaz.cz\/velkoobchod\/wp-json\/wp\/v2\/media?parent=2202"}],"wp:term":[{"taxonomy":"product_brand","embeddable":true,"href":"https:\/\/profmontaz.cz\/velkoobchod\/wp-json\/wp\/v2\/product_brand?post=2202"},{"taxonomy":"product_cat","embeddable":true,"href":"https:\/\/profmontaz.cz\/velkoobchod\/wp-json\/wp\/v2\/product_cat?post=2202"},{"taxonomy":"product_tag","embeddable":true,"href":"https:\/\/profmontaz.cz\/velkoobchod\/wp-json\/wp\/v2\/product_tag?post=2202"}],"curies":[{"name":"wp","href":"https:\/\/api.w.org\/{rel}","templated":true}]}}