{"id":2217,"date":"2025-06-02T14:05:45","date_gmt":"2025-06-02T12:05:45","guid":{"rendered":"https:\/\/profmontaz.cz\/velkoobchod\/?post_type=product&#038;p=2217"},"modified":"2025-11-15T16:37:02","modified_gmt":"2025-11-15T15:37:02","slug":"nastraha-mandula-909-micro-45mm-18","status":"publish","type":"product","link":"https:\/\/profmontaz.cz\/velkoobchod\/produkt\/nastraha-mandula-909-micro-45mm-18\/","title":{"rendered":"N\u00e1straha Mandula 909 micro (45mm) 1,8&#8243;"},"content":{"rendered":"<div class=\"wpb-content-wrapper\"><p>[vc_row][vc_column]\t\t<div id=\"wd-683d93b69918a\" class=\"wd-text-block wd-wpb reset-last-child wd-rs-683d93b69918a text-center vc_custom_1748865977886\">\n\t\t\t<p>Mandula Killer Worm 3 segmenty 45mm (#909) &#8211; nejmen\u0161\u00ed ze s\u00e9rie Killer Worm, t\u011blo je tvo\u0159eno 3 mal\u00fdmi segmenty, ka\u017ed\u00fd d\u00edl je rozd\u011blen kor\u00e1lky, celkov\u00e1 d\u00e9lka mandulky je pouze 45mm. Toto je skute\u010dn\u00fd n\u00e1lez pro rybolov microjig. Trofejemi tohoto drobe\u010dka jsou p\u0159edev\u0161\u00edm okouni a cand\u00e1t se \u0161tikou, ale zejm\u00e9na na ja\u0159e dob\u0159e l\u00e1k\u00e1 karasy a kapry, svou hrou p\u0159ipom\u00edn\u00e1 tak \u017e\u00e1dan\u00e9ho \u010derva.<\/p>\n<p>Paleta barev m\u00e1 14 kontrastn\u00edch, dvou a t\u0159\u00ed barevn\u00fdch kombinac\u00ed. Vybaveno dv\u011bma ostr\u00fdmi odpali\u0161ti \u010d\u00edsel 10 a 12. Okraj na ocasu je vyroben z lurexov\u00e9 a vln\u011bn\u00e9 nit\u011b, z\u00e1\u0159\u00ed v ultrafialov\u00e9m sv\u011btle, kter\u00e9 nav\u00edc provokuje dravce. N\u00e1straha dob\u0159e funguje jak na stojat\u00fdch vod\u00e1ch, tak na \u0159ece. Umo\u017e\u0148uje vybavit jak\u00fdkoli typ.<\/p>\n\t\t<\/div>\n\t\t[\/vc_column][\/vc_row][vc_row][vc_column][vc_column_text css=&#8220;&#8220; woodmart_inline=&#8220;no&#8220; text_larger=&#8220;no&#8220;]<\/p>\n<p>[\/vc_column_text][\/vc_column][\/vc_row]<\/p>\n<\/div>","protected":false},"excerpt":{"rendered":"<p>[vc_row][vc_column][\/vc_column][\/vc_row][vc_row][vc_column][vc_column_text css=&#8220;&#8220; woodmart_inline=&#8220;no&#8220; text_larger=&#8220;no&#8220;] [\/vc_column_text][\/vc_column][\/vc_row]<\/p>\n","protected":false},"featured_media":2218,"template":"","meta":[],"product_brand":[64],"product_cat":[111,113],"product_tag":[],"class_list":{"0":"post-2217","1":"product","2":"type-product","3":"status-publish","4":"has-post-thumbnail","6":"product_brand-profmontaz","7":"product_cat-vlaceci-nastrahy","8":"product_cat-vlaceci-nastrahy-mandula","10":"first","11":"instock","12":"taxable","13":"shipping-taxable","14":"purchasable","15":"product-type-simple"},"_links":{"self":[{"href":"https:\/\/profmontaz.cz\/velkoobchod\/wp-json\/wp\/v2\/product\/2217","targetHints":{"allow":["GET"]}}],"collection":[{"href":"https:\/\/profmontaz.cz\/velkoobchod\/wp-json\/wp\/v2\/product"}],"about":[{"href":"https:\/\/profmontaz.cz\/velkoobchod\/wp-json\/wp\/v2\/types\/product"}],"wp:featuredmedia":[{"embeddable":true,"href":"https:\/\/profmontaz.cz\/velkoobchod\/wp-json\/wp\/v2\/media\/2218"}],"wp:attachment":[{"href":"https:\/\/profmontaz.cz\/velkoobchod\/wp-json\/wp\/v2\/media?parent=2217"}],"wp:term":[{"taxonomy":"product_brand","embeddable":true,"href":"https:\/\/profmontaz.cz\/velkoobchod\/wp-json\/wp\/v2\/product_brand?post=2217"},{"taxonomy":"product_cat","embeddable":true,"href":"https:\/\/profmontaz.cz\/velkoobchod\/wp-json\/wp\/v2\/product_cat?post=2217"},{"taxonomy":"product_tag","embeddable":true,"href":"https:\/\/profmontaz.cz\/velkoobchod\/wp-json\/wp\/v2\/product_tag?post=2217"}],"curies":[{"name":"wp","href":"https:\/\/api.w.org\/{rel}","templated":true}]}}