{"id":2224,"date":"2025-06-02T14:09:50","date_gmt":"2025-06-02T12:09:50","guid":{"rendered":"https:\/\/profmontaz.cz\/velkoobchod\/?post_type=product&#038;p=2224"},"modified":"2025-11-15T16:21:23","modified_gmt":"2025-11-15T15:21:23","slug":"nastraha-mandula-903-micro-55mm-22","status":"publish","type":"product","link":"https:\/\/profmontaz.cz\/velkoobchod\/produkt\/nastraha-mandula-903-micro-55mm-22\/","title":{"rendered":"N\u00e1straha Mandula 903 micro (55mm) 2,2&#8243;"},"content":{"rendered":"<div class=\"wpb-content-wrapper\"><p>[vc_row][vc_column]\t\t<div id=\"wd-683d94adf21b4\" class=\"wd-text-block wd-wpb reset-last-child wd-rs-683d94adf21b4 text-center vc_custom_1748866224491\">\n\t\t\t<p>Mandula Killer Worm 4 segmenty 55mm (#903) &#8211; t\u011blo se skl\u00e1d\u00e1 ze 4 segment\u016f, ka\u017ed\u00e1 \u010d\u00e1st je odd\u011blena kor\u00e1lky, celkov\u00e1 d\u00e9lka mandulky je 55mm. V \u0159ad\u011b Killer Worm se jedn\u00e1 o st\u0159edn\u011b velkou mandulu, skv\u011blou jak pro microjig, tak pro lehk\u00fd lov. Za prv\u00e9, trofej\u00ed t\u00e9to mandule jsou okouni, ale cand\u00e1ti a \u0161tice se tak\u00e9 nebr\u00e1n\u00ed hodovat na tak chutn\u00e9 napodobenin\u011b \u010derva.<\/p>\n<p>Paleta barev m\u00e1 14 kontrastn\u00edch, dvou a t\u0159\u00ed barevn\u00fdch kombinac\u00ed. Vybaveno dv\u011bma ostr\u00fdmi odpali\u0161ti \u010d\u00edsel 10 a 12. Okraj na ocasu je vyroben z lurexov\u00e9 a vln\u011bn\u00e9 nit\u011b, z\u00e1\u0159\u00ed v ultrafialov\u00e9m sv\u011btle, kter\u00e9 nav\u00edc provokuje dravce. N\u00e1straha dob\u0159e funguje jak na stojat\u00fdch vod\u00e1ch, tak na \u0159ece. Umo\u017e\u0148uje vybavit jej jak\u00fdmkoli typem z\u00e1va\u017e\u00ed.<\/p>\n\t\t<\/div>\n\t\t[\/vc_column][\/vc_row][vc_row][vc_column][vc_column_text css=&#8220;&#8220; woodmart_inline=&#8220;no&#8220; text_larger=&#8220;no&#8220;]<\/p>\n<p>[\/vc_column_text][\/vc_column][\/vc_row]<\/p>\n<\/div>","protected":false},"excerpt":{"rendered":"<p>[vc_row][vc_column][\/vc_column][\/vc_row][vc_row][vc_column][vc_column_text css=&#8220;&#8220; woodmart_inline=&#8220;no&#8220; text_larger=&#8220;no&#8220;] [\/vc_column_text][\/vc_column][\/vc_row]<\/p>\n","protected":false},"featured_media":2225,"template":"","meta":[],"product_brand":[64],"product_cat":[111,113],"product_tag":[],"class_list":{"0":"post-2224","1":"product","2":"type-product","3":"status-publish","4":"has-post-thumbnail","6":"product_brand-profmontaz","7":"product_cat-vlaceci-nastrahy","8":"product_cat-vlaceci-nastrahy-mandula","10":"first","11":"instock","12":"taxable","13":"shipping-taxable","14":"purchasable","15":"product-type-simple"},"_links":{"self":[{"href":"https:\/\/profmontaz.cz\/velkoobchod\/wp-json\/wp\/v2\/product\/2224","targetHints":{"allow":["GET"]}}],"collection":[{"href":"https:\/\/profmontaz.cz\/velkoobchod\/wp-json\/wp\/v2\/product"}],"about":[{"href":"https:\/\/profmontaz.cz\/velkoobchod\/wp-json\/wp\/v2\/types\/product"}],"wp:featuredmedia":[{"embeddable":true,"href":"https:\/\/profmontaz.cz\/velkoobchod\/wp-json\/wp\/v2\/media\/2225"}],"wp:attachment":[{"href":"https:\/\/profmontaz.cz\/velkoobchod\/wp-json\/wp\/v2\/media?parent=2224"}],"wp:term":[{"taxonomy":"product_brand","embeddable":true,"href":"https:\/\/profmontaz.cz\/velkoobchod\/wp-json\/wp\/v2\/product_brand?post=2224"},{"taxonomy":"product_cat","embeddable":true,"href":"https:\/\/profmontaz.cz\/velkoobchod\/wp-json\/wp\/v2\/product_cat?post=2224"},{"taxonomy":"product_tag","embeddable":true,"href":"https:\/\/profmontaz.cz\/velkoobchod\/wp-json\/wp\/v2\/product_tag?post=2224"}],"curies":[{"name":"wp","href":"https:\/\/api.w.org\/{rel}","templated":true}]}}