{"id":2238,"date":"2025-06-02T14:20:05","date_gmt":"2025-06-02T12:20:05","guid":{"rendered":"https:\/\/profmontaz.cz\/velkoobchod\/?post_type=product&#038;p=2238"},"modified":"2025-11-15T16:38:21","modified_gmt":"2025-11-15T15:38:21","slug":"nastraha-mandula-909-micro-60mm-24","status":"publish","type":"product","link":"https:\/\/profmontaz.cz\/velkoobchod\/produkt\/nastraha-mandula-909-micro-60mm-24\/","title":{"rendered":"N\u00e1straha Mandula 909 micro (60mm) 2,4&#8243;"},"content":{"rendered":"<div class=\"wpb-content-wrapper\"><p>[vc_row][vc_column]\t\t<div id=\"wd-683d973f009bd\" class=\"wd-text-block wd-wpb reset-last-child wd-rs-683d973f009bd text-center vc_custom_1748866882481\">\n\t\t\t<p>Mandula Killer Worm 5 segment\u016f 60mm (#909) &#8211; nejv\u011bt\u0161\u00ed mandulka ze s\u00e9rie Killer Worm, t\u011blo je tvo\u0159eno 5 segmenty, ka\u017ed\u00fd d\u00edl je odd\u011blen kor\u00e1lky, celkov\u00e1 d\u00e9lka mandulky je 60mm. D\u00edky sv\u00e9 v\u00edced\u00edln\u00e9 sekci p\u0159edv\u00e1d\u00ed &#8222;zabij\u00e1k&#8220; velmi \u017eivou hru a jasn\u011b reaguje na v\u0161echny akce ryb\u00e1\u0159e. Killer Worm 2,4&#8243; perfektn\u011b sv\u00e1d\u00ed okouny, cand\u00e1ta i \u0161tiky a je nepostradatelnou n\u00e1strahou p\u0159i lehk\u00e9m lovu na vrto\u0161iv\u00e9 ryby. Dob\u0159e funguje klidn\u00e1 krokov\u00e1 animace bez prudk\u00e9ho n\u00e1hozu, pro velmi pasivn\u00ed ryby se vyplat\u00ed pou\u017e\u00edt p\u0159etahov\u00e1n\u00ed s pauzami.<\/p>\n<p>Paleta barev obsahuje 14 kontrastn\u00edch, dvou a t\u0159\u00ed barevn\u00fdch kombinac\u00ed. Je vybaven dv\u011bma ostr\u00fdmi odpali\u0161ti \u010d\u00edsel 10 a 12. Hrana ocasu je vyrobena z lurexov\u00e9 a vln\u011bn\u00e9 nit\u011b, sv\u00edt\u00ed v ultrafialov\u00e9m sv\u011btle, co\u017e dravce nav\u00edc provokuje. N\u00e1straha dob\u0159e funguje jak na stojat\u00fdch vod\u00e1ch, tak na \u0159ece. Umo\u017e\u0148uje vybavit jej jak\u00fdmkoli typem z\u00e1va\u017e\u00ed.<\/p>\n\t\t<\/div>\n\t\t[\/vc_column][\/vc_row][vc_row][vc_column][vc_column_text css=&#8220;&#8220; woodmart_inline=&#8220;no&#8220; text_larger=&#8220;no&#8220;]<\/p>\n<p>[\/vc_column_text][\/vc_column][\/vc_row]<\/p>\n<\/div>","protected":false},"excerpt":{"rendered":"<p>[vc_row][vc_column][\/vc_column][\/vc_row][vc_row][vc_column][vc_column_text css=&#8220;&#8220; woodmart_inline=&#8220;no&#8220; text_larger=&#8220;no&#8220;] [\/vc_column_text][\/vc_column][\/vc_row]<\/p>\n","protected":false},"featured_media":2239,"template":"","meta":[],"product_brand":[64],"product_cat":[111,113],"product_tag":[],"class_list":{"0":"post-2238","1":"product","2":"type-product","3":"status-publish","4":"has-post-thumbnail","6":"product_brand-profmontaz","7":"product_cat-vlaceci-nastrahy","8":"product_cat-vlaceci-nastrahy-mandula","10":"first","11":"instock","12":"taxable","13":"shipping-taxable","14":"purchasable","15":"product-type-simple"},"_links":{"self":[{"href":"https:\/\/profmontaz.cz\/velkoobchod\/wp-json\/wp\/v2\/product\/2238","targetHints":{"allow":["GET"]}}],"collection":[{"href":"https:\/\/profmontaz.cz\/velkoobchod\/wp-json\/wp\/v2\/product"}],"about":[{"href":"https:\/\/profmontaz.cz\/velkoobchod\/wp-json\/wp\/v2\/types\/product"}],"wp:featuredmedia":[{"embeddable":true,"href":"https:\/\/profmontaz.cz\/velkoobchod\/wp-json\/wp\/v2\/media\/2239"}],"wp:attachment":[{"href":"https:\/\/profmontaz.cz\/velkoobchod\/wp-json\/wp\/v2\/media?parent=2238"}],"wp:term":[{"taxonomy":"product_brand","embeddable":true,"href":"https:\/\/profmontaz.cz\/velkoobchod\/wp-json\/wp\/v2\/product_brand?post=2238"},{"taxonomy":"product_cat","embeddable":true,"href":"https:\/\/profmontaz.cz\/velkoobchod\/wp-json\/wp\/v2\/product_cat?post=2238"},{"taxonomy":"product_tag","embeddable":true,"href":"https:\/\/profmontaz.cz\/velkoobchod\/wp-json\/wp\/v2\/product_tag?post=2238"}],"curies":[{"name":"wp","href":"https:\/\/api.w.org\/{rel}","templated":true}]}}