{"id":2250,"date":"2025-06-02T14:39:34","date_gmt":"2025-06-02T12:39:34","guid":{"rendered":"https:\/\/profmontaz.cz\/velkoobchod\/?post_type=product&#038;p=2250"},"modified":"2025-11-15T16:41:42","modified_gmt":"2025-11-15T15:41:42","slug":"nastraha-mandula-912-mini-80mm-32","status":"publish","type":"product","link":"https:\/\/profmontaz.cz\/velkoobchod\/produkt\/nastraha-mandula-912-mini-80mm-32\/","title":{"rendered":"N\u00e1straha Mandula 912 (mini) (80mm) 3,2&#8243;"},"content":{"rendered":"<div class=\"wpb-content-wrapper\"><p>[vc_row][vc_column]\t\t<div id=\"wd-683d9ba277ef8\" class=\"wd-text-block wd-wpb reset-last-child wd-rs-683d9ba277ef8 text-center vc_custom_1748868005064\">\n\t\t\t<p>Mandula Classic Mini 3,2&#8243; (#912) &#8211; vyrobeno ze 3 kulovit\u00fdch segment\u016f. Ka\u017ed\u00fd segment je k sob\u011b p\u0159ipevn\u011bn pevn\u00fdm nerezov\u00fdm dr\u00e1tem #0,8 v pr\u016fm\u011bru. Cel\u00e1 \u0159ada Classic je spolehliv\u00e1 a v\u00fdkonn\u00e1. Vybavena dv\u011bma ostr\u00fdmi odpali\u0161ti \u010d\u00edslo 2 a 4. Lem na ocasu je vyroben z vysoce kvalitn\u00edho lurexu, kter\u00fd nav\u00edc obsahuje osv\u011bd\u010denou \u0159adu barev 14 mandula ru\u010dn\u011b ve f\u00e1zi v\u00fdroby. velikost manduly 80 mm je univerz\u00e1ln\u00ed, tak\u017ee Classic Mini 3.2 se dob\u0159e hod\u00ed pro lov r\u016fzn\u00fdch dravc\u016f: cand\u00e1t\u016f, \u0161tik, okoun\u016f, sumc\u016f a dokonce i os\u016f Ve v\u011bt\u0161in\u011b p\u0159\u00edpad\u016f se ve dnech absolutn\u00ed apatie dravc\u016f st\u00e1v\u00e1 zachr\u00e1ncem ryb\u00e1\u0159\u016f pr\u00e1v\u011b mandula Classic Mini 3.2&#8243;. N\u00e1straha je perfektn\u011b vyv\u00e1\u017een\u00e1 &#8211; proto je stejn\u011b \u00fa\u010dinn\u00e1 jak na jezerech, n\u00e1dr\u017e\u00edch, tak na \u0159ek\u00e1ch. Je zcela nen\u00e1ro\u010dn\u00fd na typ a v\u00e1hu z\u00e1t\u011b\u017ee &#8211; dob\u0159e funguje na skl\u00e1dac\u00ed Cheburashce, na Jig-Rig a dal\u0161\u00edch typech ryb\u00e1\u0159sk\u00fdch z\u00e1t\u011b\u017e\u00ed na jigging.<\/p>\n\t\t<\/div>\n\t\t[\/vc_column][\/vc_row][vc_row][vc_column][vc_column_text css=&#8220;&#8220; woodmart_inline=&#8220;no&#8220; text_larger=&#8220;no&#8220;]<\/p>\n<p>[\/vc_column_text][\/vc_column][\/vc_row]<\/p>\n<\/div>","protected":false},"excerpt":{"rendered":"<p>[vc_row][vc_column][\/vc_column][\/vc_row][vc_row][vc_column][vc_column_text css=&#8220;&#8220; woodmart_inline=&#8220;no&#8220; text_larger=&#8220;no&#8220;] [\/vc_column_text][\/vc_column][\/vc_row]<\/p>\n","protected":false},"featured_media":2251,"template":"","meta":[],"product_brand":[64],"product_cat":[111,113],"product_tag":[],"class_list":{"0":"post-2250","1":"product","2":"type-product","3":"status-publish","4":"has-post-thumbnail","6":"product_brand-profmontaz","7":"product_cat-vlaceci-nastrahy","8":"product_cat-vlaceci-nastrahy-mandula","10":"first","11":"instock","12":"taxable","13":"shipping-taxable","14":"purchasable","15":"product-type-simple"},"_links":{"self":[{"href":"https:\/\/profmontaz.cz\/velkoobchod\/wp-json\/wp\/v2\/product\/2250","targetHints":{"allow":["GET"]}}],"collection":[{"href":"https:\/\/profmontaz.cz\/velkoobchod\/wp-json\/wp\/v2\/product"}],"about":[{"href":"https:\/\/profmontaz.cz\/velkoobchod\/wp-json\/wp\/v2\/types\/product"}],"wp:featuredmedia":[{"embeddable":true,"href":"https:\/\/profmontaz.cz\/velkoobchod\/wp-json\/wp\/v2\/media\/2251"}],"wp:attachment":[{"href":"https:\/\/profmontaz.cz\/velkoobchod\/wp-json\/wp\/v2\/media?parent=2250"}],"wp:term":[{"taxonomy":"product_brand","embeddable":true,"href":"https:\/\/profmontaz.cz\/velkoobchod\/wp-json\/wp\/v2\/product_brand?post=2250"},{"taxonomy":"product_cat","embeddable":true,"href":"https:\/\/profmontaz.cz\/velkoobchod\/wp-json\/wp\/v2\/product_cat?post=2250"},{"taxonomy":"product_tag","embeddable":true,"href":"https:\/\/profmontaz.cz\/velkoobchod\/wp-json\/wp\/v2\/product_tag?post=2250"}],"curies":[{"name":"wp","href":"https:\/\/api.w.org\/{rel}","templated":true}]}}