{"id":2258,"date":"2025-06-02T14:43:41","date_gmt":"2025-06-02T12:43:41","guid":{"rendered":"https:\/\/profmontaz.cz\/velkoobchod\/?post_type=product&#038;p=2258"},"modified":"2025-11-15T16:12:59","modified_gmt":"2025-11-15T15:12:59","slug":"nastraha-mandula-315-100mm-4","status":"publish","type":"product","link":"https:\/\/profmontaz.cz\/velkoobchod\/produkt\/nastraha-mandula-315-100mm-4\/","title":{"rendered":"N\u00e1straha Mandula 315 (100mm) 4&#8243;"},"content":{"rendered":"<div class=\"wpb-content-wrapper\"><p>[vc_row][vc_column]\t\t<div id=\"wd-683d9c98225e2\" class=\"wd-text-block wd-wpb reset-last-child wd-rs-683d9c98225e2 text-center vc_custom_1748868250931\">\n\t\t\t<p>Mandula Classic 3 segmenty 100mm (#315) &#8211; m\u00e1 nej\u0161ir\u0161\u00ed paletu &#8211; 152 kontrastn\u00edch, dvou a t\u0159\u00ed barevn\u00fdch kombinac\u00ed, umo\u017e\u0148uje vybrat si mandulu pro jak\u00fdkoli vkus a podm\u00ednky lovu dravc\u016f. Vyrobeno ze 3 segment\u016f proudnicov\u00e9ho tvaru. Dnes se tento tvar t\u011bla ji\u017e stal klasikou a byl testov\u00e1n miliony ryb\u00e1\u0159\u016f po cel\u00e9m sv\u011bt\u011b. Celkov\u00e1 d\u00e9lka 10 cm je univerz\u00e1ln\u00ed st\u0159edn\u00ed velikost, dob\u0159e se hod\u00ed pro lov r\u016fzn\u00fdch dravc\u016f: cand\u00e1ta, \u0161tiky, okouna, sumce a dokonce i osina. Osazeno dv\u011bma ostr\u00fdmi odpali\u0161ti \u010d\u00edsel 2 a 4. Trim na ocasu je vyroben z kvalitn\u00edho dvoubarevn\u00e9ho lurexu, kter\u00fd je ve f\u00e1zi v\u00fdroby manduly nav\u00edc ru\u010dn\u011b na\u010dechran\u00fd. N\u00e1straha funguje dob\u0159e jak na stojat\u00fdch vod\u00e1ch, tak i v proudu. Nen\u00ed nijak n\u00e1ro\u010dn\u00e1 na druh z\u00e1t\u011b\u017ee (skl\u00e1dac\u00ed Cheburashka, Jig &#8211; Rig, Dancing &#8211; Rig a dal\u0161\u00ed). D\u00edky proudnicov\u00e9mu tvaru t\u011bla umo\u017e\u0148uje lovit na velk\u00e9 vzd\u00e1lenosti, kde ryby z velk\u00e9 \u010d\u00e1sti nejsou tak b\u00e1zliv\u00e9 a ostatn\u00ed ryb\u00e1\u0159i je netla\u010d\u00ed.<\/p>\n\t\t<\/div>\n\t\t[\/vc_column][\/vc_row][vc_row][vc_column][vc_column_text css=&#8220;&#8220; woodmart_inline=&#8220;no&#8220; text_larger=&#8220;no&#8220;]<\/p>\n<p>[\/vc_column_text][\/vc_column][\/vc_row]<\/p>\n<\/div>","protected":false},"excerpt":{"rendered":"<p>[vc_row][vc_column][\/vc_column][\/vc_row][vc_row][vc_column][vc_column_text css=&#8220;&#8220; woodmart_inline=&#8220;no&#8220; text_larger=&#8220;no&#8220;] [\/vc_column_text][\/vc_column][\/vc_row]<\/p>\n","protected":false},"featured_media":2259,"template":"","meta":[],"product_brand":[64],"product_cat":[111,113],"product_tag":[],"class_list":{"0":"post-2258","1":"product","2":"type-product","3":"status-publish","4":"has-post-thumbnail","6":"product_brand-profmontaz","7":"product_cat-vlaceci-nastrahy","8":"product_cat-vlaceci-nastrahy-mandula","10":"first","11":"instock","12":"taxable","13":"shipping-taxable","14":"purchasable","15":"product-type-simple"},"_links":{"self":[{"href":"https:\/\/profmontaz.cz\/velkoobchod\/wp-json\/wp\/v2\/product\/2258","targetHints":{"allow":["GET"]}}],"collection":[{"href":"https:\/\/profmontaz.cz\/velkoobchod\/wp-json\/wp\/v2\/product"}],"about":[{"href":"https:\/\/profmontaz.cz\/velkoobchod\/wp-json\/wp\/v2\/types\/product"}],"wp:featuredmedia":[{"embeddable":true,"href":"https:\/\/profmontaz.cz\/velkoobchod\/wp-json\/wp\/v2\/media\/2259"}],"wp:attachment":[{"href":"https:\/\/profmontaz.cz\/velkoobchod\/wp-json\/wp\/v2\/media?parent=2258"}],"wp:term":[{"taxonomy":"product_brand","embeddable":true,"href":"https:\/\/profmontaz.cz\/velkoobchod\/wp-json\/wp\/v2\/product_brand?post=2258"},{"taxonomy":"product_cat","embeddable":true,"href":"https:\/\/profmontaz.cz\/velkoobchod\/wp-json\/wp\/v2\/product_cat?post=2258"},{"taxonomy":"product_tag","embeddable":true,"href":"https:\/\/profmontaz.cz\/velkoobchod\/wp-json\/wp\/v2\/product_tag?post=2258"}],"curies":[{"name":"wp","href":"https:\/\/api.w.org\/{rel}","templated":true}]}}