{"id":2272,"date":"2025-06-02T14:51:43","date_gmt":"2025-06-02T12:51:43","guid":{"rendered":"https:\/\/profmontaz.cz\/velkoobchod\/?post_type=product&#038;p=2272"},"modified":"2025-11-15T16:52:01","modified_gmt":"2025-11-15T15:52:01","slug":"nastraha-mandula-%d0%baazara-501-60mm-243-ks-bal-cena-je-za-kus","status":"publish","type":"product","link":"https:\/\/profmontaz.cz\/velkoobchod\/produkt\/nastraha-mandula-%d0%baazara-501-60mm-243-ks-bal-cena-je-za-kus\/","title":{"rendered":"N\u00e1straha Mandula \u041aazara 501, (60mm) 2,4&#8243; (3 kusy\/bal) (Cena je za kus)"},"content":{"rendered":"<div class=\"wpb-content-wrapper\"><p>[vc_row][vc_column]\t\t<div id=\"wd-683d9e7b15b3b\" class=\"wd-text-block wd-wpb reset-last-child wd-rs-683d9e7b15b3b text-center vc_custom_1748868735279\">\n\t\t\t<p>Mandula Kazara je kompaktn\u00ed 6 cm dlouh\u00e1 n\u00e1straha, vybaven\u00e1 vysoce kvalitn\u00edm a spolehliv\u00fdm h\u00e1\u010dkem \u010d\u00edslo 4. Hrana na Kaza\u0159e z\u016fst\u00e1v\u00e1 bujn\u00e1 a atraktivn\u00ed po dlouhou dobu. N\u00e1straha je pom\u011brn\u011b v\u0161estrann\u00e1 v pou\u017eit\u00ed, umo\u017e\u0148uje efektivn\u011b chytat ryby na klasick\u00fd jig n\u00e1vazec s jig n\u00e1vazcem nebo skl\u00e1dac\u00edm m\u00ed\u010dkem (cheburashka) a m\u016f\u017ee \u00fasp\u011b\u0161n\u011b fungovat i jako dob\u00edrac\u00ed vous. D\u00edky sv\u00e9 kompaktn\u00ed velikosti a aerodynamick\u00e9mu t\u011blu vykazuje dobr\u00fd dosah a p\u0159esnost p\u0159i odl\u00e9v\u00e1n\u00ed. Paletka m\u00e1 14 kontrastn\u00edch a osv\u011bd\u010den\u00fdch barev. Hlavn\u00edm p\u0159edm\u011btem lovu na jig n\u00e1vazci bude cand\u00e1t, \u0161tika, okoun, pokud pou\u017eijete n\u00e1vnadu jako vous, do tohoto seznamu se p\u0159id\u00e1vaj\u00ed asp, jelec, ide atd.<\/p>\n\t\t<\/div>\n\t\t[\/vc_column][\/vc_row][vc_row][vc_column][vc_column_text css=&#8220;&#8220; woodmart_inline=&#8220;no&#8220; text_larger=&#8220;no&#8220;]<\/p>\n<p>[\/vc_column_text][\/vc_column][\/vc_row]<\/p>\n<\/div>","protected":false},"excerpt":{"rendered":"<p>[vc_row][vc_column][\/vc_column][\/vc_row][vc_row][vc_column][vc_column_text css=&#8220;&#8220; woodmart_inline=&#8220;no&#8220; text_larger=&#8220;no&#8220;] [\/vc_column_text][\/vc_column][\/vc_row]<\/p>\n","protected":false},"featured_media":2273,"template":"","meta":[],"product_brand":[64],"product_cat":[111,113],"product_tag":[],"class_list":{"0":"post-2272","1":"product","2":"type-product","3":"status-publish","4":"has-post-thumbnail","6":"product_brand-profmontaz","7":"product_cat-vlaceci-nastrahy","8":"product_cat-vlaceci-nastrahy-mandula","10":"first","11":"instock","12":"taxable","13":"shipping-taxable","14":"purchasable","15":"product-type-simple"},"_links":{"self":[{"href":"https:\/\/profmontaz.cz\/velkoobchod\/wp-json\/wp\/v2\/product\/2272","targetHints":{"allow":["GET"]}}],"collection":[{"href":"https:\/\/profmontaz.cz\/velkoobchod\/wp-json\/wp\/v2\/product"}],"about":[{"href":"https:\/\/profmontaz.cz\/velkoobchod\/wp-json\/wp\/v2\/types\/product"}],"wp:featuredmedia":[{"embeddable":true,"href":"https:\/\/profmontaz.cz\/velkoobchod\/wp-json\/wp\/v2\/media\/2273"}],"wp:attachment":[{"href":"https:\/\/profmontaz.cz\/velkoobchod\/wp-json\/wp\/v2\/media?parent=2272"}],"wp:term":[{"taxonomy":"product_brand","embeddable":true,"href":"https:\/\/profmontaz.cz\/velkoobchod\/wp-json\/wp\/v2\/product_brand?post=2272"},{"taxonomy":"product_cat","embeddable":true,"href":"https:\/\/profmontaz.cz\/velkoobchod\/wp-json\/wp\/v2\/product_cat?post=2272"},{"taxonomy":"product_tag","embeddable":true,"href":"https:\/\/profmontaz.cz\/velkoobchod\/wp-json\/wp\/v2\/product_tag?post=2272"}],"curies":[{"name":"wp","href":"https:\/\/api.w.org\/{rel}","templated":true}]}}