{"id":2288,"date":"2025-06-02T15:02:55","date_gmt":"2025-06-02T13:02:55","guid":{"rendered":"https:\/\/profmontaz.cz\/velkoobchod\/?post_type=product&#038;p=2288"},"modified":"2025-11-15T16:50:22","modified_gmt":"2025-11-15T15:50:22","slug":"nastraha-mandula-hp206-110mm-44","status":"publish","type":"product","link":"https:\/\/profmontaz.cz\/velkoobchod\/produkt\/nastraha-mandula-hp206-110mm-44\/","title":{"rendered":"N\u00e1straha Mandula HP206 (110mm) 4,4&#8243;"},"content":{"rendered":"<div class=\"wpb-content-wrapper\"><p>[vc_row][vc_column]\t\t<div id=\"wd-683da11dd8115\" class=\"wd-text-block wd-wpb reset-last-child wd-rs-683da11dd8115 text-center vc_custom_1748869411282\">\n\t\t\t<p>Mandula HAPUGA 4,4&#8243; &#8211; m\u00e1 v\u00e1lcovit\u00fd tvar segment\u016f t\u011bla, osazena dv\u011bma ostr\u00fdmi odpali\u0161ti \u010d\u00edsel 1 a 4. Ide\u00e1ln\u00ed pom\u011br velikosti h\u00e1\u010dku a objemu t\u011bla n\u00e1m umo\u017enil z\u00edskat h\u00e1\u010dek se zv\u011bt\u0161enou u\u017eitnou plochou, toto \u0159e\u0161en\u00ed n\u011bkolikan\u00e1sobn\u011b zlep\u0161uje rychlost z\u00e1seku a udr\u017een\u00ed dravce na h\u00e1\u010dku.<\/p>\n<p>Pro snadn\u00e9 pou\u017eit\u00ed a zv\u00fd\u0161enou hravost je n\u00e1vnada okam\u017eit\u011b namontov\u00e1na pomoc\u00ed dvou d\u011blen\u00fdch krou\u017ek\u016f.<\/p>\n<p>Paletka obsahuje 13 osv\u011bd\u010den\u00fdch kontrastn\u00edch barev. Celkov\u00e1 d\u00e9lka n\u00e1strahy je 110 mm, okraj sv\u00edt\u00ed v ultrafialov\u00e9m sv\u011btle, co\u017e dravce nav\u00edc provokuje. Mandula Hapuga byla vytvo\u0159ena pro lov trofejn\u00edch ryb &#8211; p\u0159edev\u0161\u00edm \u0161tik, cand\u00e1t\u016f a sumc\u016f, proto je u ka\u017ed\u00e9ho odkazu spolehlivost nadev\u0161e. Vynikaj\u00edc\u00ed vyv\u00e1\u017een\u00ed manduly umo\u017e\u0148uje p\u0159edv\u00e9st stabiln\u00ed hru jak na stojat\u00fdch vod\u00e1ch, tak v proudu.<\/p>\n<p>N\u00e1vnada nen\u00ed nikterak vrto\u0161iv\u00e1 ve v\u00fdb\u011bru z\u00e1t\u011b\u017ee: Jig-Rig nebo cheburashka, ale nejlep\u0161\u00edch v\u00fdsledk\u016f, bez ohledu na typ n\u00e1vnady, lze dos\u00e1hnout pomoc\u00ed Dancing-Rig. Pokud m\u00e1te n\u011bjak\u00e9 dotazy ohledn\u011b v\u00fdb\u011bru barvy nebo nejlep\u0161\u00ed animace pro mandulu, m\u016f\u017eete se pod\u00edvat na na\u0161e videa (na z\u00e1lo\u017ece videa) nebo z\u00edskat u\u017eite\u010dn\u00e9 rady od mana\u017eera, kter\u00fd je zku\u0161en\u00fdm ryb\u00e1\u0159em.<\/p>\n\t\t<\/div>\n\t\t[\/vc_column][\/vc_row][vc_row][vc_column][vc_column_text css=&#8220;&#8220; woodmart_inline=&#8220;no&#8220; text_larger=&#8220;no&#8220;]<\/p>\n<p>[\/vc_column_text][\/vc_column][\/vc_row]<\/p>\n<\/div>","protected":false},"excerpt":{"rendered":"<p>[vc_row][vc_column][\/vc_column][\/vc_row][vc_row][vc_column][vc_column_text css=&#8220;&#8220; woodmart_inline=&#8220;no&#8220; text_larger=&#8220;no&#8220;] [\/vc_column_text][\/vc_column][\/vc_row]<\/p>\n","protected":false},"featured_media":2289,"template":"","meta":[],"product_brand":[64],"product_cat":[111,113],"product_tag":[],"class_list":{"0":"post-2288","1":"product","2":"type-product","3":"status-publish","4":"has-post-thumbnail","6":"product_brand-profmontaz","7":"product_cat-vlaceci-nastrahy","8":"product_cat-vlaceci-nastrahy-mandula","10":"first","11":"instock","12":"taxable","13":"shipping-taxable","14":"purchasable","15":"product-type-simple"},"_links":{"self":[{"href":"https:\/\/profmontaz.cz\/velkoobchod\/wp-json\/wp\/v2\/product\/2288","targetHints":{"allow":["GET"]}}],"collection":[{"href":"https:\/\/profmontaz.cz\/velkoobchod\/wp-json\/wp\/v2\/product"}],"about":[{"href":"https:\/\/profmontaz.cz\/velkoobchod\/wp-json\/wp\/v2\/types\/product"}],"wp:featuredmedia":[{"embeddable":true,"href":"https:\/\/profmontaz.cz\/velkoobchod\/wp-json\/wp\/v2\/media\/2289"}],"wp:attachment":[{"href":"https:\/\/profmontaz.cz\/velkoobchod\/wp-json\/wp\/v2\/media?parent=2288"}],"wp:term":[{"taxonomy":"product_brand","embeddable":true,"href":"https:\/\/profmontaz.cz\/velkoobchod\/wp-json\/wp\/v2\/product_brand?post=2288"},{"taxonomy":"product_cat","embeddable":true,"href":"https:\/\/profmontaz.cz\/velkoobchod\/wp-json\/wp\/v2\/product_cat?post=2288"},{"taxonomy":"product_tag","embeddable":true,"href":"https:\/\/profmontaz.cz\/velkoobchod\/wp-json\/wp\/v2\/product_tag?post=2288"}],"curies":[{"name":"wp","href":"https:\/\/api.w.org\/{rel}","templated":true}]}}