{"id":2300,"date":"2025-06-02T15:10:06","date_gmt":"2025-06-02T13:10:06","guid":{"rendered":"https:\/\/profmontaz.cz\/velkoobchod\/?post_type=product&#038;p=2300"},"modified":"2025-11-15T16:46:39","modified_gmt":"2025-11-15T15:46:39","slug":"nastraha-mandula-craw-fish-715-825mm-33","status":"publish","type":"product","link":"https:\/\/profmontaz.cz\/velkoobchod\/produkt\/nastraha-mandula-craw-fish-715-825mm-33\/","title":{"rendered":"N\u00e1straha Mandula Craw Fish 715 (82,5mm) 3,3&#8243;"},"content":{"rendered":"<div class=\"wpb-content-wrapper\"><p>[vc_row][vc_column]\t\t<div id=\"wd-683da2d217969\" class=\"wd-text-block wd-wpb reset-last-child wd-rs-683da2d217969 text-center vc_custom_1748869847150\">\n\t\t\t<p>Craw Fish 3,3&#8243; (#715) mandula-kor\u00fd\u0161 je prvn\u00ed s\u00e9riov\u011b vyr\u00e1b\u011bn\u00e1 mandula na sv\u011bt\u011b, kter\u00e1 je stylizov\u00e1na do kor\u00fd\u0161e. Krom\u011b vn\u011bj\u0161\u00ed podobnosti hra n\u00e1vnady tak\u00e9 velmi p\u0159ipom\u00edn\u00e1 chov\u00e1n\u00ed raka pod vodou: na dn\u011b mandula-kor\u00fd\u0161 p\u0159i svisl\u00e9 poloze zauj\u00edm\u00e1 sv\u00e9 kon\u010detiny a ohro\u017euje sv\u00e9 kon\u010detiny. m\u00e1 v\u00fdraznou hru dr\u00e1p\u016f.<\/p>\n<p>N\u00e1vnady na kor\u00fd\u0161e zauj\u00edmaj\u00ed d\u016fle\u017eit\u00fd \u010dl\u00e1nek p\u0159i lovu na p\u0159\u00edvla\u010d, proto\u017ee po mnoho let prok\u00e1zaly svou vysokou \u00fa\u010dinnost p\u0159i lovu jak\u00e9hokoli dravce a \u010dasto se st\u00e1vaj\u00ed n\u00e1vnadou \u010d. 1.<\/p>\n<p>Craw Fish je vybaven kvalitn\u00edm dvojit\u00fdm KUMHO ve velikosti 3\/0. N\u00e1straha funguje stabiln\u011b bez ohledu na s\u00edlu proudu. Jako v\u0161echny manduly umo\u017e\u0148uje p\u0159et\u00ed\u017een\u00ed. Lze jej pou\u017e\u00edt s jak\u00fdmkoliv typem z\u00e1t\u011b\u017ee a nejlep\u0161\u00ed v\u00fdsledky poskytuje z\u00e1t\u011b\u017e ve tvaru hru\u0161ky nebo \u201eDancing Rig\u201c<\/p>\n\t\t<\/div>\n\t\t[\/vc_column][\/vc_row][vc_row][vc_column][vc_column_text css=&#8220;&#8220; woodmart_inline=&#8220;no&#8220; text_larger=&#8220;no&#8220;]<\/p>\n<p>[\/vc_column_text][\/vc_column][\/vc_row]<\/p>\n<\/div>","protected":false},"excerpt":{"rendered":"<p>[vc_row][vc_column][\/vc_column][\/vc_row][vc_row][vc_column][vc_column_text css=&#8220;&#8220; woodmart_inline=&#8220;no&#8220; text_larger=&#8220;no&#8220;] [\/vc_column_text][\/vc_column][\/vc_row]<\/p>\n","protected":false},"featured_media":2301,"template":"","meta":[],"product_brand":[64],"product_cat":[111,113],"product_tag":[],"class_list":{"0":"post-2300","1":"product","2":"type-product","3":"status-publish","4":"has-post-thumbnail","6":"product_brand-profmontaz","7":"product_cat-vlaceci-nastrahy","8":"product_cat-vlaceci-nastrahy-mandula","10":"first","11":"outofstock","12":"taxable","13":"shipping-taxable","14":"purchasable","15":"product-type-simple"},"_links":{"self":[{"href":"https:\/\/profmontaz.cz\/velkoobchod\/wp-json\/wp\/v2\/product\/2300","targetHints":{"allow":["GET"]}}],"collection":[{"href":"https:\/\/profmontaz.cz\/velkoobchod\/wp-json\/wp\/v2\/product"}],"about":[{"href":"https:\/\/profmontaz.cz\/velkoobchod\/wp-json\/wp\/v2\/types\/product"}],"wp:featuredmedia":[{"embeddable":true,"href":"https:\/\/profmontaz.cz\/velkoobchod\/wp-json\/wp\/v2\/media\/2301"}],"wp:attachment":[{"href":"https:\/\/profmontaz.cz\/velkoobchod\/wp-json\/wp\/v2\/media?parent=2300"}],"wp:term":[{"taxonomy":"product_brand","embeddable":true,"href":"https:\/\/profmontaz.cz\/velkoobchod\/wp-json\/wp\/v2\/product_brand?post=2300"},{"taxonomy":"product_cat","embeddable":true,"href":"https:\/\/profmontaz.cz\/velkoobchod\/wp-json\/wp\/v2\/product_cat?post=2300"},{"taxonomy":"product_tag","embeddable":true,"href":"https:\/\/profmontaz.cz\/velkoobchod\/wp-json\/wp\/v2\/product_tag?post=2300"}],"curies":[{"name":"wp","href":"https:\/\/api.w.org\/{rel}","templated":true}]}}