{"id":2304,"date":"2025-06-02T22:30:14","date_gmt":"2025-06-02T20:30:14","guid":{"rendered":"https:\/\/profmontaz.cz\/velkoobchod\/?post_type=product&#038;p=2304"},"modified":"2025-11-15T17:06:25","modified_gmt":"2025-11-15T16:06:25","slug":"nastraha-plandavka-lyze-12g-red-5ks-bal","status":"publish","type":"product","link":"https:\/\/profmontaz.cz\/velkoobchod\/produkt\/nastraha-plandavka-lyze-12g-red-5ks-bal\/","title":{"rendered":"N\u00e1straha plandavka Ly\u017ee (Red)"},"content":{"rendered":"<div class=\"wpb-content-wrapper\"><p>[vc_row][vc_column]\t\t<div id=\"wd-6914937f5b2f3\" class=\"wd-text-block wd-wpb reset-last-child wd-rs-6914937f5b2f3 text-center vc_custom_1762956170594\">\n\t\t\t<p class=\"product_title entry-title wd-entities-title\" style=\"text-align: left;\">N\u00e1straha plandavka Ly\u017ee \u2013 univerz\u00e1ln\u00ed n\u00e1straha pro lov drav\u00fdch i m\u00edrumilovn\u00fdch ryb<\/p>\n<p style=\"text-align: left;\">N\u00e1straha plandavka Ly\u017ee\u00a0se skv\u011ble osv\u011bd\u010dila p\u0159i lovu pasivn\u00edch dravc\u016f, jako jsou <strong data-start=\"408\" data-end=\"443\">cand\u00e1t, \u0161tika, okoun nebo sumec<\/strong>. V obdob\u00ed <strong data-start=\"454\" data-end=\"481\">pozdn\u00edho podzimu a jara<\/strong> na tuto p\u0159\u00edvla\u010dovou n\u00e1strahu \u010dasto reaguj\u00ed i <strong data-start=\"527\" data-end=\"552\">m\u00edrumilovn\u00e9 druhy ryb<\/strong> \u2013 <strong data-start=\"555\" data-end=\"576\">kapr, amur, karas<\/strong> a dal\u0161\u00ed. N\u00e1straha plandavka Ly\u017ee je vyroben z <strong data-start=\"613\" data-end=\"633\">kvalitn\u00edho olova<\/strong> a osazen <strong data-start=\"643\" data-end=\"658\">h\u00e1\u010dky Kumho<\/strong>, kter\u00e9 vynikaj\u00ed <strong data-start=\"675\" data-end=\"703\">ostrost\u00ed a spolehlivost\u00ed<\/strong>. Povrch n\u00e1strahy je pokryt <strong data-start=\"731\" data-end=\"776\">speci\u00e1ln\u00ed UV-aktivn\u00ed luminiscen\u010dn\u00ed barvou<\/strong>, kter\u00e1 <strong data-start=\"784\" data-end=\"816\">sv\u00edt\u00ed v ultrafialov\u00e9m sv\u011btle<\/strong> a zvy\u0161uje viditelnost pod vodou.Jedine\u010dnou v\u00fdhodou t\u00e9to <strong data-start=\"877\" data-end=\"898\">ryb\u00e1\u0159sk\u00e9 n\u00e1strahy<\/strong> je jej\u00ed konstrukce \u2013 p\u0159i dopadu na dno <strong data-start=\"938\" data-end=\"967\">v\u017edy dopad\u00e1 h\u00e1\u010dkem nahoru<\/strong>, co\u017e minimalizuje zachycen\u00ed o p\u0159ek\u00e1\u017eky. Plovouc\u00ed kuli\u010dka s lurexem se p\u0159i pauze d\u00e1l jemn\u011b pohybuje a <strong data-start=\"1069\" data-end=\"1099\">napodobuje krm\u00edc\u00ed se rybku<\/strong>, \u010d\u00edm\u017e provokuje rybu k \u00fatoku.N\u00e1straha plandavka Ly\u017ee je <strong data-start=\"1151\" data-end=\"1186\">univerz\u00e1ln\u00ed p\u0159\u00edvla\u010dov\u00e1 n\u00e1straha<\/strong>, kter\u00e1 <strong data-start=\"1194\" data-end=\"1234\">nevy\u017eaduje speci\u00e1ln\u00ed techniku veden\u00ed<\/strong>. Nejlep\u0161\u00edch v\u00fdsledk\u016f dosahuje p\u0159i <strong data-start=\"1269\" data-end=\"1307\">stup\u0148ovit\u00e9 animaci r\u016fzn\u00e9 intenzity.<\/strong><\/p>\n\t\t<\/div>\n\t\t[\/vc_column][\/vc_row][vc_row][vc_column][vc_column_text css=&#8220;&#8220; woodmart_inline=&#8220;no&#8220; text_larger=&#8220;no&#8220;]<\/p>\n<p>[\/vc_column_text][\/vc_column][\/vc_row]<\/p>\n<\/div>","protected":false},"excerpt":{"rendered":"<p>[vc_row][vc_column][\/vc_column][\/vc_row][vc_row][vc_column][vc_column_text css=&#8220;&#8220; woodmart_inline=&#8220;no&#8220; text_larger=&#8220;no&#8220;] [\/vc_column_text][\/vc_column][\/vc_row]<\/p>\n","protected":false},"featured_media":2305,"template":"","meta":[],"product_brand":[64],"product_cat":[114,111],"product_tag":[],"class_list":{"0":"post-2304","1":"product","2":"type-product","3":"status-publish","4":"has-post-thumbnail","6":"product_brand-profmontaz","7":"product_cat-nastraha-plandavka-lyze","8":"product_cat-vlaceci-nastrahy","10":"first","11":"instock","12":"taxable","13":"shipping-taxable","14":"purchasable","15":"product-type-variable"},"_links":{"self":[{"href":"https:\/\/profmontaz.cz\/velkoobchod\/wp-json\/wp\/v2\/product\/2304","targetHints":{"allow":["GET"]}}],"collection":[{"href":"https:\/\/profmontaz.cz\/velkoobchod\/wp-json\/wp\/v2\/product"}],"about":[{"href":"https:\/\/profmontaz.cz\/velkoobchod\/wp-json\/wp\/v2\/types\/product"}],"wp:featuredmedia":[{"embeddable":true,"href":"https:\/\/profmontaz.cz\/velkoobchod\/wp-json\/wp\/v2\/media\/2305"}],"wp:attachment":[{"href":"https:\/\/profmontaz.cz\/velkoobchod\/wp-json\/wp\/v2\/media?parent=2304"}],"wp:term":[{"taxonomy":"product_brand","embeddable":true,"href":"https:\/\/profmontaz.cz\/velkoobchod\/wp-json\/wp\/v2\/product_brand?post=2304"},{"taxonomy":"product_cat","embeddable":true,"href":"https:\/\/profmontaz.cz\/velkoobchod\/wp-json\/wp\/v2\/product_cat?post=2304"},{"taxonomy":"product_tag","embeddable":true,"href":"https:\/\/profmontaz.cz\/velkoobchod\/wp-json\/wp\/v2\/product_tag?post=2304"}],"curies":[{"name":"wp","href":"https:\/\/api.w.org\/{rel}","templated":true}]}}