{"id":2308,"date":"2025-06-02T22:33:48","date_gmt":"2025-06-02T20:33:48","guid":{"rendered":"https:\/\/profmontaz.cz\/velkoobchod\/?post_type=product&#038;p=2308"},"modified":"2025-11-15T17:10:35","modified_gmt":"2025-11-15T16:10:35","slug":"nastraha-plandavka-lyze-12g-yellow-5ks-bal","status":"publish","type":"product","link":"https:\/\/profmontaz.cz\/velkoobchod\/produkt\/nastraha-plandavka-lyze-12g-yellow-5ks-bal\/","title":{"rendered":"N\u00e1straha plandavka Ly\u017ee (Yellow)"},"content":{"rendered":"<div class=\"wpb-content-wrapper\"><p>[vc_row][vc_column]\t\t<div id=\"wd-683e0acecddb4\" class=\"wd-text-block wd-wpb reset-last-child wd-rs-683e0acecddb4 text-center vc_custom_1748896465597\">\n\t\t\t<p>L\u017e\u00edce &#8222;Ski&#8220; se v\u00fdborn\u011b osv\u011bd\u010dila pro lov pasivn\u00edch dravc\u016f, jako jsou cand\u00e1ti, \u0161tiky, okouni a sumci. V pozdn\u00edm podzimu a na ja\u0159e se konzumaci t\u00e9to n\u00e1strahy nebr\u00e1n\u00ed ani m\u00edrumilovn\u00e9 druhy ryb: kapr, amur, karas atd. Ly\u017ea\u0159sk\u00e1 n\u00e1straha je vyrobena z kvalitn\u00edho olova, h\u00e1\u010dky Kumho se vyzna\u010duj\u00ed vynikaj\u00edc\u00ed ostrost\u00ed a spolehlivost\u00ed. Samotn\u00e1 n\u00e1straha je pokryta speci\u00e1ln\u00ed luminiscen\u010dn\u00ed barvou, kter\u00e1 v ultrafialov\u00e9m sv\u011btle z\u00e1\u0159\u00ed UV-Active. Zvl\u00e1\u0161tn\u00ed p\u0159ednost\u00ed l\u017e\u00edce je, \u017ee v\u017edy spadne na dno se zvednut\u00fdm h\u00e1\u010dkem a plovouc\u00ed lurexov\u00e1 bublina se b\u011bhem pauzy st\u00e1le houpe a sv\u00e1d\u00ed rybu ke kousnut\u00ed a napodobuje krm\u00edc\u00ed se rybu. Ly\u017ea\u0159sk\u00e1 l\u017ei\u010dka je velmi univerz\u00e1ln\u00ed a nen\u00e1ro\u010dn\u00e1 na dr\u00e1tov\u00e1n\u00ed, nejlep\u0161\u00ed v\u00fdsledky p\u0159edv\u00e1d\u00ed s r\u016fznou intenzitou krokov\u00fdch animac\u00ed a tak\u00e9 ta\u017een\u00edm po dn\u011b s pauzami.<\/p>\n\t\t<\/div>\n\t\t[\/vc_column][\/vc_row][vc_row][vc_column][vc_column_text css=&#8220;&#8220; woodmart_inline=&#8220;no&#8220; text_larger=&#8220;no&#8220;]<\/p>\n<p>[\/vc_column_text][\/vc_column][\/vc_row]<\/p>\n<\/div>","protected":false},"excerpt":{"rendered":"<p>[vc_row][vc_column][\/vc_column][\/vc_row][vc_row][vc_column][vc_column_text css=&#8220;&#8220; woodmart_inline=&#8220;no&#8220; text_larger=&#8220;no&#8220;] [\/vc_column_text][\/vc_column][\/vc_row]<\/p>\n","protected":false},"featured_media":2309,"template":"","meta":[],"product_brand":[64],"product_cat":[114,111],"product_tag":[],"class_list":{"0":"post-2308","1":"product","2":"type-product","3":"status-publish","4":"has-post-thumbnail","6":"product_brand-profmontaz","7":"product_cat-nastraha-plandavka-lyze","8":"product_cat-vlaceci-nastrahy","10":"first","11":"instock","12":"taxable","13":"shipping-taxable","14":"purchasable","15":"product-type-variable"},"_links":{"self":[{"href":"https:\/\/profmontaz.cz\/velkoobchod\/wp-json\/wp\/v2\/product\/2308","targetHints":{"allow":["GET"]}}],"collection":[{"href":"https:\/\/profmontaz.cz\/velkoobchod\/wp-json\/wp\/v2\/product"}],"about":[{"href":"https:\/\/profmontaz.cz\/velkoobchod\/wp-json\/wp\/v2\/types\/product"}],"wp:featuredmedia":[{"embeddable":true,"href":"https:\/\/profmontaz.cz\/velkoobchod\/wp-json\/wp\/v2\/media\/2309"}],"wp:attachment":[{"href":"https:\/\/profmontaz.cz\/velkoobchod\/wp-json\/wp\/v2\/media?parent=2308"}],"wp:term":[{"taxonomy":"product_brand","embeddable":true,"href":"https:\/\/profmontaz.cz\/velkoobchod\/wp-json\/wp\/v2\/product_brand?post=2308"},{"taxonomy":"product_cat","embeddable":true,"href":"https:\/\/profmontaz.cz\/velkoobchod\/wp-json\/wp\/v2\/product_cat?post=2308"},{"taxonomy":"product_tag","embeddable":true,"href":"https:\/\/profmontaz.cz\/velkoobchod\/wp-json\/wp\/v2\/product_tag?post=2308"}],"curies":[{"name":"wp","href":"https:\/\/api.w.org\/{rel}","templated":true}]}}