{"id":2352,"date":"2025-06-02T23:46:51","date_gmt":"2025-06-02T21:46:51","guid":{"rendered":"https:\/\/profmontaz.cz\/velkoobchod\/?post_type=product&#038;p=2352"},"modified":"2025-11-15T17:20:25","modified_gmt":"2025-11-15T16:20:25","slug":"nastraha-plandavka-hruska-kulka-4g-5ks-bal","status":"publish","type":"product","link":"https:\/\/profmontaz.cz\/velkoobchod\/produkt\/nastraha-plandavka-hruska-kulka-4g-5ks-bal\/","title":{"rendered":"N\u00e1straha plandavka Hru\u0161ka-Kulka"},"content":{"rendered":"<div class=\"wpb-content-wrapper\"><p>[vc_row][vc_column]\t\t<div id=\"wd-683e1bf0a28e3\" class=\"wd-text-block wd-wpb reset-last-child wd-rs-683e1bf0a28e3 text-center vc_custom_1748900851138\">\n\t\t\t<p>Pear-Bullet spoon 4g je velmi obl\u00edben\u00e1 a chytlav\u00e1 n\u00e1straha. D\u00e1 se s n\u00edm ulovit oba zn\u00e1m\u00e9 dravce: cand\u00e1t, \u0161tika, okoun, sumec, os\u00edk a m\u00edrumilovn\u00e9 ryby: kapr, karas, tolstolobik, cejn atd. Hru\u0161ka-Bullet funguje v kteroukoli ro\u010dn\u00ed dobu, proto\u017ee je vhodn\u00e1 nejen pro lov na voln\u00e9 vod\u011b, ale i v zim\u011b, z ledu s vertik\u00e1ln\u00ed animac\u00ed p\u0159edv\u00e1d\u00ed l\u00e1kavou hru. Aby nedo\u0161lo k zamot\u00e1n\u00ed a odhalen\u00ed pln\u00e9ho potenci\u00e1lu n\u00e1vnady, m\u011bla by b\u00fdt Pear-Bullet nasazena s h\u00e1\u010dkem v poloze \u0161ikm\u00e9ho \u0159ezu na l\u017e\u00edci. N\u00e1vnada je vyrobena z mosazi a je vybavena kvalitn\u00edm tri\u010dkem s lurexov\u00fdm lemem, pro zaji\u0161t\u011bn\u00ed objemu na ka\u017ed\u00e9 l\u017e\u00edci, lurex se nav\u00edc uvol\u0148uje ru\u010dn\u011b. Dokonale vyle\u0161t\u011bn\u00fd povrch l\u017e\u00edce se leskne ve slune\u010dn\u00edch paprsc\u00edch, co\u017e pom\u00e1h\u00e1 p\u0159il\u00e1kat dravce z v\u011bt\u0161\u00ed vzd\u00e1lenosti. D\u00edky dv\u011bma \u0161ikm\u00fdm \u0159ez\u016fm je t\u011b\u017ei\u0161t\u011b posunuto do spodn\u00ed \u010d\u00e1sti, tak\u017ee Bullet Pear p\u0159edv\u00e1d\u00ed bezkonkuren\u010dn\u00ed letov\u00e9 vlastnosti. L\u017e\u00edce nen\u00ed ke stylu animace n\u00e1ladov\u00e1, a\u0165 u\u017e b\u011b\u017en\u00fd hod nebo krokov\u00e9 dr\u00e1tov\u00e1n\u00ed v\u011bt\u0161inu ryb kr\u00e1sn\u011b provokuje, ale nezapom\u00ednejte na pauzy, nejv\u00edce z\u00e1kus\u016f se vyskytuje u dna. Hru\u0161ka hraje stabiln\u011b jak ve stojat\u00e9 vod\u011b, tak v proudu.<\/p>\n\t\t<\/div>\n\t\t[\/vc_column][\/vc_row][vc_row][vc_column][vc_column_text css=&#8220;&#8220; woodmart_inline=&#8220;no&#8220; text_larger=&#8220;no&#8220;]<\/p>\n<p>[\/vc_column_text][\/vc_column][\/vc_row]<\/p>\n<\/div>","protected":false},"excerpt":{"rendered":"<p>[vc_row][vc_column][\/vc_column][\/vc_row][vc_row][vc_column][vc_column_text css=&#8220;&#8220; woodmart_inline=&#8220;no&#8220; text_larger=&#8220;no&#8220;] [\/vc_column_text][\/vc_column][\/vc_row]<\/p>\n","protected":false},"featured_media":2353,"template":"","meta":[],"product_brand":[64],"product_cat":[115,111],"product_tag":[],"class_list":{"0":"post-2352","1":"product","2":"type-product","3":"status-publish","4":"has-post-thumbnail","6":"product_brand-profmontaz","7":"product_cat-nastraha-plandavka-hruska-kulka","8":"product_cat-vlaceci-nastrahy","10":"first","11":"instock","12":"taxable","13":"shipping-taxable","14":"purchasable","15":"product-type-variable"},"_links":{"self":[{"href":"https:\/\/profmontaz.cz\/velkoobchod\/wp-json\/wp\/v2\/product\/2352","targetHints":{"allow":["GET"]}}],"collection":[{"href":"https:\/\/profmontaz.cz\/velkoobchod\/wp-json\/wp\/v2\/product"}],"about":[{"href":"https:\/\/profmontaz.cz\/velkoobchod\/wp-json\/wp\/v2\/types\/product"}],"wp:featuredmedia":[{"embeddable":true,"href":"https:\/\/profmontaz.cz\/velkoobchod\/wp-json\/wp\/v2\/media\/2353"}],"wp:attachment":[{"href":"https:\/\/profmontaz.cz\/velkoobchod\/wp-json\/wp\/v2\/media?parent=2352"}],"wp:term":[{"taxonomy":"product_brand","embeddable":true,"href":"https:\/\/profmontaz.cz\/velkoobchod\/wp-json\/wp\/v2\/product_brand?post=2352"},{"taxonomy":"product_cat","embeddable":true,"href":"https:\/\/profmontaz.cz\/velkoobchod\/wp-json\/wp\/v2\/product_cat?post=2352"},{"taxonomy":"product_tag","embeddable":true,"href":"https:\/\/profmontaz.cz\/velkoobchod\/wp-json\/wp\/v2\/product_tag?post=2352"}],"curies":[{"name":"wp","href":"https:\/\/api.w.org\/{rel}","templated":true}]}}