{"id":2404,"date":"2025-06-03T14:29:46","date_gmt":"2025-06-03T12:29:46","guid":{"rendered":"https:\/\/profmontaz.cz\/velkoobchod\/?post_type=product&#038;p=2404"},"modified":"2025-11-15T17:30:43","modified_gmt":"2025-11-15T16:30:43","slug":"nastraha-plandavka-hruska-kulka-10g-yellow-blue-5ks-bal","status":"publish","type":"product","link":"https:\/\/profmontaz.cz\/velkoobchod\/produkt\/nastraha-plandavka-hruska-kulka-10g-yellow-blue-5ks-bal\/","title":{"rendered":"N\u00e1straha plandavka Hru\u0161ka-Kulka (Yellow Blue)"},"content":{"rendered":"<div class=\"wpb-content-wrapper\"><p>[vc_row][vc_column]\t\t<div id=\"wd-683eeda0f23b3\" class=\"wd-text-block wd-wpb reset-last-child wd-rs-683eeda0f23b3 text-center vc_custom_1748954535851\">\n\t\t\t<p>T\u0159pytka Hru\u0161ka-Kulka UKRAINE 10g \u2013 se vyzna\u010duje v\u00fdraznou, sytou barvou a odoln\u00fdm n\u00e1t\u011brem s pigmentem UV &#8211; Activ. Takov\u00e9 zbarven\u00ed vydr\u017e\u00ed z\u00e1b\u011bry des\u00edtek \u0161tik a cand\u00e1t\u016f. T\u011blo a ocas t\u0159pytky v\u00fdborn\u011b z\u00e1\u0159\u00ed pod UV sv\u011btlem, \u010d\u00edm\u017e vytv\u00e1\u0159\u00ed n\u00e1padn\u00fd c\u00edl pro dravce. Posunut\u00e9 t\u011b\u017ei\u0161t\u011b do spodn\u00ed \u010d\u00e1sti dod\u00e1v\u00e1 n\u00e1straze vynikaj\u00edc\u00ed letov\u00e9 vlastnosti \u2013 t\u0159pytka se p\u0159i n\u00e1hozu neot\u00e1\u010d\u00ed a let\u00ed p\u0159esn\u011b na c\u00edl. Trojh\u00e1\u010dek je krom\u011b klasick\u00e9ho st\u0159apce z lurexu a nit\u011b vybaven v\u00e1lcem z materi\u00e1lu EVA, a proto b\u011bhem jiggov\u00e9ho veden\u00ed, ve f\u00e1zi klidu na dn\u011b, trojh\u00e1\u010dek pomalu kles\u00e1 a imituje dozn\u00edvaj\u00edc\u00ed pohyby ploutv\u00ed.<\/p>\n<p>Hru\u0161ka-Kulka UKRAINE funguje dob\u0159e po cel\u00fd rok a je vhodn\u00e1 k lovu cand\u00e1t\u016f, \u0161tik, okoun\u016f, ale \u010dasto tak\u00e9 sv\u00e1d\u00ed klidn\u00e9 ryby jako jsou kapr, karas, tolstolobik, cejn atd. Aby se p\u0159ede\u0161lo zamot\u00e1n\u00ed a pln\u011b se rozvinul hern\u00ed potenci\u00e1l n\u00e1strahy, doporu\u010duje se nasazovat t\u0159pytku tak, aby byl h\u00e1\u010dek na stran\u011b se \u0161ikm\u00fdm \u0159ezem hru\u0161ky. T\u0159pytka nen\u00ed n\u00e1ro\u010dn\u00e1 na styl veden\u00ed.<\/p>\n<p>T\u0159pytka nen\u00ed n\u00e1ro\u010dn\u00e1 na styl animace \u2013 b\u011b\u017en\u00e9 zved\u00e1n\u00ed nebo stup\u0148ovit\u00fd pohyb v\u00fdborn\u011b provokuj\u00ed v\u011bt\u0161inu ryb. Nezapom\u00ednejte v\u0161ak na pauzy \u2013 v\u011bt\u0161ina z\u00e1b\u011br\u016f p\u0159ich\u00e1z\u00ed pr\u00e1v\u011b v klidov\u00e9 f\u00e1zi u dna. Hru\u0161ka-kulka pracuje stabiln\u011b jak v klidn\u00e9 vod\u011b, tak v proudu.<\/p>\n<p>T\u0159pytka nen\u00ed n\u00e1ro\u010dn\u00e1 na styl animace \u2013 a\u0165 u\u017e jde o klasick\u00e9 zved\u00e1n\u00ed nebo stup\u0148ovit\u00e9 veden\u00ed, kr\u00e1sn\u011b provokuje v\u011bt\u0161inu ryb. Nezapome\u0148te v\u0161ak na pauzy \u2013 v\u011bt\u0161ina z\u00e1b\u011br\u016f p\u0159ich\u00e1z\u00ed pr\u00e1v\u011b u dna. Hru\u0161ka hraje stabiln\u011b jak ve stojat\u00e9 vod\u011b, tak v proudu.<\/p>\n\t\t<\/div>\n\t\t[\/vc_column][\/vc_row][vc_row][vc_column][vc_column_text css=&#8220;&#8220; woodmart_inline=&#8220;no&#8220; text_larger=&#8220;no&#8220;]<\/p>\n<p>[\/vc_column_text][\/vc_column][\/vc_row]<\/p>\n<\/div>","protected":false},"excerpt":{"rendered":"<p>[vc_row][vc_column][\/vc_column][\/vc_row][vc_row][vc_column][vc_column_text css=&#8220;&#8220; woodmart_inline=&#8220;no&#8220; text_larger=&#8220;no&#8220;] [\/vc_column_text][\/vc_column][\/vc_row]<\/p>\n","protected":false},"featured_media":2405,"template":"","meta":[],"product_brand":[64],"product_cat":[115,111],"product_tag":[],"class_list":{"0":"post-2404","1":"product","2":"type-product","3":"status-publish","4":"has-post-thumbnail","6":"product_brand-profmontaz","7":"product_cat-nastraha-plandavka-hruska-kulka","8":"product_cat-vlaceci-nastrahy","10":"first","11":"instock","12":"taxable","13":"shipping-taxable","14":"purchasable","15":"product-type-variable"},"_links":{"self":[{"href":"https:\/\/profmontaz.cz\/velkoobchod\/wp-json\/wp\/v2\/product\/2404","targetHints":{"allow":["GET"]}}],"collection":[{"href":"https:\/\/profmontaz.cz\/velkoobchod\/wp-json\/wp\/v2\/product"}],"about":[{"href":"https:\/\/profmontaz.cz\/velkoobchod\/wp-json\/wp\/v2\/types\/product"}],"wp:featuredmedia":[{"embeddable":true,"href":"https:\/\/profmontaz.cz\/velkoobchod\/wp-json\/wp\/v2\/media\/2405"}],"wp:attachment":[{"href":"https:\/\/profmontaz.cz\/velkoobchod\/wp-json\/wp\/v2\/media?parent=2404"}],"wp:term":[{"taxonomy":"product_brand","embeddable":true,"href":"https:\/\/profmontaz.cz\/velkoobchod\/wp-json\/wp\/v2\/product_brand?post=2404"},{"taxonomy":"product_cat","embeddable":true,"href":"https:\/\/profmontaz.cz\/velkoobchod\/wp-json\/wp\/v2\/product_cat?post=2404"},{"taxonomy":"product_tag","embeddable":true,"href":"https:\/\/profmontaz.cz\/velkoobchod\/wp-json\/wp\/v2\/product_tag?post=2404"}],"curies":[{"name":"wp","href":"https:\/\/api.w.org\/{rel}","templated":true}]}}