{"id":2493,"date":"2025-06-03T16:08:48","date_gmt":"2025-06-03T14:08:48","guid":{"rendered":"https:\/\/profmontaz.cz\/velkoobchod\/?post_type=product&#038;p=2493"},"modified":"2025-11-16T17:13:36","modified_gmt":"2025-11-16T16:13:36","slug":"nastraha-floating-ball-6mm-spice","status":"publish","type":"product","link":"https:\/\/profmontaz.cz\/velkoobchod\/produkt\/nastraha-floating-ball-6mm-spice\/","title":{"rendered":"N\u00e1straha Floating Ball Spice"},"content":{"rendered":"<div class=\"wpb-content-wrapper\"><p>[vc_row][vc_column]\t\t<div id=\"wd-683f01f5cd6aa\" class=\"wd-text-block wd-wpb reset-last-child wd-rs-683f01f5cd6aa text-center vc_custom_1748959736550\">\n\t\t\t<p>N\u00e1straha Floating Ball 6mm &#8222;Spice&#8220;<\/p>\n<p>Floating Ball \u2013 inovativn\u00ed n\u00e1straha z materi\u00e1lu EVA, m\u00e1 vysok\u00fd vztlak a trvalou aromatizaci, umo\u017e\u0148uje opakovan\u00e9 pou\u017eit\u00ed. Vyr\u00e1b\u00ed se v \u0161esti velikostech: 4, 5, 6, 7, 8 a 10 mm. 17 ov\u011b\u0159en\u00fdch p\u0159\u00edchut\u00ed pln\u011b pokr\u00fdv\u00e1 pot\u0159eby ryb\u00e1\u0159e po celou sez\u00f3nu.<\/p>\n<p>Floating Ball lze pou\u017e\u00edt samostatn\u011b i v kombinaci s jin\u00fdmi n\u00e1strahami p\u0159i kaprov\u00e9m, feederov\u00e9m i plavan\u00e9 rybolovu. Zvl\u00e1\u0161t\u011b cenn\u00e1 je p\u0159i lovu na bahnit\u00e9m dn\u011b nebo v situac\u00edch, kdy je t\u0159eba zvednout h\u00e1\u010dek nad dno.<\/p>\n<p>Krom\u011b atraktivn\u00edch aromat se ka\u017ed\u00e1 p\u0159\u00edchu\u0165 li\u0161\u00ed barvou \u2013 od jasn\u011b oran\u017eov\u00e9 a \u017elut\u00e9 a\u017e po hn\u011bdou, d\u00edky \u010demu\u017e je snadn\u00e9 n\u00e1strahu zv\u00fdraznit na jak\u00e9mkoliv dn\u011b. Pro pohodln\u00e9 pou\u017eit\u00ed je vybavena otvorem \u2013 snadno se nasazuje jak na vlasovou mont\u00e1\u017e, tak i p\u0159\u00edmo na h\u00e1\u010dek.<\/p>\n\t\t<\/div>\n\t\t[\/vc_column][\/vc_row][vc_row][vc_column][vc_column_text css=&#8220;&#8220; woodmart_inline=&#8220;no&#8220; text_larger=&#8220;no&#8220;]<\/p>\n<p>[\/vc_column_text][\/vc_column][\/vc_row]<\/p>\n<\/div>","protected":false},"excerpt":{"rendered":"<p>[vc_row][vc_column][\/vc_column][\/vc_row][vc_row][vc_column][vc_column_text css=&#8220;&#8220; woodmart_inline=&#8220;no&#8220; text_larger=&#8220;no&#8220;] [\/vc_column_text][\/vc_column][\/vc_row]<\/p>\n","protected":false},"featured_media":2494,"template":"","meta":[],"product_brand":[64],"product_cat":[117,116],"product_tag":[],"class_list":{"0":"post-2493","1":"product","2":"type-product","3":"status-publish","4":"has-post-thumbnail","6":"product_brand-profmontaz","7":"product_cat-eva-nastraha-floating-ball","8":"product_cat-umele-nastrahy","10":"first","11":"instock","12":"taxable","13":"shipping-taxable","14":"purchasable","15":"product-type-variable"},"_links":{"self":[{"href":"https:\/\/profmontaz.cz\/velkoobchod\/wp-json\/wp\/v2\/product\/2493","targetHints":{"allow":["GET"]}}],"collection":[{"href":"https:\/\/profmontaz.cz\/velkoobchod\/wp-json\/wp\/v2\/product"}],"about":[{"href":"https:\/\/profmontaz.cz\/velkoobchod\/wp-json\/wp\/v2\/types\/product"}],"wp:featuredmedia":[{"embeddable":true,"href":"https:\/\/profmontaz.cz\/velkoobchod\/wp-json\/wp\/v2\/media\/2494"}],"wp:attachment":[{"href":"https:\/\/profmontaz.cz\/velkoobchod\/wp-json\/wp\/v2\/media?parent=2493"}],"wp:term":[{"taxonomy":"product_brand","embeddable":true,"href":"https:\/\/profmontaz.cz\/velkoobchod\/wp-json\/wp\/v2\/product_brand?post=2493"},{"taxonomy":"product_cat","embeddable":true,"href":"https:\/\/profmontaz.cz\/velkoobchod\/wp-json\/wp\/v2\/product_cat?post=2493"},{"taxonomy":"product_tag","embeddable":true,"href":"https:\/\/profmontaz.cz\/velkoobchod\/wp-json\/wp\/v2\/product_tag?post=2493"}],"curies":[{"name":"wp","href":"https:\/\/api.w.org\/{rel}","templated":true}]}}