{"id":2567,"date":"2025-06-03T17:26:51","date_gmt":"2025-06-03T15:26:51","guid":{"rendered":"https:\/\/profmontaz.cz\/velkoobchod\/?post_type=product&#038;p=2567"},"modified":"2025-11-16T19:03:14","modified_gmt":"2025-11-16T18:03:14","slug":"pouzdro-na-navijak-l-20x15x10cm","status":"publish","type":"product","link":"https:\/\/profmontaz.cz\/velkoobchod\/produkt\/pouzdro-na-navijak-l-20x15x10cm\/","title":{"rendered":"Pouzdro na navij\u00e1k L &#8211; 20x15x10cm"},"content":{"rendered":"<div class=\"wpb-content-wrapper\"><p>[vc_row][vc_column]\t\t<div id=\"wd-683f14bd31c12\" class=\"wd-text-block wd-wpb reset-last-child wd-rs-683f14bd31c12 text-center vc_custom_1748964551290\">\n\t\t\t<p>Polotuh\u00e9 pouzdro na navij\u00e1k Reel Case L (20\u00d715\u00d710 cm) \u2013 je ur\u010deno pro bezpe\u010dn\u00e9 ulo\u017een\u00ed nebo p\u0159epravu smekac\u00edch a multiplik\u00e1torov\u00fdch navij\u00e1k\u016f. Uvnit\u0159 pouzdra se nach\u00e1z\u00ed kapsa pro ulo\u017een\u00ed r\u016fzn\u00fdch drobnost\u00ed nebo d\u00edl\u016f navij\u00e1ku. Pro pohodln\u00fd transport je vybaveno ergonomick\u00fdm dr\u017eadlem.<\/p>\n<p>Pouzdro je vyrobeno z odoln\u00e9 tkaniny PVC OXFORD D600. Snadno pojme jak\u00fdkoliv multiplik\u00e1torov\u00fd navij\u00e1k do velikosti 400, nebo smekac\u00ed navij\u00e1k a\u017e do velikosti 7000 podle \u010d\u00edslov\u00e1n\u00ed Shimano.<\/p>\n<p>Rozm\u011bry pouzdra: 20\u00d715\u00d710 cm<\/p>\n\t\t<\/div>\n\t\t[\/vc_column][\/vc_row][vc_row][vc_column][vc_column_text css=&#8220;&#8220; woodmart_inline=&#8220;no&#8220; text_larger=&#8220;no&#8220;]<\/p>\n<p>[\/vc_column_text][\/vc_column][\/vc_row]<\/p>\n<\/div>","protected":false},"excerpt":{"rendered":"<p>[vc_row][vc_column][\/vc_column][\/vc_row][vc_row][vc_column][vc_column_text css=&#8220;&#8220; woodmart_inline=&#8220;no&#8220; text_larger=&#8220;no&#8220;] [\/vc_column_text][\/vc_column][\/vc_row]<\/p>\n","protected":false},"featured_media":2568,"template":"","meta":[],"product_brand":[64],"product_cat":[118],"product_tag":[],"class_list":{"0":"post-2567","1":"product","2":"type-product","3":"status-publish","4":"has-post-thumbnail","6":"product_brand-profmontaz","7":"product_cat-tasky-batohy-a-pouzdra","9":"first","10":"instock","11":"taxable","12":"shipping-taxable","13":"purchasable","14":"product-type-simple"},"_links":{"self":[{"href":"https:\/\/profmontaz.cz\/velkoobchod\/wp-json\/wp\/v2\/product\/2567","targetHints":{"allow":["GET"]}}],"collection":[{"href":"https:\/\/profmontaz.cz\/velkoobchod\/wp-json\/wp\/v2\/product"}],"about":[{"href":"https:\/\/profmontaz.cz\/velkoobchod\/wp-json\/wp\/v2\/types\/product"}],"wp:featuredmedia":[{"embeddable":true,"href":"https:\/\/profmontaz.cz\/velkoobchod\/wp-json\/wp\/v2\/media\/2568"}],"wp:attachment":[{"href":"https:\/\/profmontaz.cz\/velkoobchod\/wp-json\/wp\/v2\/media?parent=2567"}],"wp:term":[{"taxonomy":"product_brand","embeddable":true,"href":"https:\/\/profmontaz.cz\/velkoobchod\/wp-json\/wp\/v2\/product_brand?post=2567"},{"taxonomy":"product_cat","embeddable":true,"href":"https:\/\/profmontaz.cz\/velkoobchod\/wp-json\/wp\/v2\/product_cat?post=2567"},{"taxonomy":"product_tag","embeddable":true,"href":"https:\/\/profmontaz.cz\/velkoobchod\/wp-json\/wp\/v2\/product_tag?post=2567"}],"curies":[{"name":"wp","href":"https:\/\/api.w.org\/{rel}","templated":true}]}}