{"id":2570,"date":"2025-06-03T17:29:32","date_gmt":"2025-06-03T15:29:32","guid":{"rendered":"https:\/\/profmontaz.cz\/velkoobchod\/?post_type=product&#038;p=2570"},"modified":"2025-11-16T19:05:28","modified_gmt":"2025-11-16T18:05:28","slug":"pouzdro-na-navijaky-se-2-prihradkami-do-15-000-37%d1%8519%d1%8514%d1%81m","status":"publish","type":"product","link":"https:\/\/profmontaz.cz\/velkoobchod\/produkt\/pouzdro-na-navijaky-se-2-prihradkami-do-15-000-37%d1%8519%d1%8514%d1%81m\/","title":{"rendered":"Pouzdro na navij\u00e1ky se 2 p\u0159ihr\u00e1dkami do 15 000 (37\u044519\u044514\u0441m)"},"content":{"rendered":"<div class=\"wpb-content-wrapper\"><p>[vc_row][vc_column]\t\t<div id=\"wd-683f1526baece\" class=\"wd-text-block wd-wpb reset-last-child wd-rs-683f1526baece text-center vc_custom_1748964649420\">\n\t\t\t<p>Polotuh\u00e9 pouzdro na kaprov\u00e9 a feederov\u00e9 navij\u00e1ky a\u017e do velikosti 15 000 podle klasifikace Shimano.<\/p>\n<p>Ur\u010deno pro bezpe\u010dn\u00e9 ulo\u017een\u00ed a p\u0159epravu smekac\u00edch navij\u00e1k\u016f. Uvnit\u0159 pouzdra je kapsi\u010dka pro ulo\u017een\u00ed drobnost\u00ed nebo \u010d\u00e1st\u00ed navij\u00e1ku. Pro pohodln\u00e9 p\u0159en\u00e1\u0161en\u00ed je vybaveno ergonomick\u00fdm dr\u017eadlem. Pouzdro je vyrobeno z odoln\u00e9 tkaniny PVC OXFORD D600.<\/p>\n<p>Pro ochranu navij\u00e1k\u016f a pro zaji\u0161t\u011bn\u00ed tuhosti jsou ve vnit\u0159n\u00edm polstrov\u00e1n\u00ed vlo\u017eky z PPE p\u011bny o tlou\u0161\u0165ce 7 mm.<\/p>\n<p>Rozm\u011bry pouzdra: 37\u00d719\u00d714 cm<\/p>\n<p>Materi\u00e1l: PVC OXFORD D600<\/p>\n\t\t<\/div>\n\t\t[\/vc_column][\/vc_row][vc_row][vc_column][vc_column_text css=&#8220;&#8220; woodmart_inline=&#8220;no&#8220; text_larger=&#8220;no&#8220;]<\/p>\n<p>[\/vc_column_text][\/vc_column][\/vc_row]<\/p>\n<\/div>","protected":false},"excerpt":{"rendered":"<p>[vc_row][vc_column][\/vc_column][\/vc_row][vc_row][vc_column][vc_column_text css=&#8220;&#8220; woodmart_inline=&#8220;no&#8220; text_larger=&#8220;no&#8220;] [\/vc_column_text][\/vc_column][\/vc_row]<\/p>\n","protected":false},"featured_media":2571,"template":"","meta":[],"product_brand":[64],"product_cat":[118],"product_tag":[],"class_list":{"0":"post-2570","1":"product","2":"type-product","3":"status-publish","4":"has-post-thumbnail","6":"product_brand-profmontaz","7":"product_cat-tasky-batohy-a-pouzdra","9":"first","10":"instock","11":"taxable","12":"shipping-taxable","13":"purchasable","14":"product-type-simple"},"_links":{"self":[{"href":"https:\/\/profmontaz.cz\/velkoobchod\/wp-json\/wp\/v2\/product\/2570","targetHints":{"allow":["GET"]}}],"collection":[{"href":"https:\/\/profmontaz.cz\/velkoobchod\/wp-json\/wp\/v2\/product"}],"about":[{"href":"https:\/\/profmontaz.cz\/velkoobchod\/wp-json\/wp\/v2\/types\/product"}],"wp:featuredmedia":[{"embeddable":true,"href":"https:\/\/profmontaz.cz\/velkoobchod\/wp-json\/wp\/v2\/media\/2571"}],"wp:attachment":[{"href":"https:\/\/profmontaz.cz\/velkoobchod\/wp-json\/wp\/v2\/media?parent=2570"}],"wp:term":[{"taxonomy":"product_brand","embeddable":true,"href":"https:\/\/profmontaz.cz\/velkoobchod\/wp-json\/wp\/v2\/product_brand?post=2570"},{"taxonomy":"product_cat","embeddable":true,"href":"https:\/\/profmontaz.cz\/velkoobchod\/wp-json\/wp\/v2\/product_cat?post=2570"},{"taxonomy":"product_tag","embeddable":true,"href":"https:\/\/profmontaz.cz\/velkoobchod\/wp-json\/wp\/v2\/product_tag?post=2570"}],"curies":[{"name":"wp","href":"https:\/\/api.w.org\/{rel}","templated":true}]}}