{"id":2576,"date":"2025-06-03T17:34:41","date_gmt":"2025-06-03T15:34:41","guid":{"rendered":"https:\/\/profmontaz.cz\/velkoobchod\/?post_type=product&#038;p=2576"},"modified":"2025-11-16T18:49:30","modified_gmt":"2025-11-16T17:49:30","slug":"pevne-pouzdro-na-navijaky-se-4-prihradkami-do-10-000-31%d1%8531%d1%8514cm","status":"publish","type":"product","link":"https:\/\/profmontaz.cz\/velkoobchod\/produkt\/pevne-pouzdro-na-navijaky-se-4-prihradkami-do-10-000-31%d1%8531%d1%8514cm\/","title":{"rendered":"Pevn\u00e9 pouzdro na navij\u00e1ky se 4 p\u0159ihr\u00e1dkami do 10 000 (31\u044531\u044514cm)"},"content":{"rendered":"<div class=\"wpb-content-wrapper\"><p>[vc_row][vc_column]\t\t<div id=\"wd-683f165023349\" class=\"wd-text-block wd-wpb reset-last-child wd-rs-683f165023349 text-center vc_custom_1748964966978\">\n\t\t\t<p>Pouzdro na 4 navij\u00e1ky do velikosti 10 000 \u2013 je ur\u010deno pro bezpe\u010dn\u00e9 ulo\u017een\u00ed a p\u0159epravu smekac\u00edch navij\u00e1k\u016f pro kaprov\u00fd nebo feederov\u00fd rybolov. Na v\u00edku pouzdra se nach\u00e1z\u00ed kapsa. Pro pohodln\u00fd transport je vybaveno ergonomick\u00fdm pogumovan\u00fdm dr\u017eadlem.<\/p>\n<p>Pouzdro je vyrobeno z pevn\u00e9 a vod\u011bodoln\u00e9 tkaniny PVC OXFORD D600. Snadno pojme 4 navij\u00e1ky do velikosti 17 000 podle \u010d\u00edslov\u00e1n\u00ed Shimano + n\u00e1hradn\u00ed c\u00edvky.<\/p>\n<p>Rozm\u011bry pouzdra: 31\u044531\u044514cm<\/p>\n\t\t<\/div>\n\t\t[\/vc_column][\/vc_row][vc_row][vc_column][vc_column_text css=&#8220;&#8220; woodmart_inline=&#8220;no&#8220; text_larger=&#8220;no&#8220;]<\/p>\n<p>[\/vc_column_text][\/vc_column][\/vc_row]<\/p>\n<\/div>","protected":false},"excerpt":{"rendered":"<p>[vc_row][vc_column][\/vc_column][\/vc_row][vc_row][vc_column][vc_column_text css=&#8220;&#8220; woodmart_inline=&#8220;no&#8220; text_larger=&#8220;no&#8220;] [\/vc_column_text][\/vc_column][\/vc_row]<\/p>\n","protected":false},"featured_media":2577,"template":"","meta":[],"product_brand":[64],"product_cat":[118],"product_tag":[],"class_list":{"0":"post-2576","1":"product","2":"type-product","3":"status-publish","4":"has-post-thumbnail","6":"product_brand-profmontaz","7":"product_cat-tasky-batohy-a-pouzdra","9":"first","10":"instock","11":"taxable","12":"shipping-taxable","13":"purchasable","14":"product-type-simple"},"_links":{"self":[{"href":"https:\/\/profmontaz.cz\/velkoobchod\/wp-json\/wp\/v2\/product\/2576","targetHints":{"allow":["GET"]}}],"collection":[{"href":"https:\/\/profmontaz.cz\/velkoobchod\/wp-json\/wp\/v2\/product"}],"about":[{"href":"https:\/\/profmontaz.cz\/velkoobchod\/wp-json\/wp\/v2\/types\/product"}],"wp:featuredmedia":[{"embeddable":true,"href":"https:\/\/profmontaz.cz\/velkoobchod\/wp-json\/wp\/v2\/media\/2577"}],"wp:attachment":[{"href":"https:\/\/profmontaz.cz\/velkoobchod\/wp-json\/wp\/v2\/media?parent=2576"}],"wp:term":[{"taxonomy":"product_brand","embeddable":true,"href":"https:\/\/profmontaz.cz\/velkoobchod\/wp-json\/wp\/v2\/product_brand?post=2576"},{"taxonomy":"product_cat","embeddable":true,"href":"https:\/\/profmontaz.cz\/velkoobchod\/wp-json\/wp\/v2\/product_cat?post=2576"},{"taxonomy":"product_tag","embeddable":true,"href":"https:\/\/profmontaz.cz\/velkoobchod\/wp-json\/wp\/v2\/product_tag?post=2576"}],"curies":[{"name":"wp","href":"https:\/\/api.w.org\/{rel}","templated":true}]}}