{"id":2578,"date":"2025-06-03T17:36:30","date_gmt":"2025-06-03T15:36:30","guid":{"rendered":"https:\/\/profmontaz.cz\/velkoobchod\/?post_type=product&#038;p=2578"},"modified":"2025-11-16T18:50:21","modified_gmt":"2025-11-16T17:50:21","slug":"pevne-pouzdro-na-navijaky-se-4-prihradkami-do-15-000-39%d1%8538%d1%8516%d1%81m","status":"publish","type":"product","link":"https:\/\/profmontaz.cz\/velkoobchod\/produkt\/pevne-pouzdro-na-navijaky-se-4-prihradkami-do-15-000-39%d1%8538%d1%8516%d1%81m\/","title":{"rendered":"Pevn\u00e9 pouzdro na navij\u00e1ky se 4 p\u0159ihr\u00e1dkami do 15 000 (39\u044538\u044516\u0441m)"},"content":{"rendered":"<div class=\"wpb-content-wrapper\"><p>[vc_row][vc_column]\t\t<div id=\"wd-683f1683edc14\" class=\"wd-text-block wd-wpb reset-last-child wd-rs-683f1683edc14 text-center vc_custom_1748965037621\">\n\t\t\t<p>Pevn\u00e9 pouzdro pro 4 navij\u00e1ky do velikosti 15 000 m\u00e1 zes\u00edlenou tvrdou konstrukci a je ur\u010deno pro p\u0159epravu velk\u00fdch kaprov\u00fdch nebo surfov\u00fdch navij\u00e1k\u016f do velikosti 15 000 podle \u010d\u00edslov\u00e1n\u00ed Shimano a tak\u00e9 n\u00e1hradn\u00edch c\u00edvek k nim.<\/p>\n<p>Pouzdro je vyrobeno z pevn\u00e9, vod\u011bodoln\u00e9 tkaniny Oxford 600D, vnit\u0159n\u00ed pod\u0161\u00edvka z vod\u011bodoln\u00e9ho materi\u00e1lu Oxford 115D, d\u00edky \u010demu\u017e m\u00e1 pouzdro dvojitou ochranu proti promoknut\u00ed. Krom\u011b toho jsou navij\u00e1ky v tomto pouzd\u0159e spolehliv\u011b chr\u00e1n\u011bny p\u0159ed p\u00e1dy a n\u00e1razy d\u00edky pevn\u00e9mu r\u00e1mu a v\u00fdplni z PPE materi\u00e1lu o tlou\u0161\u0165ce 5 mm.<\/p>\n<p>P\u0159ep\u00e1\u017eky mezi odd\u00edly rovn\u011b\u017e obsahuj\u00ed pevn\u00fd r\u00e1m a v\u00fdpl\u0148 z PPE o tlou\u0161\u0165ce 5 mm, p\u0159ipev\u0148uj\u00ed se ve t\u0159ech bodech, a v p\u0159\u00edpad\u011b pot\u0159eby je lze odejmout. Uvnit\u0159 pouzdra se nach\u00e1z\u00ed velk\u00e1 s\u00ed\u0165ovan\u00e1 kapsa o rozm\u011brech 35\u00d728 cm.<\/p>\n<p>Pro pohodln\u00e9 p\u0159en\u00e1\u0161en\u00ed je pouzdro vybaveno ergonomick\u00fdm pogumovan\u00fdm dr\u017eadlem.<\/p>\n<p>Na fotografii je jako p\u0159\u00edklad pou\u017eit obl\u00edben\u00fd kaprov\u00fd navij\u00e1k Shimano ULTEGRA 14000, kter\u00fd nen\u00ed sou\u010d\u00e1st\u00ed balen\u00ed.<\/p>\n\t\t<\/div>\n\t\t[\/vc_column][\/vc_row][vc_row][vc_column][vc_column_text css=&#8220;&#8220; woodmart_inline=&#8220;no&#8220; text_larger=&#8220;no&#8220;]<\/p>\n<p>[\/vc_column_text][\/vc_column][\/vc_row]<\/p>\n<\/div>","protected":false},"excerpt":{"rendered":"<p>[vc_row][vc_column][\/vc_column][\/vc_row][vc_row][vc_column][vc_column_text css=&#8220;&#8220; woodmart_inline=&#8220;no&#8220; text_larger=&#8220;no&#8220;] [\/vc_column_text][\/vc_column][\/vc_row]<\/p>\n","protected":false},"featured_media":2579,"template":"","meta":[],"product_brand":[64],"product_cat":[118],"product_tag":[],"class_list":{"0":"post-2578","1":"product","2":"type-product","3":"status-publish","4":"has-post-thumbnail","6":"product_brand-profmontaz","7":"product_cat-tasky-batohy-a-pouzdra","9":"first","10":"instock","11":"taxable","12":"shipping-taxable","13":"purchasable","14":"product-type-simple"},"_links":{"self":[{"href":"https:\/\/profmontaz.cz\/velkoobchod\/wp-json\/wp\/v2\/product\/2578","targetHints":{"allow":["GET"]}}],"collection":[{"href":"https:\/\/profmontaz.cz\/velkoobchod\/wp-json\/wp\/v2\/product"}],"about":[{"href":"https:\/\/profmontaz.cz\/velkoobchod\/wp-json\/wp\/v2\/types\/product"}],"wp:featuredmedia":[{"embeddable":true,"href":"https:\/\/profmontaz.cz\/velkoobchod\/wp-json\/wp\/v2\/media\/2579"}],"wp:attachment":[{"href":"https:\/\/profmontaz.cz\/velkoobchod\/wp-json\/wp\/v2\/media?parent=2578"}],"wp:term":[{"taxonomy":"product_brand","embeddable":true,"href":"https:\/\/profmontaz.cz\/velkoobchod\/wp-json\/wp\/v2\/product_brand?post=2578"},{"taxonomy":"product_cat","embeddable":true,"href":"https:\/\/profmontaz.cz\/velkoobchod\/wp-json\/wp\/v2\/product_cat?post=2578"},{"taxonomy":"product_tag","embeddable":true,"href":"https:\/\/profmontaz.cz\/velkoobchod\/wp-json\/wp\/v2\/product_tag?post=2578"}],"curies":[{"name":"wp","href":"https:\/\/api.w.org\/{rel}","templated":true}]}}