{"id":2580,"date":"2025-06-03T17:38:53","date_gmt":"2025-06-03T15:38:53","guid":{"rendered":"https:\/\/profmontaz.cz\/velkoobchod\/?post_type=product&#038;p=2580"},"modified":"2025-11-16T19:30:17","modified_gmt":"2025-11-16T18:30:17","slug":"taska-na-olova-se-4-prihradkami-20%d1%8516%d1%859%d1%81m","status":"publish","type":"product","link":"https:\/\/profmontaz.cz\/velkoobchod\/produkt\/taska-na-olova-se-4-prihradkami-20%d1%8516%d1%859%d1%81m\/","title":{"rendered":"Ta\u0161ka na olova se 4 p\u0159ihr\u00e1dkami (20\u044516\u04459\u0441m)"},"content":{"rendered":"<div class=\"wpb-content-wrapper\"><p>[vc_row][vc_column]\t\t<div id=\"wd-683f1738cf97d\" class=\"wd-text-block wd-wpb reset-last-child wd-rs-683f1738cf97d text-center vc_custom_1748965180344\">\n\t\t\t<p>Ta\u0161ka byla prim\u00e1rn\u011b navr\u017eena pro ulo\u017een\u00ed a p\u0159epravu ryb\u00e1\u0159sk\u00fdch olov, ale skv\u011ble se hod\u00ed i pro flat krm\u00edtka, boilies a dal\u0161\u00ed p\u0159\u00edslu\u0161enstv\u00ed. Uvnit\u0159 je ta\u0161ka rozd\u011blena na 4 odn\u00edmateln\u00e9 p\u0159ihr\u00e1dky, ka\u017ed\u00e1 z nich m\u00e1 pevnou vlo\u017eku a je spolehliv\u011b uchycena ve t\u0159ech bodech.<\/p>\n<p>Co je d\u016fle\u017eit\u00e9 \u2013 obsah jednotliv\u00fdch odd\u00edl\u016f se b\u011bhem pou\u017e\u00edv\u00e1n\u00ed nem\u00edch\u00e1 mezi sebou. Ryb\u00e1\u0159sk\u00e1 ta\u0161ka na olova je vyrobena z odoln\u00e9, opot\u0159eben\u00ed vzdorn\u00e9 tkaniny OxFord, spolehliv\u00fd dvojit\u00fd zip typu \u201etraktor\u201c v\u00e1s nikdy nezklame, a pro snadn\u00e9 p\u0159en\u00e1\u0161en\u00ed je vybavena pevn\u00fdm dr\u017eadlem.<\/p>\n<p>Rozm\u011bry ta\u0161ky: 20\u00d716\u00d79 cm<\/p>\n<p>Pro pohodln\u00e9 p\u0159en\u00e1\u0161en\u00ed je pouzdro vybaveno ergonomick\u00fdm pogumovan\u00fdm dr\u017eadlem.<\/p>\n<p>Na fotografii je jako p\u0159\u00edklad pou\u017eit obl\u00edben\u00fd kaprov\u00fd navij\u00e1k Shimano ULTEGRA 14000, kter\u00fd nen\u00ed sou\u010d\u00e1st\u00ed balen\u00ed.<\/p>\n\t\t<\/div>\n\t\t[\/vc_column][\/vc_row][vc_row][vc_column][vc_column_text css=&#8220;&#8220; woodmart_inline=&#8220;no&#8220; text_larger=&#8220;no&#8220;]<\/p>\n<p>[\/vc_column_text][\/vc_column][\/vc_row]<\/p>\n<\/div>","protected":false},"excerpt":{"rendered":"<p>[vc_row][vc_column][\/vc_column][\/vc_row][vc_row][vc_column][vc_column_text css=&#8220;&#8220; woodmart_inline=&#8220;no&#8220; text_larger=&#8220;no&#8220;] [\/vc_column_text][\/vc_column][\/vc_row]<\/p>\n","protected":false},"featured_media":2582,"template":"","meta":[],"product_brand":[64],"product_cat":[118],"product_tag":[],"class_list":{"0":"post-2580","1":"product","2":"type-product","3":"status-publish","4":"has-post-thumbnail","6":"product_brand-profmontaz","7":"product_cat-tasky-batohy-a-pouzdra","9":"first","10":"instock","11":"taxable","12":"shipping-taxable","13":"purchasable","14":"product-type-simple"},"_links":{"self":[{"href":"https:\/\/profmontaz.cz\/velkoobchod\/wp-json\/wp\/v2\/product\/2580","targetHints":{"allow":["GET"]}}],"collection":[{"href":"https:\/\/profmontaz.cz\/velkoobchod\/wp-json\/wp\/v2\/product"}],"about":[{"href":"https:\/\/profmontaz.cz\/velkoobchod\/wp-json\/wp\/v2\/types\/product"}],"wp:featuredmedia":[{"embeddable":true,"href":"https:\/\/profmontaz.cz\/velkoobchod\/wp-json\/wp\/v2\/media\/2582"}],"wp:attachment":[{"href":"https:\/\/profmontaz.cz\/velkoobchod\/wp-json\/wp\/v2\/media?parent=2580"}],"wp:term":[{"taxonomy":"product_brand","embeddable":true,"href":"https:\/\/profmontaz.cz\/velkoobchod\/wp-json\/wp\/v2\/product_brand?post=2580"},{"taxonomy":"product_cat","embeddable":true,"href":"https:\/\/profmontaz.cz\/velkoobchod\/wp-json\/wp\/v2\/product_cat?post=2580"},{"taxonomy":"product_tag","embeddable":true,"href":"https:\/\/profmontaz.cz\/velkoobchod\/wp-json\/wp\/v2\/product_tag?post=2580"}],"curies":[{"name":"wp","href":"https:\/\/api.w.org\/{rel}","templated":true}]}}