{"id":2583,"date":"2025-06-03T17:40:27","date_gmt":"2025-06-03T15:40:27","guid":{"rendered":"https:\/\/profmontaz.cz\/velkoobchod\/?post_type=product&#038;p=2583"},"modified":"2025-11-16T19:31:07","modified_gmt":"2025-11-16T18:31:07","slug":"taska-na-olova-se-6-prihradkami-22%d1%8518%d1%858%d1%81m","status":"publish","type":"product","link":"https:\/\/profmontaz.cz\/velkoobchod\/produkt\/taska-na-olova-se-6-prihradkami-22%d1%8518%d1%858%d1%81m\/","title":{"rendered":"Ta\u0161ka na olova se 6 p\u0159ihr\u00e1dkami 22\u044518\u04458\u0441m"},"content":{"rendered":"<p data-start=\"66\" data-end=\"276\">Ta\u0161ka je ide\u00e1ln\u00ed pro krm\u00edtka, olova, boilies a dal\u0161\u00ed ryb\u00e1\u0159sk\u00e9 dopl\u0148ky.<br data-start=\"136\" data-end=\"139\" \/>Rozm\u011bry ta\u0161ky: 22\u00d718\u00d78 cm, uvnit\u0159 se nach\u00e1z\u00ed 6 nastaviteln\u00fdch p\u0159ihr\u00e1dek, ka\u017ed\u00e1 m\u00e1 pevnou vlo\u017eku a je spolehliv\u011b upevn\u011bna ve t\u0159ech bodech.<\/p>\n<p data-start=\"278\" data-end=\"623\" data-is-last-node=\"\" data-is-only-node=\"\">D\u00edky t\u00e9m\u011b\u0159 monolitick\u00e9 konstrukci je ta\u0161ka skv\u011bl\u00e1 pro r\u016fzn\u00e9 druhy olov nebo krm\u00edtek, p\u0159i\u010dem\u017e obsah jednotliv\u00fdch odd\u00edl\u016f se b\u011bhem pou\u017e\u00edv\u00e1n\u00ed nem\u00edch\u00e1.<br data-start=\"424\" data-end=\"427\" \/>Ryb\u00e1\u0159sk\u00e1 ta\u0161ka na olova je vyrobena z pevn\u00e9, opot\u0159eben\u00ed odoln\u00e9 tkaniny OxFord, spolehliv\u00fd dvojit\u00fd zip typu \u201etraktor\u201c v\u00e1s nikdy nezklame. Pro snadn\u00e9 p\u0159en\u00e1\u0161en\u00ed je ta\u0161ka vybavena praktick\u00fdm dr\u017eadlem.<\/p>\n","protected":false},"excerpt":{"rendered":"<p>Ta\u0161ka je ide\u00e1ln\u00ed pro krm\u00edtka, olova, boilies a dal\u0161\u00ed ryb\u00e1\u0159sk\u00e9 dopl\u0148ky.Rozm\u011bry ta\u0161ky: 22\u00d718\u00d78 cm, uvnit\u0159 se nach\u00e1z\u00ed 6 nastaviteln\u00fdch p\u0159ihr\u00e1dek,<\/p>\n","protected":false},"featured_media":2584,"template":"","meta":[],"product_brand":[64],"product_cat":[118],"product_tag":[],"class_list":{"0":"post-2583","1":"product","2":"type-product","3":"status-publish","4":"has-post-thumbnail","6":"product_brand-profmontaz","7":"product_cat-tasky-batohy-a-pouzdra","9":"first","10":"instock","11":"taxable","12":"shipping-taxable","13":"purchasable","14":"product-type-simple"},"_links":{"self":[{"href":"https:\/\/profmontaz.cz\/velkoobchod\/wp-json\/wp\/v2\/product\/2583","targetHints":{"allow":["GET"]}}],"collection":[{"href":"https:\/\/profmontaz.cz\/velkoobchod\/wp-json\/wp\/v2\/product"}],"about":[{"href":"https:\/\/profmontaz.cz\/velkoobchod\/wp-json\/wp\/v2\/types\/product"}],"wp:featuredmedia":[{"embeddable":true,"href":"https:\/\/profmontaz.cz\/velkoobchod\/wp-json\/wp\/v2\/media\/2584"}],"wp:attachment":[{"href":"https:\/\/profmontaz.cz\/velkoobchod\/wp-json\/wp\/v2\/media?parent=2583"}],"wp:term":[{"taxonomy":"product_brand","embeddable":true,"href":"https:\/\/profmontaz.cz\/velkoobchod\/wp-json\/wp\/v2\/product_brand?post=2583"},{"taxonomy":"product_cat","embeddable":true,"href":"https:\/\/profmontaz.cz\/velkoobchod\/wp-json\/wp\/v2\/product_cat?post=2583"},{"taxonomy":"product_tag","embeddable":true,"href":"https:\/\/profmontaz.cz\/velkoobchod\/wp-json\/wp\/v2\/product_tag?post=2583"}],"curies":[{"name":"wp","href":"https:\/\/api.w.org\/{rel}","templated":true}]}}