{"id":2585,"date":"2025-06-03T17:42:39","date_gmt":"2025-06-03T15:42:39","guid":{"rendered":"https:\/\/profmontaz.cz\/velkoobchod\/?post_type=product&#038;p=2585"},"modified":"2025-11-16T18:43:02","modified_gmt":"2025-11-16T17:43:02","slug":"michaci-taska-na-krmeni-s-vikem-30%d1%8520%d1%81m","status":"publish","type":"product","link":"https:\/\/profmontaz.cz\/velkoobchod\/produkt\/michaci-taska-na-krmeni-s-vikem-30%d1%8520%d1%81m\/","title":{"rendered":"M\u00edchac\u00ed ta\u0161ka na krmen\u00ed s v\u00edkem (30\u044520\u0441m)"},"content":{"rendered":"<div class=\"wpb-content-wrapper\"><p>[vc_row][vc_column]\t\t<div id=\"wd-683f18167898c\" class=\"wd-text-block wd-wpb reset-last-child wd-rs-683f18167898c text-center vc_custom_1748965408313\">\n\t\t\t<p>Ta\u0161ka \u2013 kbel\u00edk na krmivo je vyrobena z odoln\u00e9 tkaniny OxFord 600D s vnit\u0159n\u00ed PVC vrstvou. Kbel\u00edk je nen\u00e1ro\u010dn\u00fd na \u00fadr\u017ebu a snadno se \u010dist\u00ed. P\u0159\u00edtomnost v\u00edka zabra\u0148uje vysych\u00e1n\u00ed p\u0159ipraven\u00e9ho krmiva, a pohodln\u00e1 dr\u017eadla usnad\u0148uj\u00ed p\u0159en\u00e1\u0161en\u00ed.<\/p>\n<p>Ve slo\u017een\u00e9m stavu m\u00e1 kbel\u00edk velmi kompaktn\u00ed rozm\u011bry. Je vhodn\u00fd pro m\u00edch\u00e1n\u00ed a\u017e 2 kg krmiva.<\/p>\n<p>Rozm\u011bry ta\u0161ky: 30\u00d720 cm<\/p>\n\t\t<\/div>\n\t\t[\/vc_column][\/vc_row][vc_row][vc_column][vc_column_text css=&#8220;&#8220; woodmart_inline=&#8220;no&#8220; text_larger=&#8220;no&#8220;]<\/p>\n<p>[\/vc_column_text][\/vc_column][\/vc_row]<\/p>\n<\/div>","protected":false},"excerpt":{"rendered":"<p>[vc_row][vc_column][\/vc_column][\/vc_row][vc_row][vc_column][vc_column_text css=&#8220;&#8220; woodmart_inline=&#8220;no&#8220; text_larger=&#8220;no&#8220;] [\/vc_column_text][\/vc_column][\/vc_row]<\/p>\n","protected":false},"featured_media":2586,"template":"","meta":[],"product_brand":[64],"product_cat":[118],"product_tag":[],"class_list":{"0":"post-2585","1":"product","2":"type-product","3":"status-publish","4":"has-post-thumbnail","6":"product_brand-profmontaz","7":"product_cat-tasky-batohy-a-pouzdra","9":"first","10":"instock","11":"taxable","12":"shipping-taxable","13":"purchasable","14":"product-type-simple"},"_links":{"self":[{"href":"https:\/\/profmontaz.cz\/velkoobchod\/wp-json\/wp\/v2\/product\/2585","targetHints":{"allow":["GET"]}}],"collection":[{"href":"https:\/\/profmontaz.cz\/velkoobchod\/wp-json\/wp\/v2\/product"}],"about":[{"href":"https:\/\/profmontaz.cz\/velkoobchod\/wp-json\/wp\/v2\/types\/product"}],"wp:featuredmedia":[{"embeddable":true,"href":"https:\/\/profmontaz.cz\/velkoobchod\/wp-json\/wp\/v2\/media\/2586"}],"wp:attachment":[{"href":"https:\/\/profmontaz.cz\/velkoobchod\/wp-json\/wp\/v2\/media?parent=2585"}],"wp:term":[{"taxonomy":"product_brand","embeddable":true,"href":"https:\/\/profmontaz.cz\/velkoobchod\/wp-json\/wp\/v2\/product_brand?post=2585"},{"taxonomy":"product_cat","embeddable":true,"href":"https:\/\/profmontaz.cz\/velkoobchod\/wp-json\/wp\/v2\/product_cat?post=2585"},{"taxonomy":"product_tag","embeddable":true,"href":"https:\/\/profmontaz.cz\/velkoobchod\/wp-json\/wp\/v2\/product_tag?post=2585"}],"curies":[{"name":"wp","href":"https:\/\/api.w.org\/{rel}","templated":true}]}}