{"id":2587,"date":"2025-06-03T21:16:35","date_gmt":"2025-06-03T19:16:35","guid":{"rendered":"https:\/\/profmontaz.cz\/velkoobchod\/?post_type=product&#038;p=2587"},"modified":"2025-11-16T19:21:03","modified_gmt":"2025-11-16T18:21:03","slug":"skladaci-kbelik-12l","status":"publish","type":"product","link":"https:\/\/profmontaz.cz\/velkoobchod\/produkt\/skladaci-kbelik-12l\/","title":{"rendered":"Skl\u00e1dac\u00ed Kbel\u00edk 12L"},"content":{"rendered":"<div class=\"wpb-content-wrapper\"><p>[vc_row][vc_column]\t\t<div id=\"wd-683f4a5b13439\" class=\"wd-text-block wd-wpb reset-last-child wd-rs-683f4a5b13439 text-center vc_custom_1748978271055\">\n\t\t\t<p>Kbel\u00edk na krmivo je vyroben z pr\u016fhledn\u00e9ho PVC, kter\u00fd se osv\u011bd\u010dil jako funk\u010dn\u00ed a praktick\u00fd materi\u00e1l. Kbel\u00edk nepohlcuje pachy, snadno se \u010dist\u00ed a ve slo\u017een\u00e9m stavu m\u00e1 kompaktn\u00ed rozm\u011bry.<\/p>\n<p>V\u00edko je pevn\u011b uchyceno oboustrann\u00fdm zipem, a pro pohodln\u00e9 p\u0159en\u00e1\u0161en\u00ed jsou k dispozici dr\u017eadla.<\/p>\n<p>Pr\u016fhledn\u00e1 ta\u0161ka\u2013kbel\u00edk je ide\u00e1ln\u00ed pro m\u00edch\u00e1n\u00ed krmiva, p\u0159epravu v\u011bc\u00ed nebo \u00falovku.<\/p>\n<p>Rozm\u011bry ta\u0161ky: 29\u00d722 cm<\/p>\n\t\t<\/div>\n\t\t[\/vc_column][\/vc_row][vc_row][vc_column][vc_column_text css=&#8220;&#8220; woodmart_inline=&#8220;no&#8220; text_larger=&#8220;no&#8220;]<\/p>\n<p>[\/vc_column_text][\/vc_column][\/vc_row]<\/p>\n<\/div>","protected":false},"excerpt":{"rendered":"<p>[vc_row][vc_column][\/vc_column][\/vc_row][vc_row][vc_column][vc_column_text css=&#8220;&#8220; woodmart_inline=&#8220;no&#8220; text_larger=&#8220;no&#8220;] [\/vc_column_text][\/vc_column][\/vc_row]<\/p>\n","protected":false},"featured_media":2588,"template":"","meta":[],"product_brand":[64],"product_cat":[118],"product_tag":[],"class_list":{"0":"post-2587","1":"product","2":"type-product","3":"status-publish","4":"has-post-thumbnail","6":"product_brand-profmontaz","7":"product_cat-tasky-batohy-a-pouzdra","9":"first","10":"instock","11":"taxable","12":"shipping-taxable","13":"purchasable","14":"product-type-simple"},"_links":{"self":[{"href":"https:\/\/profmontaz.cz\/velkoobchod\/wp-json\/wp\/v2\/product\/2587","targetHints":{"allow":["GET"]}}],"collection":[{"href":"https:\/\/profmontaz.cz\/velkoobchod\/wp-json\/wp\/v2\/product"}],"about":[{"href":"https:\/\/profmontaz.cz\/velkoobchod\/wp-json\/wp\/v2\/types\/product"}],"wp:featuredmedia":[{"embeddable":true,"href":"https:\/\/profmontaz.cz\/velkoobchod\/wp-json\/wp\/v2\/media\/2588"}],"wp:attachment":[{"href":"https:\/\/profmontaz.cz\/velkoobchod\/wp-json\/wp\/v2\/media?parent=2587"}],"wp:term":[{"taxonomy":"product_brand","embeddable":true,"href":"https:\/\/profmontaz.cz\/velkoobchod\/wp-json\/wp\/v2\/product_brand?post=2587"},{"taxonomy":"product_cat","embeddable":true,"href":"https:\/\/profmontaz.cz\/velkoobchod\/wp-json\/wp\/v2\/product_cat?post=2587"},{"taxonomy":"product_tag","embeddable":true,"href":"https:\/\/profmontaz.cz\/velkoobchod\/wp-json\/wp\/v2\/product_tag?post=2587"}],"curies":[{"name":"wp","href":"https:\/\/api.w.org\/{rel}","templated":true}]}}