{"id":2589,"date":"2025-06-03T21:18:22","date_gmt":"2025-06-03T19:18:22","guid":{"rendered":"https:\/\/profmontaz.cz\/velkoobchod\/?post_type=product&#038;p=2589"},"modified":"2025-11-16T19:00:36","modified_gmt":"2025-11-16T18:00:36","slug":"pouzdro-na-navazce-rig-box-big-26x35x3%d1%81m","status":"publish","type":"product","link":"https:\/\/profmontaz.cz\/velkoobchod\/produkt\/pouzdro-na-navazce-rig-box-big-26x35x3%d1%81m\/","title":{"rendered":"Pouzdro na n\u00e1vazce RIG-BOX BIG (26x35x3\u0441m)"},"content":{"rendered":"<div class=\"wpb-content-wrapper\"><p>[vc_row][vc_column]\t\t<div id=\"wd-683f4ad7afbd4\" class=\"wd-text-block wd-wpb reset-last-child wd-rs-683f4ad7afbd4 text-center vc_custom_1748978402306\">\n\t\t\t<p>Pouzdro na n\u00e1vazce RIG-BOX BIG pro 50 n\u00e1vazc\u016f (Khaki) \u2013 vyrobeno z kvalitn\u00edch a spolehliv\u00fdch materi\u00e1l\u016f. Vn\u011bj\u0161\u00ed tkanina je praktick\u00fd vodoodpudiv\u00fd Oxford. Vnit\u0159n\u00ed desky jsou vyrobeny z hust\u00e9ho EVA materi\u00e1lu. Na lev\u00e9 desce pro n\u00e1vazce je vyzna\u010dena m\u011b\u0159ic\u00ed stupnice do 27 cm. Pro fixaci n\u00e1vazce jsou ur\u010deny speci\u00e1ln\u00ed \u0161pendl\u00edky a ty\u010dka.<\/p>\n<p>Pouzdro na n\u00e1vazce RIG-BOX BIG snadno pojme a\u017e 50 hotov\u00fdch n\u00e1vazc\u016f. Pro zaji\u0161t\u011bn\u00ed pevnosti jsou uvnit\u0159 pouzdra instalov\u00e1ny v\u00fdztu\u017en\u00e9 desky.<\/p>\n<p>Je zde tak\u00e9 vnit\u0159n\u00ed odd\u00edl s 8 kapsami na h\u00e1\u010dky z jedn\u00e9 strany a jednou velkou kapsou o rozm\u011bru 30\u00d719 cm na p\u0159\u00edslu\u0161enstv\u00ed, olov\u011bn\u00e9 \u0161\u0148\u016fry a dal\u0161\u00ed vybaven\u00ed z druh\u00e9 strany. Takov\u00e9 pouzdro je ide\u00e1ln\u00ed pro ulo\u017een\u00ed a p\u0159epravu hotov\u00fdch n\u00e1vazc\u016f pro kaprov\u00fd rybolov.<\/p>\n<p>Rozm\u011bry pouzdra: 26\u00d735\u00d73,5 cm<\/p>\n\t\t<\/div>\n\t\t[\/vc_column][\/vc_row][vc_row][vc_column][vc_column_text css=&#8220;&#8220; woodmart_inline=&#8220;no&#8220; text_larger=&#8220;no&#8220;]<\/p>\n<p>[\/vc_column_text][\/vc_column][\/vc_row]<\/p>\n<\/div>","protected":false},"excerpt":{"rendered":"<p>[vc_row][vc_column][\/vc_column][\/vc_row][vc_row][vc_column][vc_column_text css=&#8220;&#8220; woodmart_inline=&#8220;no&#8220; text_larger=&#8220;no&#8220;] [\/vc_column_text][\/vc_column][\/vc_row]<\/p>\n","protected":false},"featured_media":2590,"template":"","meta":[],"product_brand":[64],"product_cat":[118],"product_tag":[],"class_list":{"0":"post-2589","1":"product","2":"type-product","3":"status-publish","4":"has-post-thumbnail","6":"product_brand-profmontaz","7":"product_cat-tasky-batohy-a-pouzdra","9":"first","10":"instock","11":"taxable","12":"shipping-taxable","13":"purchasable","14":"product-type-simple"},"_links":{"self":[{"href":"https:\/\/profmontaz.cz\/velkoobchod\/wp-json\/wp\/v2\/product\/2589","targetHints":{"allow":["GET"]}}],"collection":[{"href":"https:\/\/profmontaz.cz\/velkoobchod\/wp-json\/wp\/v2\/product"}],"about":[{"href":"https:\/\/profmontaz.cz\/velkoobchod\/wp-json\/wp\/v2\/types\/product"}],"wp:featuredmedia":[{"embeddable":true,"href":"https:\/\/profmontaz.cz\/velkoobchod\/wp-json\/wp\/v2\/media\/2590"}],"wp:attachment":[{"href":"https:\/\/profmontaz.cz\/velkoobchod\/wp-json\/wp\/v2\/media?parent=2589"}],"wp:term":[{"taxonomy":"product_brand","embeddable":true,"href":"https:\/\/profmontaz.cz\/velkoobchod\/wp-json\/wp\/v2\/product_brand?post=2589"},{"taxonomy":"product_cat","embeddable":true,"href":"https:\/\/profmontaz.cz\/velkoobchod\/wp-json\/wp\/v2\/product_cat?post=2589"},{"taxonomy":"product_tag","embeddable":true,"href":"https:\/\/profmontaz.cz\/velkoobchod\/wp-json\/wp\/v2\/product_tag?post=2589"}],"curies":[{"name":"wp","href":"https:\/\/api.w.org\/{rel}","templated":true}]}}