{"id":2596,"date":"2025-06-03T21:24:13","date_gmt":"2025-06-03T19:24:13","guid":{"rendered":"https:\/\/profmontaz.cz\/velkoobchod\/?post_type=product&#038;p=2596"},"modified":"2025-11-16T19:01:39","modified_gmt":"2025-11-16T18:01:39","slug":"pouzdro-na-navazce-rig-box-elite-34%d1%8521%d1%859%d1%81m","status":"publish","type":"product","link":"https:\/\/profmontaz.cz\/velkoobchod\/produkt\/pouzdro-na-navazce-rig-box-elite-34%d1%8521%d1%859%d1%81m\/","title":{"rendered":"Pouzdro na n\u00e1vazce Rig-Box Elite (34\u044521\u04459\u0441m)"},"content":{"rendered":"<div class=\"wpb-content-wrapper\"><p>[vc_row][vc_column]\t\t<div id=\"wd-683f4c1721b8c\" class=\"wd-text-block wd-wpb reset-last-child wd-rs-683f4c1721b8c text-center vc_custom_1748978714378\">\n\t\t\t<p>Ta\u0161ka\u2013pouzdro na n\u00e1vazce RIG-BOX ELITE je rozd\u011blena na 2 hlavn\u00ed odd\u00edly. V prvn\u00ed \u010d\u00e1sti se nach\u00e1z\u00ed velk\u00e9 pouzdro na n\u00e1vazce z materi\u00e1lu EVA, kter\u00e9 pojme v\u00edce ne\u017e 30 hotov\u00fdch n\u00e1vazc\u016f. EVA n\u00e1vazcov\u00e9 pouzdro lze snadno vyjmout z ta\u0161ky pro pohodlnou pr\u00e1ci s n\u00e1vazci.<\/p>\n<p>Druh\u00e9 odd\u011blen\u00ed m\u00e1 6 p\u0159ihr\u00e1dek, jejich\u017e st\u011bny lze libovoln\u011b p\u0159estavovat. Tato \u010d\u00e1st je ide\u00e1ln\u00ed pro v\u0161echny pot\u0159ebn\u00e9 dopl\u0148ky k v\u00fdrob\u011b hotov\u00fdch n\u00e1vazc\u016f. Pr\u016fhledn\u00e1 v\u00edka umo\u017e\u0148uj\u00ed snadno kontrolovat obsah ta\u0161ky.<\/p>\n<p>Materi\u00e1l ta\u0161ky je kvalitn\u00ed a odoln\u00fd Oxford 600.<\/p>\n<p>Rozm\u011bry pouzdra: 33\u00d721\u00d79 cm<\/p>\n\t\t<\/div>\n\t\t[\/vc_column][\/vc_row][vc_row][vc_column][vc_column_text css=&#8220;&#8220; woodmart_inline=&#8220;no&#8220; text_larger=&#8220;no&#8220;]<\/p>\n<p>[\/vc_column_text][\/vc_column][\/vc_row]<\/p>\n<\/div>","protected":false},"excerpt":{"rendered":"<p>[vc_row][vc_column][\/vc_column][\/vc_row][vc_row][vc_column][vc_column_text css=&#8220;&#8220; woodmart_inline=&#8220;no&#8220; text_larger=&#8220;no&#8220;] [\/vc_column_text][\/vc_column][\/vc_row]<\/p>\n","protected":false},"featured_media":2597,"template":"","meta":[],"product_brand":[64],"product_cat":[118],"product_tag":[],"class_list":{"0":"post-2596","1":"product","2":"type-product","3":"status-publish","4":"has-post-thumbnail","6":"product_brand-profmontaz","7":"product_cat-tasky-batohy-a-pouzdra","9":"first","10":"instock","11":"taxable","12":"shipping-taxable","13":"purchasable","14":"product-type-simple"},"_links":{"self":[{"href":"https:\/\/profmontaz.cz\/velkoobchod\/wp-json\/wp\/v2\/product\/2596","targetHints":{"allow":["GET"]}}],"collection":[{"href":"https:\/\/profmontaz.cz\/velkoobchod\/wp-json\/wp\/v2\/product"}],"about":[{"href":"https:\/\/profmontaz.cz\/velkoobchod\/wp-json\/wp\/v2\/types\/product"}],"wp:featuredmedia":[{"embeddable":true,"href":"https:\/\/profmontaz.cz\/velkoobchod\/wp-json\/wp\/v2\/media\/2597"}],"wp:attachment":[{"href":"https:\/\/profmontaz.cz\/velkoobchod\/wp-json\/wp\/v2\/media?parent=2596"}],"wp:term":[{"taxonomy":"product_brand","embeddable":true,"href":"https:\/\/profmontaz.cz\/velkoobchod\/wp-json\/wp\/v2\/product_brand?post=2596"},{"taxonomy":"product_cat","embeddable":true,"href":"https:\/\/profmontaz.cz\/velkoobchod\/wp-json\/wp\/v2\/product_cat?post=2596"},{"taxonomy":"product_tag","embeddable":true,"href":"https:\/\/profmontaz.cz\/velkoobchod\/wp-json\/wp\/v2\/product_tag?post=2596"}],"curies":[{"name":"wp","href":"https:\/\/api.w.org\/{rel}","templated":true}]}}