{"id":2599,"date":"2025-06-03T21:27:04","date_gmt":"2025-06-03T19:27:04","guid":{"rendered":"https:\/\/profmontaz.cz\/velkoobchod\/?post_type=product&#038;p=2599"},"modified":"2025-11-16T18:54:23","modified_gmt":"2025-11-16T17:54:23","slug":"pouzdro-na-navazce-crystal-case-medium-39%d1%8514%d1%852cm","status":"publish","type":"product","link":"https:\/\/profmontaz.cz\/velkoobchod\/produkt\/pouzdro-na-navazce-crystal-case-medium-39%d1%8514%d1%852cm\/","title":{"rendered":"Pouzdro na n\u00e1vazce Crystal Case Medium (39\u044514\u04452cm)"},"content":{"rendered":"<div class=\"wpb-content-wrapper\"><p>[vc_row][vc_column]\t\t<div id=\"wd-683f4cb28925c\" class=\"wd-text-block wd-wpb reset-last-child wd-rs-683f4cb28925c text-center vc_custom_1748978878368\">\n\t\t\t<p>Pouzdro na n\u00e1vazce Crystal Case Medium (39\u00d714\u00d72 cm) se vyzna\u010duje funk\u010dnost\u00ed a ergonomick\u00fdm designem. V\u00edko pouzdra je vyrobeno z pr\u016fhledn\u00e9ho PVC materi\u00e1lu, tak\u017ee snadno zkontrolujete, kter\u00e9 kaprov\u00e9, plavan\u00e9 nebo feederov\u00e9 n\u00e1vazce ji\u017e m\u00e1te p\u0159ipraven\u00e9.<\/p>\n<p>Na zadn\u00ed stran\u011b jsou um\u00edst\u011bny s\u00ed\u0165ovan\u00e9 kapsy pro n\u00e1hradn\u00ed h\u00e1\u010dky, r\u016fzn\u00e9 p\u0159\u00edslu\u0161enstv\u00ed, n\u00e1vazcov\u00fd materi\u00e1l nebo leadcore. Vnit\u0159n\u00ed vlo\u017eka na n\u00e1vazce je vyrobena z hust\u00e9ho EVA materi\u00e1lu.<\/p>\n<p>Pro upevn\u011bn\u00ed ka\u017ed\u00e9ho n\u00e1vazce jsou ur\u010deny speci\u00e1ln\u00ed \u0161pendl\u00edky a fixa\u010dn\u00ed ty\u010dka.<\/p>\n<p>Pouzdro Crystal Case Medium pojme a\u017e 20 hotov\u00fdch n\u00e1vazc\u016f. Pro zv\u00fd\u0161en\u00ed pevnosti jsou uvnit\u0159 pouzdra instalov\u00e1ny zesiluj\u00edc\u00ed v\u00fdztuhy.<\/p>\n<p>Takov\u00fd kuf\u0159\u00edk je ide\u00e1ln\u00ed pro ulo\u017een\u00ed a p\u0159epravu hotov\u00fdch n\u00e1vazc\u016f pro feederov\u00fd, kaprov\u00fd nebo plavan\u00fd rybolov.<\/p>\n<p>Rozm\u011bry pouzdra: 39\u00d714\u00d72 cm<\/p>\n\t\t<\/div>\n\t\t[\/vc_column][\/vc_row][vc_row][vc_column][vc_column_text css=&#8220;&#8220; woodmart_inline=&#8220;no&#8220; text_larger=&#8220;no&#8220;]<\/p>\n<p>[\/vc_column_text][\/vc_column][\/vc_row]<\/p>\n<\/div>","protected":false},"excerpt":{"rendered":"<p>[vc_row][vc_column][\/vc_column][\/vc_row][vc_row][vc_column][vc_column_text css=&#8220;&#8220; woodmart_inline=&#8220;no&#8220; text_larger=&#8220;no&#8220;] [\/vc_column_text][\/vc_column][\/vc_row]<\/p>\n","protected":false},"featured_media":2600,"template":"","meta":[],"product_brand":[64],"product_cat":[118],"product_tag":[],"class_list":{"0":"post-2599","1":"product","2":"type-product","3":"status-publish","4":"has-post-thumbnail","6":"product_brand-profmontaz","7":"product_cat-tasky-batohy-a-pouzdra","9":"first","10":"instock","11":"taxable","12":"shipping-taxable","13":"purchasable","14":"product-type-simple"},"_links":{"self":[{"href":"https:\/\/profmontaz.cz\/velkoobchod\/wp-json\/wp\/v2\/product\/2599","targetHints":{"allow":["GET"]}}],"collection":[{"href":"https:\/\/profmontaz.cz\/velkoobchod\/wp-json\/wp\/v2\/product"}],"about":[{"href":"https:\/\/profmontaz.cz\/velkoobchod\/wp-json\/wp\/v2\/types\/product"}],"wp:featuredmedia":[{"embeddable":true,"href":"https:\/\/profmontaz.cz\/velkoobchod\/wp-json\/wp\/v2\/media\/2600"}],"wp:attachment":[{"href":"https:\/\/profmontaz.cz\/velkoobchod\/wp-json\/wp\/v2\/media?parent=2599"}],"wp:term":[{"taxonomy":"product_brand","embeddable":true,"href":"https:\/\/profmontaz.cz\/velkoobchod\/wp-json\/wp\/v2\/product_brand?post=2599"},{"taxonomy":"product_cat","embeddable":true,"href":"https:\/\/profmontaz.cz\/velkoobchod\/wp-json\/wp\/v2\/product_cat?post=2599"},{"taxonomy":"product_tag","embeddable":true,"href":"https:\/\/profmontaz.cz\/velkoobchod\/wp-json\/wp\/v2\/product_tag?post=2599"}],"curies":[{"name":"wp","href":"https:\/\/api.w.org\/{rel}","templated":true}]}}