{"id":2603,"date":"2025-06-03T21:29:54","date_gmt":"2025-06-03T19:29:54","guid":{"rendered":"https:\/\/profmontaz.cz\/velkoobchod\/?post_type=product&#038;p=2603"},"modified":"2025-11-16T18:56:11","modified_gmt":"2025-11-16T17:56:11","slug":"pouzdro-na-navazce-organizer-na-bizuterii-khaki-barva-23%d1%8533%d1%854%d1%81m","status":"publish","type":"product","link":"https:\/\/profmontaz.cz\/velkoobchod\/produkt\/pouzdro-na-navazce-organizer-na-bizuterii-khaki-barva-23%d1%8533%d1%854%d1%81m\/","title":{"rendered":"Pouzdro na n\u00e1vazce Organiz\u00e9r na bi\u017euterii (khaki barva) 23\u044533\u04454\u0441m"},"content":{"rendered":"<div class=\"wpb-content-wrapper\"><p>[vc_row][vc_column]\t\t<div id=\"wd-683f4d682393b\" class=\"wd-text-block wd-wpb reset-last-child wd-rs-683f4d682393b text-center vc_custom_1748979057060\">\n\t\t\t<p>Ta\u0161ka obsahuje vyj\u00edmateln\u00e9 pouzdro na n\u00e1vazce z EVA materi\u00e1lu, p\u0159i\u010dem\u017e pr\u016fhledn\u00e9 v\u00edko umo\u017e\u0148uje snadnou kontrolu jeho obsahu. N\u00e1sleduj\u00edc\u00ed dva odd\u00edly jsou speci\u00e1ln\u011b navr\u017eeny pro ulo\u017een\u00ed a p\u0159epravu h\u00e1\u010dk\u016f, r\u016fzn\u00e9ho p\u0159\u00edslu\u0161enstv\u00ed, vlasc\u016f, pot\u0159ebn\u00e9ho n\u00e1\u0159ad\u00ed a dopl\u0148k\u016f p\u0159i ryba\u0159en\u00ed.<\/p>\n<p>Ta\u0161ka pot\u011b\u0161\u00ed u\u017eivatele promy\u0161lenou ergonomi\u00ed.<\/p>\n<p>St\u0159edn\u00ed p\u0159ep\u00e1\u017eka je ide\u00e1ln\u00ed pro ulo\u017een\u00ed mal\u00fdch s\u00e1\u010dk\u016f s h\u00e1\u010dky nebo bi\u017euteri\u00ed \u2014 ka\u017ed\u00e1 kapsa m\u00e1 rozm\u011br 7\u00d77 cm, celkem 24 pr\u016fhledn\u00fdch kapes.<\/p>\n<p>6 s\u00ed\u0165ovan\u00fdch kapes o rozm\u011bru 10\u00d79 cm je skv\u011bl\u00fdch pro skladov\u00e1n\u00ed vlasc\u016f, n\u00e1vazcov\u00e9ho materi\u00e1lu, r\u016fzn\u00fdch leadcor\u016f apod.<\/p>\n<p>Zadn\u00ed str\u00e1nka organiz\u00e9ru obsahuje velkou zipovou kapsu o velikosti 20\u00d714 cm.<\/p>\n<p>Naho\u0159e pod popruhem je vhodn\u00e9 m\u00edsto pro ulo\u017een\u00ed r\u016fzn\u00e9ho ryb\u00e1\u0159sk\u00e9ho n\u00e1\u0159ad\u00ed.<\/p>\n<p>Na zadn\u00ed stran\u011b organiz\u00e9ru je velk\u00e1 kapsa 21\u00d720 cm a pro snadn\u00e9 p\u0159en\u00e1\u0161en\u00ed \u2013 dr\u017eadlo\/popruh.<\/p>\n<p>Materi\u00e1l: pevn\u00e1 a spolehliv\u00e1 tkanina OXFORD 600D<\/p>\n<p>Rozm\u011bry organiz\u00e9ru: 23\u00d733\u00d74 cm<\/p>\n\t\t<\/div>\n\t\t[\/vc_column][\/vc_row][vc_row][vc_column][vc_column_text css=&#8220;&#8220; woodmart_inline=&#8220;no&#8220; text_larger=&#8220;no&#8220;]<\/p>\n<p>[\/vc_column_text][\/vc_column][\/vc_row]<\/p>\n<\/div>","protected":false},"excerpt":{"rendered":"<p>[vc_row][vc_column][\/vc_column][\/vc_row][vc_row][vc_column][vc_column_text css=&#8220;&#8220; woodmart_inline=&#8220;no&#8220; text_larger=&#8220;no&#8220;] [\/vc_column_text][\/vc_column][\/vc_row]<\/p>\n","protected":false},"featured_media":2604,"template":"","meta":[],"product_brand":[64],"product_cat":[118],"product_tag":[],"class_list":{"0":"post-2603","1":"product","2":"type-product","3":"status-publish","4":"has-post-thumbnail","6":"product_brand-profmontaz","7":"product_cat-tasky-batohy-a-pouzdra","9":"first","10":"instock","11":"taxable","12":"shipping-taxable","13":"purchasable","14":"product-type-simple"},"_links":{"self":[{"href":"https:\/\/profmontaz.cz\/velkoobchod\/wp-json\/wp\/v2\/product\/2603","targetHints":{"allow":["GET"]}}],"collection":[{"href":"https:\/\/profmontaz.cz\/velkoobchod\/wp-json\/wp\/v2\/product"}],"about":[{"href":"https:\/\/profmontaz.cz\/velkoobchod\/wp-json\/wp\/v2\/types\/product"}],"wp:featuredmedia":[{"embeddable":true,"href":"https:\/\/profmontaz.cz\/velkoobchod\/wp-json\/wp\/v2\/media\/2604"}],"wp:attachment":[{"href":"https:\/\/profmontaz.cz\/velkoobchod\/wp-json\/wp\/v2\/media?parent=2603"}],"wp:term":[{"taxonomy":"product_brand","embeddable":true,"href":"https:\/\/profmontaz.cz\/velkoobchod\/wp-json\/wp\/v2\/product_brand?post=2603"},{"taxonomy":"product_cat","embeddable":true,"href":"https:\/\/profmontaz.cz\/velkoobchod\/wp-json\/wp\/v2\/product_cat?post=2603"},{"taxonomy":"product_tag","embeddable":true,"href":"https:\/\/profmontaz.cz\/velkoobchod\/wp-json\/wp\/v2\/product_tag?post=2603"}],"curies":[{"name":"wp","href":"https:\/\/api.w.org\/{rel}","templated":true}]}}