{"id":2605,"date":"2025-06-03T21:31:15","date_gmt":"2025-06-03T19:31:15","guid":{"rendered":"https:\/\/profmontaz.cz\/velkoobchod\/?post_type=product&#038;p=2605"},"modified":"2025-11-16T18:57:55","modified_gmt":"2025-11-16T17:57:55","slug":"pouzdro-na-navazce-rig-spool-eva-12-ks-31%d1%8521%d1%852%d1%81%d0%bc","status":"publish","type":"product","link":"https:\/\/profmontaz.cz\/velkoobchod\/produkt\/pouzdro-na-navazce-rig-spool-eva-12-ks-31%d1%8521%d1%852%d1%81%d0%bc\/","title":{"rendered":"Pouzdro na n\u00e1vazce Rig Spool EVA 12 ks (31\u044521\u04452\u0441\u043c)"},"content":{"rendered":"<div class=\"wpb-content-wrapper\"><p>[vc_row][vc_column]\t\t<div id=\"wd-683f4e36f36d9\" class=\"wd-text-block wd-wpb reset-last-child wd-rs-683f4e36f36d9 text-center vc_custom_1748979262368\">\n\t\t\t<p>Pouzdro na n\u00e1vazce s pr\u016fhledn\u00fdm v\u00edkem pojme 12 EVA c\u00edvek na n\u00e1vazce. Na ka\u017ed\u00e9 c\u00edvce je pro pohodl\u00ed vygrav\u00edrovan\u00e9 pole pro ozna\u010den\u00ed pr\u016fm\u011bru vlasce a \u010d\u00edsla h\u00e1\u010dku. D\u00edky pr\u016fhledn\u00fdm kaps\u00e1m m\u016f\u017ee ryb\u00e1\u0159 rychle vybrat pot\u0159ebn\u00fd n\u00e1vazec.<\/p>\n<p>Na takov\u00e9 EVA c\u00edvce je pohodln\u00e9 uchov\u00e1vat dlouh\u00e9 n\u00e1vazce a\u017e do 2 metr\u016f, co\u017e je zvl\u00e1\u0161t\u011b praktick\u00e9 p\u0159i feederov\u00e9m rybolovu nebo p\u0159i kapra\u0159in\u011b s mont\u00e1\u017e\u00ed ZIG-RIG.<\/p>\n<p>Samotn\u00fd organiz\u00e9r je vyroben z odoln\u00e9ho pr\u016fhledn\u00e9ho PVC a tkaniny Oxford. Pro snadn\u00e9 p\u0159en\u00e1\u0161en\u00ed je vybaven dr\u017eadlem.<\/p>\n<p>Na zadn\u00ed stran\u011b organiz\u00e9ru je velk\u00e1 s\u00ed\u0165ovan\u00e1 kapsa o velikosti 19\u00d720 cm.<\/p>\n<p>Materi\u00e1l: pevn\u00e1 a spolehliv\u00e1 tkanina OXFORD 600D, pr\u016fhledn\u00e9 PVC<\/p>\n<p>Rozm\u011bry pouzdra: 31\u00d721\u00d72 cm<\/p>\n\t\t<\/div>\n\t\t[\/vc_column][\/vc_row][vc_row][vc_column][vc_column_text css=&#8220;&#8220; woodmart_inline=&#8220;no&#8220; text_larger=&#8220;no&#8220;]<\/p>\n<p>[\/vc_column_text][\/vc_column][\/vc_row]<\/p>\n<\/div>","protected":false},"excerpt":{"rendered":"<p>[vc_row][vc_column][\/vc_column][\/vc_row][vc_row][vc_column][vc_column_text css=&#8220;&#8220; woodmart_inline=&#8220;no&#8220; text_larger=&#8220;no&#8220;] [\/vc_column_text][\/vc_column][\/vc_row]<\/p>\n","protected":false},"featured_media":2608,"template":"","meta":[],"product_brand":[64],"product_cat":[118],"product_tag":[],"class_list":{"0":"post-2605","1":"product","2":"type-product","3":"status-publish","4":"has-post-thumbnail","6":"product_brand-profmontaz","7":"product_cat-tasky-batohy-a-pouzdra","9":"first","10":"instock","11":"taxable","12":"shipping-taxable","13":"purchasable","14":"product-type-simple"},"_links":{"self":[{"href":"https:\/\/profmontaz.cz\/velkoobchod\/wp-json\/wp\/v2\/product\/2605","targetHints":{"allow":["GET"]}}],"collection":[{"href":"https:\/\/profmontaz.cz\/velkoobchod\/wp-json\/wp\/v2\/product"}],"about":[{"href":"https:\/\/profmontaz.cz\/velkoobchod\/wp-json\/wp\/v2\/types\/product"}],"wp:featuredmedia":[{"embeddable":true,"href":"https:\/\/profmontaz.cz\/velkoobchod\/wp-json\/wp\/v2\/media\/2608"}],"wp:attachment":[{"href":"https:\/\/profmontaz.cz\/velkoobchod\/wp-json\/wp\/v2\/media?parent=2605"}],"wp:term":[{"taxonomy":"product_brand","embeddable":true,"href":"https:\/\/profmontaz.cz\/velkoobchod\/wp-json\/wp\/v2\/product_brand?post=2605"},{"taxonomy":"product_cat","embeddable":true,"href":"https:\/\/profmontaz.cz\/velkoobchod\/wp-json\/wp\/v2\/product_cat?post=2605"},{"taxonomy":"product_tag","embeddable":true,"href":"https:\/\/profmontaz.cz\/velkoobchod\/wp-json\/wp\/v2\/product_tag?post=2605"}],"curies":[{"name":"wp","href":"https:\/\/api.w.org\/{rel}","templated":true}]}}