{"id":2606,"date":"2025-06-03T21:31:23","date_gmt":"2025-06-03T19:31:23","guid":{"rendered":"https:\/\/profmontaz.cz\/velkoobchod\/?post_type=product&#038;p=2606"},"modified":"2025-11-16T18:57:06","modified_gmt":"2025-11-16T17:57:06","slug":"pouzdro-na-navazce-organizer-na-bizuterii-great-rigs","status":"publish","type":"product","link":"https:\/\/profmontaz.cz\/velkoobchod\/produkt\/pouzdro-na-navazce-organizer-na-bizuterii-great-rigs\/","title":{"rendered":"Pouzdro na n\u00e1vazce Organiz\u00e9r na bi\u017euterii GREAT-RIGS"},"content":{"rendered":"<div class=\"wpb-content-wrapper\"><p>[vc_row][vc_column]\t\t<div id=\"wd-683f4dcda183f\" class=\"wd-text-block wd-wpb reset-last-child wd-rs-683f4dcda183f text-center vc_custom_1748979157808\">\n\t\t\t<p>Organiz\u00e9r GREAT-RIGS spojuje pouzdro na n\u00e1vazce a praktick\u00fd organiz\u00e9r na h\u00e1\u010dky, bi\u017euterii, r\u016fzn\u00e9 dopl\u0148ky a n\u00e1\u0159ad\u00ed.<\/p>\n<p>Po otev\u0159en\u00ed prvn\u00edho odd\u00edlu organiz\u00e9ru pod pr\u016fhledn\u00fdm v\u00edkem uvid\u00edme velk\u00e9, vyj\u00edmateln\u00e9 pouzdro na n\u00e1vazce, ur\u010den\u00e9 pro kaprov\u00e9, feederov\u00e9 nebo plavan\u00e9 n\u00e1vazce. Toto pouzdro pojme a\u017e 50 hotov\u00fdch n\u00e1vazc\u016f.<\/p>\n<p>Otev\u0159en\u00edm dal\u0161\u00edho odd\u00edlu uvid\u00edme 2 velk\u00e9 kapsy o rozm\u011brech 18\u00d727 cm \u2013 jednu z pr\u016fhledn\u00e9ho PVC, druhou ze s\u00ed\u0165oviny.<\/p>\n<p>St\u0159edn\u00ed p\u0159ep\u00e1\u017eka je speci\u00e1ln\u011b navr\u017eena pro skladov\u00e1n\u00ed mal\u00fdch balen\u00ed s h\u00e1\u010dky nebo bi\u017euteri\u00ed.<\/p>\n<p>Obsahuje 18 kapes o rozm\u011bru 9\u00d79 cm a 3 \u0161irok\u00e9 kapsy o velikosti 18\u00d79 cm.<\/p>\n<p>Na posledn\u00ed stran\u011b \u0437\u043d\u0430\u0445\u043e\u0434\u0438\u0442\u044c\u0441\u044f 1 velk\u00e1 zipov\u00e1 kapsa 27\u00d712 cm a 2 \u00fazk\u00e9 kapsy 24\u00d77 cm, kter\u00e9 jsou ide\u00e1ln\u00ed pro ulo\u017een\u00ed vlasc\u016f, n\u00e1vazcov\u00e9ho materi\u00e1lu, r\u016fzn\u00fdch leadcor\u016f atd.<\/p>\n<p>Tak\u00e9 se zde nach\u00e1z\u00ed \u00fachyt pro n\u00e1\u0159ad\u00ed.<\/p>\n<p>Na vn\u011bj\u0161\u00ed stran\u011b ta\u0161ky je um\u00edst\u011bna velk\u00e1 s\u00ed\u0165ovan\u00e1 kapsa o rozm\u011brech 38\u00d722 cm.<\/p>\n<p>Ta\u0161ka pot\u011b\u0161\u00ed u\u017eivatele promy\u0161lenou ergonomi\u00ed.<\/p>\n<p>Rozm\u011bry organiz\u00e9ru: 40\u00d730\u00d74 cm<\/p>\n<p>Materi\u00e1l: OXFORD 600D<\/p>\n\t\t<\/div>\n\t\t[\/vc_column][\/vc_row][vc_row][vc_column][vc_column_text css=&#8220;&#8220; woodmart_inline=&#8220;no&#8220; text_larger=&#8220;no&#8220;]<\/p>\n<p>[\/vc_column_text][\/vc_column][\/vc_row]<\/p>\n<\/div>","protected":false},"excerpt":{"rendered":"<p>[vc_row][vc_column][\/vc_column][\/vc_row][vc_row][vc_column][vc_column_text css=&#8220;&#8220; woodmart_inline=&#8220;no&#8220; text_larger=&#8220;no&#8220;] [\/vc_column_text][\/vc_column][\/vc_row]<\/p>\n","protected":false},"featured_media":2607,"template":"","meta":[],"product_brand":[64],"product_cat":[118],"product_tag":[],"class_list":{"0":"post-2606","1":"product","2":"type-product","3":"status-publish","4":"has-post-thumbnail","6":"product_brand-profmontaz","7":"product_cat-tasky-batohy-a-pouzdra","9":"first","10":"instock","11":"taxable","12":"shipping-taxable","13":"purchasable","14":"product-type-simple"},"_links":{"self":[{"href":"https:\/\/profmontaz.cz\/velkoobchod\/wp-json\/wp\/v2\/product\/2606","targetHints":{"allow":["GET"]}}],"collection":[{"href":"https:\/\/profmontaz.cz\/velkoobchod\/wp-json\/wp\/v2\/product"}],"about":[{"href":"https:\/\/profmontaz.cz\/velkoobchod\/wp-json\/wp\/v2\/types\/product"}],"wp:featuredmedia":[{"embeddable":true,"href":"https:\/\/profmontaz.cz\/velkoobchod\/wp-json\/wp\/v2\/media\/2607"}],"wp:attachment":[{"href":"https:\/\/profmontaz.cz\/velkoobchod\/wp-json\/wp\/v2\/media?parent=2606"}],"wp:term":[{"taxonomy":"product_brand","embeddable":true,"href":"https:\/\/profmontaz.cz\/velkoobchod\/wp-json\/wp\/v2\/product_brand?post=2606"},{"taxonomy":"product_cat","embeddable":true,"href":"https:\/\/profmontaz.cz\/velkoobchod\/wp-json\/wp\/v2\/product_cat?post=2606"},{"taxonomy":"product_tag","embeddable":true,"href":"https:\/\/profmontaz.cz\/velkoobchod\/wp-json\/wp\/v2\/product_tag?post=2606"}],"curies":[{"name":"wp","href":"https:\/\/api.w.org\/{rel}","templated":true}]}}