{"id":2609,"date":"2025-06-03T21:38:21","date_gmt":"2025-06-03T19:38:21","guid":{"rendered":"https:\/\/profmontaz.cz\/velkoobchod\/?post_type=product&#038;p=2609"},"modified":"2025-11-16T19:10:47","modified_gmt":"2025-11-16T18:10:47","slug":"pouzdro-na-pruty-130%d1%81m-2-komory","status":"publish","type":"product","link":"https:\/\/profmontaz.cz\/velkoobchod\/produkt\/pouzdro-na-pruty-130%d1%81m-2-komory\/","title":{"rendered":"Pouzdro Na Pruty 130\u0441m 2 Komory"},"content":{"rendered":"<div class=\"wpb-content-wrapper\"><p>[vc_row][vc_column]\t\t<div id=\"wd-683f4f6d1ed01\" class=\"wd-text-block wd-wpb reset-last-child wd-rs-683f4f6d1ed01 text-center vc_custom_1748979573161\">\n\t\t\t<p>Pouzdro 130 cm na pruty s navij\u00e1ky se 2 odd\u00edly \u2013 je vyrobeno z odoln\u00e9, ot\u011bruvzdorn\u00e9 tkaniny PVC OXFORD D600 s pod\u0161\u00edvkou D75. Uvnit\u0159 m\u00e1 pouzdro 2 odd\u00edly, z nich\u017e ka\u017ed\u00fd pojme 2 pruty s navij\u00e1ky do velikosti 10 000 podle klasifikace Shimano. T\u00edm p\u00e1dem lze pouzdro pou\u017e\u00edt a\u017e pro 4 pruty s navij\u00e1ky.<\/p>\n<p>Na vn\u011bj\u0161\u00ed stran\u011b pouzdra je kapsa o rozm\u011brech 55\u00d710\u00d74 cm na vidli\u010dky a r\u016fzn\u00e9 ryb\u00e1\u0159sk\u00e9 dopl\u0148ky.<\/p>\n<p>Celkov\u00e1 d\u00e9lka pouzdra je 130 cm a hmotnost 700 g.<\/p>\n<p>Pro pohodln\u00fd transport je pouzdro vybaveno dr\u017eadlem a ramenn\u00edm popruhem.<\/p>\n\t\t<\/div>\n\t\t[\/vc_column][\/vc_row][vc_row][vc_column][vc_column_text css=&#8220;&#8220; woodmart_inline=&#8220;no&#8220; text_larger=&#8220;no&#8220;]<\/p>\n<p>[\/vc_column_text][\/vc_column][\/vc_row]<\/p>\n<\/div>","protected":false},"excerpt":{"rendered":"<p>[vc_row][vc_column][\/vc_column][\/vc_row][vc_row][vc_column][vc_column_text css=&#8220;&#8220; woodmart_inline=&#8220;no&#8220; text_larger=&#8220;no&#8220;] [\/vc_column_text][\/vc_column][\/vc_row]<\/p>\n","protected":false},"featured_media":2610,"template":"","meta":[],"product_brand":[64],"product_cat":[118],"product_tag":[],"class_list":{"0":"post-2609","1":"product","2":"type-product","3":"status-publish","4":"has-post-thumbnail","6":"product_brand-profmontaz","7":"product_cat-tasky-batohy-a-pouzdra","9":"first","10":"instock","11":"taxable","12":"shipping-taxable","13":"purchasable","14":"product-type-simple"},"_links":{"self":[{"href":"https:\/\/profmontaz.cz\/velkoobchod\/wp-json\/wp\/v2\/product\/2609","targetHints":{"allow":["GET"]}}],"collection":[{"href":"https:\/\/profmontaz.cz\/velkoobchod\/wp-json\/wp\/v2\/product"}],"about":[{"href":"https:\/\/profmontaz.cz\/velkoobchod\/wp-json\/wp\/v2\/types\/product"}],"wp:featuredmedia":[{"embeddable":true,"href":"https:\/\/profmontaz.cz\/velkoobchod\/wp-json\/wp\/v2\/media\/2610"}],"wp:attachment":[{"href":"https:\/\/profmontaz.cz\/velkoobchod\/wp-json\/wp\/v2\/media?parent=2609"}],"wp:term":[{"taxonomy":"product_brand","embeddable":true,"href":"https:\/\/profmontaz.cz\/velkoobchod\/wp-json\/wp\/v2\/product_brand?post=2609"},{"taxonomy":"product_cat","embeddable":true,"href":"https:\/\/profmontaz.cz\/velkoobchod\/wp-json\/wp\/v2\/product_cat?post=2609"},{"taxonomy":"product_tag","embeddable":true,"href":"https:\/\/profmontaz.cz\/velkoobchod\/wp-json\/wp\/v2\/product_tag?post=2609"}],"curies":[{"name":"wp","href":"https:\/\/api.w.org\/{rel}","templated":true}]}}