{"id":2611,"date":"2025-06-03T19:40:16","date_gmt":"2025-06-03T19:40:16","guid":{"rendered":"https:\/\/profmontaz.cz\/velkoobchod\/?post_type=product&#038;p=2611"},"modified":"2025-11-16T19:11:36","modified_gmt":"2025-11-16T18:11:36","slug":"pouzdro-na-pruty-150%d1%81m-2-komory-150%d1%8520%d1%8513%d1%81m","status":"publish","type":"product","link":"https:\/\/profmontaz.cz\/velkoobchod\/produkt\/pouzdro-na-pruty-150%d1%81m-2-komory-150%d1%8520%d1%8513%d1%81m\/","title":{"rendered":"Pouzdro Na Pruty 150\u0441m 2 Komory (150\u044520\u044513\u0441m)"},"content":{"rendered":"<div class=\"wpb-content-wrapper\"><p>[vc_row][vc_column]\t\t<div id=\"wd-683f5000c8287\" class=\"wd-text-block wd-wpb reset-last-child wd-rs-683f5000c8287 text-center vc_custom_1748979721838\">\n\t\t\t<p>Pouzdro 150 cm na pruty s navij\u00e1ky se 2 odd\u00edly \u2013 vyrobeno z pevn\u00e9, odoln\u00e9 tkaniny PVC OXFORD D600 s pod\u0161\u00edvkou D75 \u2013 tato tkanina je odoln\u00e1 v\u016f\u010di UV z\u00e1\u0159en\u00ed, vlhkosti a snadno se \u010dist\u00ed.<\/p>\n<p>Uvnit\u0159 m\u00e1 pouzdro 2 odd\u00edly, ka\u017ed\u00fd odd\u00edl pojme nejm\u00e9n\u011b 2 pruty s navij\u00e1ky do velikosti 10 000 podle klasifikace Shimano. T\u00edmto zp\u016fsobem m\u016f\u017ee b\u00fdt pouzdro pou\u017eito pro 4 a v\u00edce prut\u016f s navij\u00e1ky.<\/p>\n<p>Na vn\u011bj\u0161\u00ed stran\u011b pouzdra jsou 2 prostorn\u00e9 kapsy, velikost horn\u00ed kapsy je 41\u00d713\u00d74 cm, spodn\u00ed kapsa m\u00e1 velikost: 57\u00d713\u00d74 cm.<\/p>\n<p>Celkov\u00e1 d\u00e9lka pouzdra je 150 cm, hmotnost 880 g.<\/p>\n<p>Pro pohodlnou p\u0159epravu je k dispozici dr\u017eadlo a ramenn\u00ed popruh.<\/p>\n\t\t<\/div>\n\t\t[\/vc_column][\/vc_row]<\/p>\n<\/div>","protected":false},"excerpt":{"rendered":"<p>[vc_row][vc_column][\/vc_column][\/vc_row]<\/p>\n","protected":false},"featured_media":2612,"template":"","meta":[],"product_brand":[64],"product_cat":[118],"product_tag":[],"class_list":{"0":"post-2611","1":"product","2":"type-product","3":"status-publish","4":"has-post-thumbnail","6":"product_brand-profmontaz","7":"product_cat-tasky-batohy-a-pouzdra","9":"first","10":"instock","11":"taxable","12":"shipping-taxable","13":"purchasable","14":"product-type-simple"},"_links":{"self":[{"href":"https:\/\/profmontaz.cz\/velkoobchod\/wp-json\/wp\/v2\/product\/2611","targetHints":{"allow":["GET"]}}],"collection":[{"href":"https:\/\/profmontaz.cz\/velkoobchod\/wp-json\/wp\/v2\/product"}],"about":[{"href":"https:\/\/profmontaz.cz\/velkoobchod\/wp-json\/wp\/v2\/types\/product"}],"wp:featuredmedia":[{"embeddable":true,"href":"https:\/\/profmontaz.cz\/velkoobchod\/wp-json\/wp\/v2\/media\/2612"}],"wp:attachment":[{"href":"https:\/\/profmontaz.cz\/velkoobchod\/wp-json\/wp\/v2\/media?parent=2611"}],"wp:term":[{"taxonomy":"product_brand","embeddable":true,"href":"https:\/\/profmontaz.cz\/velkoobchod\/wp-json\/wp\/v2\/product_brand?post=2611"},{"taxonomy":"product_cat","embeddable":true,"href":"https:\/\/profmontaz.cz\/velkoobchod\/wp-json\/wp\/v2\/product_cat?post=2611"},{"taxonomy":"product_tag","embeddable":true,"href":"https:\/\/profmontaz.cz\/velkoobchod\/wp-json\/wp\/v2\/product_tag?post=2611"}],"curies":[{"name":"wp","href":"https:\/\/api.w.org\/{rel}","templated":true}]}}